{"id":15813,"date":"2022-10-14T20:56:15","date_gmt":"2022-10-14T17:56:15","guid":{"rendered":"https:\/\/baycelik.com.tr\/%d8%a7%d9%84%d8%b1%d8%a4%d9%8a%d8%a9-%d9%88%d8%a7%d9%84%d8%b1%d8%b3%d8%a7%d9%84%d8%a9\/"},"modified":"2023-05-19T17:00:10","modified_gmt":"2023-05-19T14:00:10","slug":"%d8%a7%d9%84%d8%b1%d8%a4%d9%8a%d8%a9-%d9%88%d8%a7%d9%84%d8%b1%d8%b3%d8%a7%d9%84%d8%a9","status":"publish","type":"page","link":"https:\/\/baycelik.com.tr\/ar\/%d8%a7%d9%84%d8%b1%d8%a4%d9%8a%d8%a9-%d9%88%d8%a7%d9%84%d8%b1%d8%b3%d8%a7%d9%84%d8%a9\/","title":{"rendered":"\u0627\u0644\u0631\u0624\u064a\u0629 \u0648\u0627\u0644\u0631\u0633\u0627\u0644\u0629"},"content":{"rendered":"<p>[vc_row][vc_column]<div class=\"agrikole-headings clearfix \" data-font=70 data-mfont=60 style=\"\"><div class=\"pre-heading clearfix\" style=\"font-weight:600;font-size:14px;letter-spacing:3px;\">\r\n\t\t\u0130LET\u0130\u015e\u0130M\r\n\t<\/div><h2 class=\"heading clearfix \" style=\"line-height:70px;font-size:70px;\">\r\n\t\t\u0623\u0631\u0633\u0644 \u0644\u0646\u0627 \u0631\u0633\u0627\u0644\u0629\u061b\r\n\t<\/h2><div class=\"sep clearfix\" style=\"margin:5px 0 0;\">\r\n\t\t\t\t<img decoding=\"async\" alt=\"image\" src=\"https:\/\/baycelik.com.tr\/wp-content\/uploads\/2020\/01\/separator.png\">\r\n\t\t\t<\/div><\/div>[\/vc_column][\/vc_row]<\/p>\n","protected":false},"excerpt":{"rendered":"<p>[vc_row][vc_column][\/vc_column][\/vc_row]<\/p>\n","protected":false},"author":1,"featured_media":0,"parent":0,"menu_order":0,"comment_status":"closed","ping_status":"closed","template":"","meta":{"footnotes":""},"class_list":["post-15813","page","type-page","status-publish","hentry"],"yoast_head":"<!-- This site is optimized with the Yoast SEO plugin v26.4 - https:\/\/yoast.com\/wordpress\/plugins\/seo\/ -->\n<title>\u0627\u0644\u0631\u0624\u064a\u0629 \u0648\u0627\u0644\u0631\u0633\u0627\u0644\u0629 - Baycelik<\/title>\n<meta name=\"robots\" content=\"index, follow, max-snippet:-1, max-image-preview:large, max-video-preview:-1\" \/>\n<link rel=\"canonical\" href=\"https:\/\/baycelik.com.tr\/ar\/\u0627\u0644\u0631\u0624\u064a\u0629-\u0648\u0627\u0644\u0631\u0633\u0627\u0644\u0629\/\" \/>\n<meta property=\"og:locale\" content=\"ar_AR\" \/>\n<meta property=\"og:type\" content=\"article\" \/>\n<meta property=\"og:title\" content=\"\u0627\u0644\u0631\u0624\u064a\u0629 \u0648\u0627\u0644\u0631\u0633\u0627\u0644\u0629 - Baycelik\" \/>\n<meta property=\"og:description\" content=\"[vc_row][vc_column][\/vc_column][\/vc_row]\" \/>\n<meta property=\"og:url\" content=\"https:\/\/baycelik.com.tr\/ar\/\u0627\u0644\u0631\u0624\u064a\u0629-\u0648\u0627\u0644\u0631\u0633\u0627\u0644\u0629\/\" \/>\n<meta property=\"og:site_name\" content=\"Baycelik\" \/>\n<meta property=\"article:modified_time\" content=\"2023-05-19T14:00:10+00:00\" \/>\n<meta name=\"twitter:card\" content=\"summary_large_image\" \/>\n<meta name=\"twitter:label1\" content=\"\u0648\u0642\u062a \u0627\u0644\u0642\u0631\u0627\u0621\u0629 \u0627\u0644\u0645\u064f\u0642\u062f\u0651\u0631\" \/>\n\t<meta name=\"twitter:data1\" content=\"1 \u062f\u0642\u064a\u0642\u0629\" \/>\n<script type=\"application\/ld+json\" class=\"yoast-schema-graph\">{\"@context\":\"https:\/\/schema.org\",\"@graph\":[{\"@type\":\"WebPage\",\"@id\":\"https:\/\/baycelik.com.tr\/ar\/%d8%a7%d9%84%d8%b1%d8%a4%d9%8a%d8%a9-%d9%88%d8%a7%d9%84%d8%b1%d8%b3%d8%a7%d9%84%d8%a9\/\",\"url\":\"https:\/\/baycelik.com.tr\/ar\/%d8%a7%d9%84%d8%b1%d8%a4%d9%8a%d8%a9-%d9%88%d8%a7%d9%84%d8%b1%d8%b3%d8%a7%d9%84%d8%a9\/\",\"name\":\"\u0627\u0644\u0631\u0624\u064a\u0629 \u0648\u0627\u0644\u0631\u0633\u0627\u0644\u0629 - Baycelik\",\"isPartOf\":{\"@id\":\"https:\/\/baycelik.com.tr\/#website\"},\"datePublished\":\"2022-10-14T17:56:15+00:00\",\"dateModified\":\"2023-05-19T14:00:10+00:00\",\"breadcrumb\":{\"@id\":\"https:\/\/baycelik.com.tr\/ar\/%d8%a7%d9%84%d8%b1%d8%a4%d9%8a%d8%a9-%d9%88%d8%a7%d9%84%d8%b1%d8%b3%d8%a7%d9%84%d8%a9\/#breadcrumb\"},\"inLanguage\":\"ar\",\"potentialAction\":[{\"@type\":\"ReadAction\",\"target\":[\"https:\/\/baycelik.com.tr\/ar\/%d8%a7%d9%84%d8%b1%d8%a4%d9%8a%d8%a9-%d9%88%d8%a7%d9%84%d8%b1%d8%b3%d8%a7%d9%84%d8%a9\/\"]}]},{\"@type\":\"BreadcrumbList\",\"@id\":\"https:\/\/baycelik.com.tr\/ar\/%d8%a7%d9%84%d8%b1%d8%a4%d9%8a%d8%a9-%d9%88%d8%a7%d9%84%d8%b1%d8%b3%d8%a7%d9%84%d8%a9\/#breadcrumb\",\"itemListElement\":[{\"@type\":\"ListItem\",\"position\":1,\"name\":\"Anasayfa\",\"item\":\"https:\/\/baycelik.com.tr\/ar\/\"},{\"@type\":\"ListItem\",\"position\":2,\"name\":\"\u0627\u0644\u0631\u0624\u064a\u0629 \u0648\u0627\u0644\u0631\u0633\u0627\u0644\u0629\"}]},{\"@type\":\"WebSite\",\"@id\":\"https:\/\/baycelik.com.tr\/#website\",\"url\":\"https:\/\/baycelik.com.tr\/\",\"name\":\"Baycelik\",\"description\":\"Ay\u00e7ekirde\u011fi ve Tar\u0131m \u00dcr\u00fcnleri\",\"publisher\":{\"@id\":\"https:\/\/baycelik.com.tr\/#organization\"},\"potentialAction\":[{\"@type\":\"SearchAction\",\"target\":{\"@type\":\"EntryPoint\",\"urlTemplate\":\"https:\/\/baycelik.com.tr\/?s={search_term_string}\"},\"query-input\":{\"@type\":\"PropertyValueSpecification\",\"valueRequired\":true,\"valueName\":\"search_term_string\"}}],\"inLanguage\":\"ar\"},{\"@type\":\"Organization\",\"@id\":\"https:\/\/baycelik.com.tr\/#organization\",\"name\":\"Baycelik\",\"url\":\"https:\/\/baycelik.com.tr\/\",\"logo\":{\"@type\":\"ImageObject\",\"inLanguage\":\"ar\",\"@id\":\"https:\/\/baycelik.com.tr\/#\/schema\/logo\/image\/\",\"url\":\"\",\"contentUrl\":\"\",\"caption\":\"Baycelik\"},\"image\":{\"@id\":\"https:\/\/baycelik.com.tr\/#\/schema\/logo\/image\/\"}}]}<\/script>\n<!-- \/ Yoast SEO plugin. -->","yoast_head_json":{"title":"\u0627\u0644\u0631\u0624\u064a\u0629 \u0648\u0627\u0644\u0631\u0633\u0627\u0644\u0629 - Baycelik","robots":{"index":"index","follow":"follow","max-snippet":"max-snippet:-1","max-image-preview":"max-image-preview:large","max-video-preview":"max-video-preview:-1"},"canonical":"https:\/\/baycelik.com.tr\/ar\/\u0627\u0644\u0631\u0624\u064a\u0629-\u0648\u0627\u0644\u0631\u0633\u0627\u0644\u0629\/","og_locale":"ar_AR","og_type":"article","og_title":"\u0627\u0644\u0631\u0624\u064a\u0629 \u0648\u0627\u0644\u0631\u0633\u0627\u0644\u0629 - Baycelik","og_description":"[vc_row][vc_column][\/vc_column][\/vc_row]","og_url":"https:\/\/baycelik.com.tr\/ar\/\u0627\u0644\u0631\u0624\u064a\u0629-\u0648\u0627\u0644\u0631\u0633\u0627\u0644\u0629\/","og_site_name":"Baycelik","article_modified_time":"2023-05-19T14:00:10+00:00","twitter_card":"summary_large_image","twitter_misc":{"\u0648\u0642\u062a \u0627\u0644\u0642\u0631\u0627\u0621\u0629 \u0627\u0644\u0645\u064f\u0642\u062f\u0651\u0631":"1 \u062f\u0642\u064a\u0642\u0629"},"schema":{"@context":"https:\/\/schema.org","@graph":[{"@type":"WebPage","@id":"https:\/\/baycelik.com.tr\/ar\/%d8%a7%d9%84%d8%b1%d8%a4%d9%8a%d8%a9-%d9%88%d8%a7%d9%84%d8%b1%d8%b3%d8%a7%d9%84%d8%a9\/","url":"https:\/\/baycelik.com.tr\/ar\/%d8%a7%d9%84%d8%b1%d8%a4%d9%8a%d8%a9-%d9%88%d8%a7%d9%84%d8%b1%d8%b3%d8%a7%d9%84%d8%a9\/","name":"\u0627\u0644\u0631\u0624\u064a\u0629 \u0648\u0627\u0644\u0631\u0633\u0627\u0644\u0629 - Baycelik","isPartOf":{"@id":"https:\/\/baycelik.com.tr\/#website"},"datePublished":"2022-10-14T17:56:15+00:00","dateModified":"2023-05-19T14:00:10+00:00","breadcrumb":{"@id":"https:\/\/baycelik.com.tr\/ar\/%d8%a7%d9%84%d8%b1%d8%a4%d9%8a%d8%a9-%d9%88%d8%a7%d9%84%d8%b1%d8%b3%d8%a7%d9%84%d8%a9\/#breadcrumb"},"inLanguage":"ar","potentialAction":[{"@type":"ReadAction","target":["https:\/\/baycelik.com.tr\/ar\/%d8%a7%d9%84%d8%b1%d8%a4%d9%8a%d8%a9-%d9%88%d8%a7%d9%84%d8%b1%d8%b3%d8%a7%d9%84%d8%a9\/"]}]},{"@type":"BreadcrumbList","@id":"https:\/\/baycelik.com.tr\/ar\/%d8%a7%d9%84%d8%b1%d8%a4%d9%8a%d8%a9-%d9%88%d8%a7%d9%84%d8%b1%d8%b3%d8%a7%d9%84%d8%a9\/#breadcrumb","itemListElement":[{"@type":"ListItem","position":1,"name":"Anasayfa","item":"https:\/\/baycelik.com.tr\/ar\/"},{"@type":"ListItem","position":2,"name":"\u0627\u0644\u0631\u0624\u064a\u0629 \u0648\u0627\u0644\u0631\u0633\u0627\u0644\u0629"}]},{"@type":"WebSite","@id":"https:\/\/baycelik.com.tr\/#website","url":"https:\/\/baycelik.com.tr\/","name":"Baycelik","description":"Ay\u00e7ekirde\u011fi ve Tar\u0131m \u00dcr\u00fcnleri","publisher":{"@id":"https:\/\/baycelik.com.tr\/#organization"},"potentialAction":[{"@type":"SearchAction","target":{"@type":"EntryPoint","urlTemplate":"https:\/\/baycelik.com.tr\/?s={search_term_string}"},"query-input":{"@type":"PropertyValueSpecification","valueRequired":true,"valueName":"search_term_string"}}],"inLanguage":"ar"},{"@type":"Organization","@id":"https:\/\/baycelik.com.tr\/#organization","name":"Baycelik","url":"https:\/\/baycelik.com.tr\/","logo":{"@type":"ImageObject","inLanguage":"ar","@id":"https:\/\/baycelik.com.tr\/#\/schema\/logo\/image\/","url":"","contentUrl":"","caption":"Baycelik"},"image":{"@id":"https:\/\/baycelik.com.tr\/#\/schema\/logo\/image\/"}}]}},"_links":{"self":[{"href":"https:\/\/baycelik.com.tr\/ar\/wp-json\/wp\/v2\/pages\/15813","targetHints":{"allow":["GET"]}}],"collection":[{"href":"https:\/\/baycelik.com.tr\/ar\/wp-json\/wp\/v2\/pages"}],"about":[{"href":"https:\/\/baycelik.com.tr\/ar\/wp-json\/wp\/v2\/types\/page"}],"author":[{"embeddable":true,"href":"https:\/\/baycelik.com.tr\/ar\/wp-json\/wp\/v2\/users\/1"}],"replies":[{"embeddable":true,"href":"https:\/\/baycelik.com.tr\/ar\/wp-json\/wp\/v2\/comments?post=15813"}],"version-history":[{"count":2,"href":"https:\/\/baycelik.com.tr\/ar\/wp-json\/wp\/v2\/pages\/15813\/revisions"}],"predecessor-version":[{"id":15815,"href":"https:\/\/baycelik.com.tr\/ar\/wp-json\/wp\/v2\/pages\/15813\/revisions\/15815"}],"wp:attachment":[{"href":"https:\/\/baycelik.com.tr\/ar\/wp-json\/wp\/v2\/media?parent=15813"}],"curies":[{"name":"wp","href":"https:\/\/api.w.org\/{rel}","templated":true}]}}