{"id":15839,"date":"2022-10-14T20:43:37","date_gmt":"2022-10-14T17:43:37","guid":{"rendered":"https:\/\/baycelik.com.tr\/%d8%a3%d8%ae%d8%a8%d8%a7%d8%b1\/"},"modified":"2023-05-19T17:01:29","modified_gmt":"2023-05-19T14:01:29","slug":"%d8%a3%d8%ae%d8%a8%d8%a7%d8%b1","status":"publish","type":"page","link":"https:\/\/baycelik.com.tr\/ar\/%d8%a3%d8%ae%d8%a8%d8%a7%d8%b1\/","title":{"rendered":"\u0623\u062e\u0628\u0627\u0631"},"content":{"rendered":"<p>[vc_row][vc_column]\r\n<div class=\"agrikole-news style-1 arrow-center offsetcenter offset-v0 arrow50\" data-auto=\"false\" data-column=\"3\" data-column2=\"2\" data-column3=\"1\" data-gap=\"30\">\r\n\t\r\n\t<div class=\"owl-carousel owl-theme\">\r\n    \r\n\t\t\t\t<div class=\"post-item clearfix\">\r\n\t\t\t<div class=\"inner\">\r\n\t\t\t<div class=\"image-wrap\"><div class=\"post-date-custom\"><span>15 \u0623\u0643\u062a\u0648\u0628\u0631, 2022<\/span><\/div><img decoding=\"async\" src=\"https:\/\/baycelik.com.tr\/wp-content\/uploads\/2022\/10\/aycicegi-1-480x400.jpeg\" alt=\"Image\"><\/div><div class=\"content-wrap\"><div class=\"meta\"><span class=\"author\"><a class=\"name\" href=\"https:\/\/baycelik.com.tr\/ar\/author\/baycelik\/\" title=\"View all posts by baycelik\">baycelik<\/a><\/span><span class=\"comment\"><a href=\"https:\/\/baycelik.com.tr\/ar\/%d9%85%d8%b1%d8%a7%d8%ad%d9%84-%d8%a5%d9%86%d8%aa%d8%a7%d8%ac-%d8%a8%d8%b0%d9%88%d8%b1-%d8%b9%d8%a8%d8%a7%d8%af-%d8%a7%d9%84%d8%b4%d9%85%d8%b3\/#respond\">0 comment<\/a><\/span><\/div><h3 class=\"title\"><span><a href=\"https:\/\/baycelik.com.tr\/ar\/%d9%85%d8%b1%d8%a7%d8%ad%d9%84-%d8%a5%d9%86%d8%aa%d8%a7%d8%ac-%d8%a8%d8%b0%d9%88%d8%b1-%d8%b9%d8%a8%d8%a7%d8%af-%d8%a7%d9%84%d8%b4%d9%85%d8%b3\/\">\u0645\u0631\u0627\u062d\u0644 \u0625\u0646\u062a\u0627\u062c \u0628\u0630\u0648\u0631 \u0639\u0628\u0627\u062f \u0627\u0644\u0634\u0645\u0633<\/a><\/span><\/h3><div class=\"post-link\"><a href=\"https:\/\/baycelik.com.tr\/ar\/%d9%85%d8%b1%d8%a7%d8%ad%d9%84-%d8%a5%d9%86%d8%aa%d8%a7%d8%ac-%d8%a8%d8%b0%d9%88%d8%b1-%d8%b9%d8%a8%d8%a7%d8%af-%d8%a7%d9%84%d8%b4%d9%85%d8%b3\/\" class=\"\"><span>Read More<\/span><\/a><\/div><\/div>\t        <\/div>\r\n\t    <\/div><!-- \/.posts-item -->\r\n\t    \r\n\t\r\n\t\t\t\t<div class=\"post-item clearfix\">\r\n\t\t\t<div class=\"inner\">\r\n\t\t\t<div class=\"image-wrap\"><div class=\"post-date-custom\"><span>14 \u0623\u0643\u062a\u0648\u0628\u0631, 2022<\/span><\/div><img decoding=\"async\" src=\"https:\/\/baycelik.com.tr\/wp-content\/uploads\/2022\/10\/ayciciegi-480x400.jpeg\" alt=\"Image\"><\/div><div class=\"content-wrap\"><div class=\"meta\"><span class=\"author\"><a class=\"name\" href=\"https:\/\/baycelik.com.tr\/ar\/author\/baycelik\/\" title=\"View all posts by baycelik\">baycelik<\/a><\/span><span class=\"comment\"><a href=\"https:\/\/baycelik.com.tr\/ar\/%d9%81%d9%88%d8%a7%d8%a6%d8%af-%d8%a8%d8%b0%d9%88%d8%b1-%d8%b9%d8%a8%d8%a7%d8%af-%d8%a7%d9%84%d8%b4%d9%85%d8%b3\/#respond\">0 comment<\/a><\/span><\/div><h3 class=\"title\"><span><a href=\"https:\/\/baycelik.com.tr\/ar\/%d9%81%d9%88%d8%a7%d8%a6%d8%af-%d8%a8%d8%b0%d9%88%d8%b1-%d8%b9%d8%a8%d8%a7%d8%af-%d8%a7%d9%84%d8%b4%d9%85%d8%b3\/\">\u0641\u0648\u0627\u0626\u062f \u0628\u0630\u0648\u0631 \u0639\u0628\u0627\u062f \u0627\u0644\u0634\u0645\u0633<\/a><\/span><\/h3><div class=\"post-link\"><a href=\"https:\/\/baycelik.com.tr\/ar\/%d9%81%d9%88%d8%a7%d8%a6%d8%af-%d8%a8%d8%b0%d9%88%d8%b1-%d8%b9%d8%a8%d8%a7%d8%af-%d8%a7%d9%84%d8%b4%d9%85%d8%b3\/\" class=\"\"><span>Read More<\/span><\/a><\/div><\/div>\t        <\/div>\r\n\t    <\/div><!-- \/.posts-item -->\r\n\t    \r\n\t\r\n\t\t\t\t<div class=\"post-item clearfix\">\r\n\t\t\t<div class=\"inner\">\r\n\t\t\t<div class=\"image-wrap\"><div class=\"post-date-custom\"><span>14 \u0623\u0643\u062a\u0648\u0628\u0631, 2022<\/span><\/div><img decoding=\"async\" src=\"https:\/\/baycelik.com.tr\/wp-content\/uploads\/2022\/10\/aycicegi-2-480x400.jpeg\" alt=\"Image\"><\/div><div class=\"content-wrap\"><div class=\"meta\"><span class=\"author\"><a class=\"name\" href=\"https:\/\/baycelik.com.tr\/ar\/author\/baycelik\/\" title=\"View all posts by baycelik\">baycelik<\/a><\/span><span class=\"comment\"><a href=\"https:\/\/baycelik.com.tr\/ar\/%d8%a7%d9%84%d9%82%d9%8a%d9%85%d8%a9-%d8%a7%d9%84%d8%ba%d8%b0%d8%a7%d8%a6%d9%8a%d8%a9-%d9%84%d8%a8%d8%b0%d9%88%d8%b1-%d8%b9%d8%a8%d8%a7%d8%af-%d8%a7%d9%84%d8%b4%d9%85%d8%b3\/#respond\">0 comment<\/a><\/span><\/div><h3 class=\"title\"><span><a href=\"https:\/\/baycelik.com.tr\/ar\/%d8%a7%d9%84%d9%82%d9%8a%d9%85%d8%a9-%d8%a7%d9%84%d8%ba%d8%b0%d8%a7%d8%a6%d9%8a%d8%a9-%d9%84%d8%a8%d8%b0%d9%88%d8%b1-%d8%b9%d8%a8%d8%a7%d8%af-%d8%a7%d9%84%d8%b4%d9%85%d8%b3\/\">\u0627\u0644\u0642\u064a\u0645\u0629 \u0627\u0644\u063a\u0630\u0627\u0626\u064a\u0629 \u0644\u0628\u0630\u0648\u0631 \u0639\u0628\u0627\u062f \u0627\u0644\u0634\u0645\u0633<\/a><\/span><\/h3><div class=\"post-link\"><a href=\"https:\/\/baycelik.com.tr\/ar\/%d8%a7%d9%84%d9%82%d9%8a%d9%85%d8%a9-%d8%a7%d9%84%d8%ba%d8%b0%d8%a7%d8%a6%d9%8a%d8%a9-%d9%84%d8%a8%d8%b0%d9%88%d8%b1-%d8%b9%d8%a8%d8%a7%d8%af-%d8%a7%d9%84%d8%b4%d9%85%d8%b3\/\" class=\"\"><span>Read More<\/span><\/a><\/div><\/div>\t        <\/div>\r\n\t    <\/div><!-- \/.posts-item -->\r\n\t    \r\n\t\t<\/div><!-- \/.owl-carousel -->\r\n\r\n\r\n<\/div><!-- \/.agrikole-news -->\r\n[\/vc_column][\/vc_row]<\/p>\n","protected":false},"excerpt":{"rendered":"<p>[vc_row][vc_column][\/vc_column][\/vc_row]<\/p>\n","protected":false},"author":1,"featured_media":0,"parent":0,"menu_order":0,"comment_status":"closed","ping_status":"closed","template":"","meta":{"footnotes":""},"class_list":["post-15839","page","type-page","status-publish","hentry"],"yoast_head":"<!-- This site is optimized with the Yoast SEO plugin v26.4 - https:\/\/yoast.com\/wordpress\/plugins\/seo\/ -->\n<title>\u0623\u062e\u0628\u0627\u0631 - Baycelik<\/title>\n<meta name=\"robots\" content=\"index, follow, max-snippet:-1, max-image-preview:large, max-video-preview:-1\" \/>\n<link rel=\"canonical\" href=\"https:\/\/baycelik.com.tr\/ar\/\u0623\u062e\u0628\u0627\u0631\/\" \/>\n<meta property=\"og:locale\" content=\"ar_AR\" \/>\n<meta property=\"og:type\" content=\"article\" \/>\n<meta property=\"og:title\" content=\"\u0623\u062e\u0628\u0627\u0631 - Baycelik\" \/>\n<meta property=\"og:description\" content=\"[vc_row][vc_column][\/vc_column][\/vc_row]\" \/>\n<meta property=\"og:url\" content=\"https:\/\/baycelik.com.tr\/ar\/\u0623\u062e\u0628\u0627\u0631\/\" \/>\n<meta property=\"og:site_name\" content=\"Baycelik\" \/>\n<meta property=\"article:modified_time\" content=\"2023-05-19T14:01:29+00:00\" \/>\n<meta name=\"twitter:card\" content=\"summary_large_image\" \/>\n<meta name=\"twitter:label1\" content=\"\u0648\u0642\u062a \u0627\u0644\u0642\u0631\u0627\u0621\u0629 \u0627\u0644\u0645\u064f\u0642\u062f\u0651\u0631\" \/>\n\t<meta name=\"twitter:data1\" content=\"1 \u062f\u0642\u064a\u0642\u0629\" \/>\n<script type=\"application\/ld+json\" class=\"yoast-schema-graph\">{\"@context\":\"https:\/\/schema.org\",\"@graph\":[{\"@type\":\"WebPage\",\"@id\":\"https:\/\/baycelik.com.tr\/ar\/%d8%a3%d8%ae%d8%a8%d8%a7%d8%b1\/\",\"url\":\"https:\/\/baycelik.com.tr\/ar\/%d8%a3%d8%ae%d8%a8%d8%a7%d8%b1\/\",\"name\":\"\u0623\u062e\u0628\u0627\u0631 - Baycelik\",\"isPartOf\":{\"@id\":\"https:\/\/baycelik.com.tr\/#website\"},\"datePublished\":\"2022-10-14T17:43:37+00:00\",\"dateModified\":\"2023-05-19T14:01:29+00:00\",\"breadcrumb\":{\"@id\":\"https:\/\/baycelik.com.tr\/ar\/%d8%a3%d8%ae%d8%a8%d8%a7%d8%b1\/#breadcrumb\"},\"inLanguage\":\"ar\",\"potentialAction\":[{\"@type\":\"ReadAction\",\"target\":[\"https:\/\/baycelik.com.tr\/ar\/%d8%a3%d8%ae%d8%a8%d8%a7%d8%b1\/\"]}]},{\"@type\":\"BreadcrumbList\",\"@id\":\"https:\/\/baycelik.com.tr\/ar\/%d8%a3%d8%ae%d8%a8%d8%a7%d8%b1\/#breadcrumb\",\"itemListElement\":[{\"@type\":\"ListItem\",\"position\":1,\"name\":\"Anasayfa\",\"item\":\"https:\/\/baycelik.com.tr\/ar\/\"},{\"@type\":\"ListItem\",\"position\":2,\"name\":\"\u0623\u062e\u0628\u0627\u0631\"}]},{\"@type\":\"WebSite\",\"@id\":\"https:\/\/baycelik.com.tr\/#website\",\"url\":\"https:\/\/baycelik.com.tr\/\",\"name\":\"Baycelik\",\"description\":\"Ay\u00e7ekirde\u011fi ve Tar\u0131m \u00dcr\u00fcnleri\",\"publisher\":{\"@id\":\"https:\/\/baycelik.com.tr\/#organization\"},\"potentialAction\":[{\"@type\":\"SearchAction\",\"target\":{\"@type\":\"EntryPoint\",\"urlTemplate\":\"https:\/\/baycelik.com.tr\/?s={search_term_string}\"},\"query-input\":{\"@type\":\"PropertyValueSpecification\",\"valueRequired\":true,\"valueName\":\"search_term_string\"}}],\"inLanguage\":\"ar\"},{\"@type\":\"Organization\",\"@id\":\"https:\/\/baycelik.com.tr\/#organization\",\"name\":\"Baycelik\",\"url\":\"https:\/\/baycelik.com.tr\/\",\"logo\":{\"@type\":\"ImageObject\",\"inLanguage\":\"ar\",\"@id\":\"https:\/\/baycelik.com.tr\/#\/schema\/logo\/image\/\",\"url\":\"\",\"contentUrl\":\"\",\"caption\":\"Baycelik\"},\"image\":{\"@id\":\"https:\/\/baycelik.com.tr\/#\/schema\/logo\/image\/\"}}]}<\/script>\n<!-- \/ Yoast SEO plugin. -->","yoast_head_json":{"title":"\u0623\u062e\u0628\u0627\u0631 - Baycelik","robots":{"index":"index","follow":"follow","max-snippet":"max-snippet:-1","max-image-preview":"max-image-preview:large","max-video-preview":"max-video-preview:-1"},"canonical":"https:\/\/baycelik.com.tr\/ar\/\u0623\u062e\u0628\u0627\u0631\/","og_locale":"ar_AR","og_type":"article","og_title":"\u0623\u062e\u0628\u0627\u0631 - Baycelik","og_description":"[vc_row][vc_column][\/vc_column][\/vc_row]","og_url":"https:\/\/baycelik.com.tr\/ar\/\u0623\u062e\u0628\u0627\u0631\/","og_site_name":"Baycelik","article_modified_time":"2023-05-19T14:01:29+00:00","twitter_card":"summary_large_image","twitter_misc":{"\u0648\u0642\u062a \u0627\u0644\u0642\u0631\u0627\u0621\u0629 \u0627\u0644\u0645\u064f\u0642\u062f\u0651\u0631":"1 \u062f\u0642\u064a\u0642\u0629"},"schema":{"@context":"https:\/\/schema.org","@graph":[{"@type":"WebPage","@id":"https:\/\/baycelik.com.tr\/ar\/%d8%a3%d8%ae%d8%a8%d8%a7%d8%b1\/","url":"https:\/\/baycelik.com.tr\/ar\/%d8%a3%d8%ae%d8%a8%d8%a7%d8%b1\/","name":"\u0623\u062e\u0628\u0627\u0631 - Baycelik","isPartOf":{"@id":"https:\/\/baycelik.com.tr\/#website"},"datePublished":"2022-10-14T17:43:37+00:00","dateModified":"2023-05-19T14:01:29+00:00","breadcrumb":{"@id":"https:\/\/baycelik.com.tr\/ar\/%d8%a3%d8%ae%d8%a8%d8%a7%d8%b1\/#breadcrumb"},"inLanguage":"ar","potentialAction":[{"@type":"ReadAction","target":["https:\/\/baycelik.com.tr\/ar\/%d8%a3%d8%ae%d8%a8%d8%a7%d8%b1\/"]}]},{"@type":"BreadcrumbList","@id":"https:\/\/baycelik.com.tr\/ar\/%d8%a3%d8%ae%d8%a8%d8%a7%d8%b1\/#breadcrumb","itemListElement":[{"@type":"ListItem","position":1,"name":"Anasayfa","item":"https:\/\/baycelik.com.tr\/ar\/"},{"@type":"ListItem","position":2,"name":"\u0623\u062e\u0628\u0627\u0631"}]},{"@type":"WebSite","@id":"https:\/\/baycelik.com.tr\/#website","url":"https:\/\/baycelik.com.tr\/","name":"Baycelik","description":"Ay\u00e7ekirde\u011fi ve Tar\u0131m \u00dcr\u00fcnleri","publisher":{"@id":"https:\/\/baycelik.com.tr\/#organization"},"potentialAction":[{"@type":"SearchAction","target":{"@type":"EntryPoint","urlTemplate":"https:\/\/baycelik.com.tr\/?s={search_term_string}"},"query-input":{"@type":"PropertyValueSpecification","valueRequired":true,"valueName":"search_term_string"}}],"inLanguage":"ar"},{"@type":"Organization","@id":"https:\/\/baycelik.com.tr\/#organization","name":"Baycelik","url":"https:\/\/baycelik.com.tr\/","logo":{"@type":"ImageObject","inLanguage":"ar","@id":"https:\/\/baycelik.com.tr\/#\/schema\/logo\/image\/","url":"","contentUrl":"","caption":"Baycelik"},"image":{"@id":"https:\/\/baycelik.com.tr\/#\/schema\/logo\/image\/"}}]}},"_links":{"self":[{"href":"https:\/\/baycelik.com.tr\/ar\/wp-json\/wp\/v2\/pages\/15839","targetHints":{"allow":["GET"]}}],"collection":[{"href":"https:\/\/baycelik.com.tr\/ar\/wp-json\/wp\/v2\/pages"}],"about":[{"href":"https:\/\/baycelik.com.tr\/ar\/wp-json\/wp\/v2\/types\/page"}],"author":[{"embeddable":true,"href":"https:\/\/baycelik.com.tr\/ar\/wp-json\/wp\/v2\/users\/1"}],"replies":[{"embeddable":true,"href":"https:\/\/baycelik.com.tr\/ar\/wp-json\/wp\/v2\/comments?post=15839"}],"version-history":[{"count":2,"href":"https:\/\/baycelik.com.tr\/ar\/wp-json\/wp\/v2\/pages\/15839\/revisions"}],"predecessor-version":[{"id":15903,"href":"https:\/\/baycelik.com.tr\/ar\/wp-json\/wp\/v2\/pages\/15839\/revisions\/15903"}],"wp:attachment":[{"href":"https:\/\/baycelik.com.tr\/ar\/wp-json\/wp\/v2\/media?parent=15839"}],"curies":[{"name":"wp","href":"https:\/\/api.w.org\/{rel}","templated":true}]}}