{"id":15843,"date":"2022-10-15T00:05:50","date_gmt":"2022-10-14T21:05:50","guid":{"rendered":"https:\/\/baycelik.com.tr\/%d8%aa%d9%88%d8%a7%d8%b5%d9%84\/"},"modified":"2023-05-19T17:00:43","modified_gmt":"2023-05-19T14:00:43","slug":"%d8%aa%d9%88%d8%a7%d8%b5%d9%84","status":"publish","type":"page","link":"https:\/\/baycelik.com.tr\/ar\/%d8%aa%d9%88%d8%a7%d8%b5%d9%84\/","title":{"rendered":"\u062a\u0648\u0627\u0635\u0644"},"content":{"rendered":"<p>[vc_row][vc_column]\r\n\t<div class=\"agrikole-spacer clearfix\" data-desktop=\"120\" data-mobi=\"60\" data-smobi=\"60\"><\/div>[vc_row_inner el_class=&#8221;half-on-991&#8243;][vc_column_inner width=&#8221;1\/4&#8243;]<div class=\"agrikole-content-box clearfix \" data-padding=\"40px 50px 40px\" data-mobipadding=\"40px 50px 40px\" data-margin=\"\" data-mobimargin=\"\" >\r\n\t\t<div class=\"inner ctb-975266248\" style=\"\"  data-background=\"#f5f0e9\" data-rounded=\"5px\" data-border-color=\"#f5f0e9\" data-border-width=\"1px\" data-border-style=\"solid\" data-background-hover=\"#f5f0e9\" data-rounded-hover=\"5px\" data-border-color-hover=\"#f5f0e9\" data-border-width-hover=\"1px\" data-border-style-hover=\"solid\" data-translatey=\"-5\">\r\n\t\t\t<div class=\"agrikole-headings clearfix \" data-font=30 style=\"\"><h3 class=\"heading clearfix \" style=\"margin-bottom:17px;font-size:30px;\">\r\n\t\t\u0639\u0646\u0648\u0627\u0646\r\n\t<\/h3><div class=\"sub-heading clearfix\">\r\n\t\t<p><span>\u0637\u0631\u064a\u0642 \u0633\u064a\u0641\u0631\u064a\u0644 \u062f\u0646\u064a\u0632\u0644\u064a \u0627\u0644\u0633\u0631\u064a\u0639 13. \u0643\u0645 <\/span><span>\u0643\u064a\u0632\u064a\u0644\u0643\u0627\u064a\u0631 \u0645\u0627\u0647. CIVRIL \/ DENIZLI<\/span><\/p>\n\r\n\t<\/div><\/div>\r\n\t\t<\/div>\r\n\t<\/div>\r\n\t<div class=\"agrikole-spacer clearfix\" data-desktop=\"0\" data-mobi=\"30\" data-smobi=\"30\"><\/div>[\/vc_column_inner][vc_column_inner width=&#8221;1\/4&#8243;]<div class=\"agrikole-content-box clearfix \" data-padding=\"40px 50px 40px\" data-mobipadding=\"40px 50px 40px\" data-margin=\"\" data-mobimargin=\"\" >\r\n\t\t<div class=\"inner ctb-1018935238\" style=\"\"  data-background=\"\" data-rounded=\"5px\" data-border-color=\"#f5f0e9\" data-border-width=\"1px\" data-border-style=\"solid\" data-background-hover=\"#f5f0e9\" data-rounded-hover=\"5px\" data-border-color-hover=\"#f5f0e9\" data-border-width-hover=\"1px\" data-border-style-hover=\"solid\" data-translatey=\"-5\">\r\n\t\t\t<div class=\"agrikole-headings clearfix \" data-font=30 style=\"\"><h3 class=\"heading clearfix \" style=\"margin-bottom:17px;font-size:30px;\">\r\n\t\t\u0628\u0631\u064a\u062f\r\n\t<\/h3><div class=\"sub-heading clearfix\">\r\n\t\t<p>info@baycelik.com.tr<\/p>\n\r\n\t<\/div><\/div>\r\n\t\t<\/div>\r\n\t<\/div>[\/vc_column_inner][vc_column_inner width=&#8221;1\/4&#8243;]<div class=\"agrikole-content-box clearfix \" data-padding=\"40px 50px 40px\" data-mobipadding=\"40px 50px 40px\" data-margin=\"\" data-mobimargin=\"\" >\r\n\t\t<div class=\"inner ctb-937275206\" style=\"\"  data-background=\"\" data-rounded=\"5px\" data-border-color=\"#f5f0e9\" data-border-width=\"1px\" data-border-style=\"solid\" data-background-hover=\"#f5f0e9\" data-rounded-hover=\"5px\" data-border-color-hover=\"#f5f0e9\" data-border-width-hover=\"1px\" data-border-style-hover=\"solid\" data-translatey=\"-5\">\r\n\t\t\t<div class=\"agrikole-headings clearfix \" data-font=30 style=\"\"><h3 class=\"heading clearfix \" style=\"margin-bottom:17px;font-size:30px;\">\r\n\t\t\u0647\u0627\u062a\u0641\r\n\t<\/h3><div class=\"sub-heading clearfix\">\r\n\t\t<p><span>+90 <\/span><span>258 729 11 52<\/span><\/p>\n\r\n\t<\/div><\/div>\r\n\t\t<\/div>\r\n\t<\/div>\r\n\t<div class=\"agrikole-spacer clearfix\" data-desktop=\"0\" data-mobi=\"30\" data-smobi=\"30\"><\/div>[\/vc_column_inner][vc_column_inner width=&#8221;1\/4&#8243;]<div class=\"agrikole-content-box clearfix \" data-padding=\"40px 50px 40px\" data-mobipadding=\"40px 50px 40px\" data-margin=\"\" data-mobimargin=\"\" >\r\n\t\t<div class=\"inner ctb-352727107\" style=\"\"  data-background=\"\" data-rounded=\"5px\" data-border-color=\"#f5f0e9\" data-border-width=\"1px\" data-border-style=\"solid\" data-background-hover=\"#f5f0e9\" data-rounded-hover=\"5px\" data-border-color-hover=\"#f5f0e9\" data-border-width-hover=\"1px\" data-border-style-hover=\"solid\" data-translatey=\"-5\">\r\n\t\t\t<div class=\"agrikole-headings clearfix \" data-font=30 style=\"\"><h3 class=\"heading clearfix \" style=\"margin-bottom:17px;font-size:30px;\">\r\n\t\t\u0641\u0627\u0643\u0633\r\n\t<\/h3><div class=\"sub-heading clearfix\">\r\n\t\t<p><span>+90 258 729 12 13<\/span><\/p>\n\r\n\t<\/div><\/div>\r\n\t\t<\/div>\r\n\t<\/div>\r\n\t<div class=\"agrikole-spacer clearfix\" data-desktop=\"0\" data-mobi=\"30\" data-smobi=\"30\"><\/div>[\/vc_column_inner][\/vc_row_inner]\r\n\t<div class=\"agrikole-spacer clearfix\" data-desktop=\"120\" data-mobi=\"60\" data-smobi=\"60\"><\/div>[\/vc_column][\/vc_row][vc_row][vc_column][vc_row_inner][vc_column_inner width=&#8221;1\/2&#8243; halfbg=&#8221;color&#8221; halfbg_color=&#8221;#5b8c51&#8243; halfbg_rounded=&#8221;0px 5px 0px 0px&#8221;]\r\n\t<div class=\"agrikole-spacer clearfix\" data-desktop=\"112\" data-mobi=\"60\" data-smobi=\"60\"><\/div><div class=\"agrikole-headings clearfix \" data-font=70 data-mfont=60 style=\"\"><div class=\"pre-heading clearfix\" style=\"font-weight:600;color:#ffffff;font-size:14px;letter-spacing:3px;\">\r\n\t\t\u0130LET\u0130\u015e\u0130M\r\n\t<\/div><h2 class=\"heading clearfix \" style=\"color:#ffffff;line-height:70px;font-size:70px;\">\r\n\t\t\u0623\u0631\u0633\u0644 \u0644\u0646\u0627 \u0631\u0633\u0627\u0644\u0629\u061b\r\n\t<\/h2><div class=\"sep clearfix\" style=\"margin:5px 0 0;\">\r\n\t\t\t\t<img decoding=\"async\" alt=\"image\" src=\"https:\/\/baycelik.com.tr\/wp-content\/uploads\/2020\/01\/separator.png\">\r\n\t\t\t<\/div><\/div>\r\n\t<div class=\"agrikole-spacer clearfix\" data-desktop=\"56\" data-mobi=\"40\" data-smobi=\"40\"><\/div><div class=\"agrikole-content-box clearfix \" data-padding=\"0px 105px 0px 0px\" data-mobipadding=\"0px 0px 0px 0px\" data-margin=\"\" data-mobimargin=\"\" >\r\n\t\t<div class=\"inner ctb-706042431\" style=\"\"  data-background=\"\" data-border-style=\"solid\" data-border-style-hover=\"solid\">\r\n\t\t\t<div class=\"agrikole-cf7  bg-white btn-accent\">\n<div class=\"wpcf7 no-js\" id=\"wpcf7-f4437-o1\" lang=\"en-US\" dir=\"ltr\" data-wpcf7-id=\"4437\">\n<div class=\"screen-reader-response\"><p role=\"status\" aria-live=\"polite\" aria-atomic=\"true\"><\/p> <ul><\/ul><\/div>\n<form action=\"\/ar\/wp-json\/wp\/v2\/pages\/15843#wpcf7-f4437-o1\" method=\"post\" class=\"wpcf7-form init\" aria-label=\"Contact form\" novalidate=\"novalidate\" data-status=\"init\">\n<fieldset class=\"hidden-fields-container\"><input type=\"hidden\" name=\"_wpcf7\" value=\"4437\" \/><input type=\"hidden\" name=\"_wpcf7_version\" value=\"6.1.3\" \/><input type=\"hidden\" name=\"_wpcf7_locale\" value=\"en_US\" \/><input type=\"hidden\" name=\"_wpcf7_unit_tag\" value=\"wpcf7-f4437-o1\" \/><input type=\"hidden\" name=\"_wpcf7_container_post\" value=\"0\" \/><input type=\"hidden\" name=\"_wpcf7_posted_data_hash\" value=\"\" \/>\n<\/fieldset>\n<div class=\"input-wrap clearfix\">\n\t<div class=\"name-wrap\">\n\t\t<p><span class=\"wpcf7-form-control-wrap\" data-name=\"your-name\"><input size=\"40\" maxlength=\"400\" class=\"wpcf7-form-control wpcf7-text wpcf7-validates-as-required\" aria-required=\"true\" aria-invalid=\"false\" placeholder=\"Ad ve Soyad\" value=\"\" type=\"text\" name=\"your-name\" \/><\/span>\n\t\t<\/p>\n\t<\/div>\n\t<div class=\"email-wrap\">\n\t\t<p><span class=\"wpcf7-form-control-wrap\" data-name=\"your-email\"><input size=\"40\" maxlength=\"400\" class=\"wpcf7-form-control wpcf7-email wpcf7-validates-as-required wpcf7-text wpcf7-validates-as-email\" aria-required=\"true\" aria-invalid=\"false\" placeholder=\"Email Adresi\" value=\"\" type=\"email\" name=\"your-email\" \/><\/span>\n\t\t<\/p>\n\t<\/div>\n<\/div>\n<div class=\"input-wrap clearfix\">\n\t<div class=\"phone-wrap\">\n\t\t<p><span class=\"wpcf7-form-control-wrap\" data-name=\"your-phone\"><input size=\"40\" maxlength=\"400\" class=\"wpcf7-form-control wpcf7-text wpcf7-validates-as-required\" aria-required=\"true\" aria-invalid=\"false\" placeholder=\"Telefon\" value=\"\" type=\"text\" name=\"your-phone\" \/><\/span>\n\t\t<\/p>\n\t<\/div>\n\t<div class=\"subject-wrap\">\n\t\t<p><span class=\"wpcf7-form-control-wrap\" data-name=\"your-subject\"><input size=\"40\" maxlength=\"400\" class=\"wpcf7-form-control wpcf7-text wpcf7-validates-as-required\" aria-required=\"true\" aria-invalid=\"false\" placeholder=\"Konu\" value=\"\" type=\"text\" name=\"your-subject\" \/><\/span>\n\t\t<\/p>\n\t<\/div>\n<\/div>\n<div class=\"message-wrap\">\n\t<p><span class=\"wpcf7-form-control-wrap\" data-name=\"your-message\"><textarea cols=\"40\" rows=\"10\" maxlength=\"2000\" class=\"wpcf7-form-control wpcf7-textarea\" aria-invalid=\"false\" placeholder=\"Mesaj\u0131n\u0131z\" name=\"your-message\"><\/textarea><\/span>\n\t<\/p>\n<\/div>\n<div class=\"submit-wrap\">\n\t<p><span><input class=\"wpcf7-form-control wpcf7-submit has-spinner\" type=\"submit\" value=\"G\u00f6nder\" \/><\/span>\n\t<\/p>\n<\/div><div class=\"wpcf7-response-output\" aria-hidden=\"true\"><\/div>\n<\/form>\n<\/div>\n<\/div>\r\n\t\t<\/div>\r\n\t<\/div>\r\n\t<div class=\"agrikole-spacer clearfix\" data-desktop=\"120\" data-mobi=\"40\" data-smobi=\"40\"><\/div>[\/vc_column_inner][vc_column_inner width=&#8221;1\/2&#8243;]<div class=\"agrikole-content-box clearfix  display-flex justify-content-center\" data-padding=\"0px 40px 100px 40px\" data-mobipadding=\"40px 10px 40px 10px\" data-margin=\"\" data-mobimargin=\"\" >\r\n\t\t<div class=\"inner ctb-44816109\" style=\"\"  data-background=\"\" data-border-style=\"solid\" data-border-style-hover=\"solid\">\r\n\t\t\t<div class=\"agrikole-simple-image simple \" style=\" max-width:360px;border-radius:5px;overflow:hidden;text-align:center; margin:0 auto;\">\r\n\t\t\t\t<img decoding=\"async\" alt=\"image\" src=\"https:\/\/baycelik.com.tr\/wp-content\/uploads\/2022\/10\/temsilci.jpg\" \/> \r\n\t\t\t<\/div>\r\n\t<div class=\"agrikole-spacer clearfix\" data-desktop=\"40\" data-mobi=\"35\" data-smobi=\"35\"><\/div><h2 class=\"agrikole-special-text text-center\">\r\n        <span style=\"font-family:;\">HEMEN B\u0130ZE ULA\u015eIN!<\/span><span style=\"font-family:;\"><\/span><span style=\"font-family:;\"><\/span>\r\n    <\/h2>[vc_column_text]<\/p>\n<div style=\"text-align: center; max-width: 370px; margin: 0 auto;\">\u064a\u0646\u0634\u0637 \u0645\u0645\u062b\u0644\u0648 \u0639\u0645\u0644\u0627\u0626\u0646\u0627 \u062f\u0627\u0626\u0645\u064b\u0627 \u062e\u0644\u0627\u0644 \u0633\u0627\u0639\u0627\u062a \u0627\u0644\u0639\u0645\u0644 \u0644\u0644\u0625\u062c\u0627\u0628\u0629 \u0639\u0644\u0649 \u0627\u0644\u0623\u0633\u0626\u0644\u0629 \u0627\u0644\u0645\u062a\u0639\u0644\u0642\u0629 \u0628\u0645\u0646\u062a\u062c\u0627\u062a \u0648\u062e\u062f\u0645\u0627\u062a \u0627\u0644\u0634\u0631\u0643\u0629 \u0648\u0644\u0644\u0625\u062c\u0627\u0628\u0629 \u0639\u0644\u0649 \u0623\u0633\u0626\u0644\u0629 \u0639\u0645\u0644\u0627\u0626\u0646\u0627 \u0627\u0644\u0643\u0631\u0627\u0645.<\/div>\n<p>[\/vc_column_text]\r\n\t<div class=\"agrikole-spacer clearfix\" data-desktop=\"42\" data-mobi=\"35\" data-smobi=\"35\"><\/div><div class=\"agrikole-align-box  mobi-align-center align-center\"><div class=\"button-wrap icon-right\" style=\"\" ><a href=\"\" target=\"_self\" class=\"agrikole-button btn-588407441 small no_icon accent custom\" style=\"border-radius:5px;\"  data-text=\"#404a3d\" data-text-hover=\"#ffffff\" data-background-hover=\"#404a3d\">\r\n\t\t<span style=\"\">\u0628\u0627\u064a\u0633\u0644\u064a\u0643 <\/span>\r\n\t<\/a><\/div><\/div>\r\n\t\t<\/div>\r\n\t<\/div>[\/vc_column_inner][\/vc_row_inner][\/vc_column][\/vc_row]<\/p>\n","protected":false},"excerpt":{"rendered":"<p>[vc_row][vc_column][vc_row_inner el_class=&#8221;half-on-991&#8243;][vc_column_inner width=&#8221;1\/4&#8243;][\/vc_column_inner][vc_column_inner width=&#8221;1\/4&#8243;][\/vc_column_inner][vc_column_inner width=&#8221;1\/4&#8243;][\/vc_column_inner][vc_column_inner width=&#8221;1\/4&#8243;][\/vc_column_inner][\/vc_row_inner][\/vc_column][\/vc_row][vc_row][vc_column][vc_row_inner][vc_column_inner width=&#8221;1\/2&#8243; halfbg=&#8221;color&#8221; halfbg_color=&#8221;#5b8c51&#8243; halfbg_rounded=&#8221;0px 5px 0px 0px&#8221;][\/vc_column_inner][vc_column_inner width=&#8221;1\/2&#8243;][\/vc_column_inner][\/vc_row_inner][\/vc_column][\/vc_row]<\/p>\n","protected":false},"author":1,"featured_media":0,"parent":0,"menu_order":0,"comment_status":"closed","ping_status":"closed","template":"","meta":{"footnotes":""},"class_list":["post-15843","page","type-page","status-publish","hentry"],"yoast_head":"<!-- This site is optimized with the Yoast SEO plugin v26.4 - https:\/\/yoast.com\/wordpress\/plugins\/seo\/ -->\n<title>\u062a\u0648\u0627\u0635\u0644 - Baycelik<\/title>\n<meta name=\"robots\" content=\"index, follow, max-snippet:-1, max-image-preview:large, max-video-preview:-1\" \/>\n<link rel=\"canonical\" href=\"https:\/\/baycelik.com.tr\/ar\/\u062a\u0648\u0627\u0635\u0644\/\" \/>\n<meta property=\"og:locale\" content=\"ar_AR\" \/>\n<meta property=\"og:type\" content=\"article\" \/>\n<meta property=\"og:title\" content=\"\u062a\u0648\u0627\u0635\u0644 - Baycelik\" \/>\n<meta property=\"og:description\" content=\"[vc_row][vc_column][vc_row_inner el_class=&#8221;half-on-991&#8243;][vc_column_inner width=&#8221;1\/4&#8243;][\/vc_column_inner][vc_column_inner width=&#8221;1\/4&#8243;][\/vc_column_inner][vc_column_inner width=&#8221;1\/4&#8243;][\/vc_column_inner][vc_column_inner width=&#8221;1\/4&#8243;][\/vc_column_inner][\/vc_row_inner][\/vc_column][\/vc_row][vc_row][vc_column][vc_row_inner][vc_column_inner width=&#8221;1\/2&#8243; halfbg=&#8221;color&#8221; halfbg_color=&#8221;#5b8c51&#8243; halfbg_rounded=&#8221;0px 5px 0px 0px&#8221;][\/vc_column_inner][vc_column_inner width=&#8221;1\/2&#8243;][\/vc_column_inner][\/vc_row_inner][\/vc_column][\/vc_row]\" \/>\n<meta property=\"og:url\" content=\"https:\/\/baycelik.com.tr\/ar\/\u062a\u0648\u0627\u0635\u0644\/\" \/>\n<meta property=\"og:site_name\" content=\"Baycelik\" \/>\n<meta property=\"article:modified_time\" content=\"2023-05-19T14:00:43+00:00\" \/>\n<meta name=\"twitter:card\" content=\"summary_large_image\" \/>\n<meta name=\"twitter:label1\" content=\"\u0648\u0642\u062a \u0627\u0644\u0642\u0631\u0627\u0621\u0629 \u0627\u0644\u0645\u064f\u0642\u062f\u0651\u0631\" \/>\n\t<meta name=\"twitter:data1\" content=\"\u062f\u0642\u064a\u0642\u062a\u0627\u0646\" \/>\n<script type=\"application\/ld+json\" class=\"yoast-schema-graph\">{\"@context\":\"https:\/\/schema.org\",\"@graph\":[{\"@type\":\"WebPage\",\"@id\":\"https:\/\/baycelik.com.tr\/ar\/%d8%aa%d9%88%d8%a7%d8%b5%d9%84\/\",\"url\":\"https:\/\/baycelik.com.tr\/ar\/%d8%aa%d9%88%d8%a7%d8%b5%d9%84\/\",\"name\":\"\u062a\u0648\u0627\u0635\u0644 - Baycelik\",\"isPartOf\":{\"@id\":\"https:\/\/baycelik.com.tr\/#website\"},\"datePublished\":\"2022-10-14T21:05:50+00:00\",\"dateModified\":\"2023-05-19T14:00:43+00:00\",\"breadcrumb\":{\"@id\":\"https:\/\/baycelik.com.tr\/ar\/%d8%aa%d9%88%d8%a7%d8%b5%d9%84\/#breadcrumb\"},\"inLanguage\":\"ar\",\"potentialAction\":[{\"@type\":\"ReadAction\",\"target\":[\"https:\/\/baycelik.com.tr\/ar\/%d8%aa%d9%88%d8%a7%d8%b5%d9%84\/\"]}]},{\"@type\":\"BreadcrumbList\",\"@id\":\"https:\/\/baycelik.com.tr\/ar\/%d8%aa%d9%88%d8%a7%d8%b5%d9%84\/#breadcrumb\",\"itemListElement\":[{\"@type\":\"ListItem\",\"position\":1,\"name\":\"Anasayfa\",\"item\":\"https:\/\/baycelik.com.tr\/ar\/\"},{\"@type\":\"ListItem\",\"position\":2,\"name\":\"\u062a\u0648\u0627\u0635\u0644\"}]},{\"@type\":\"WebSite\",\"@id\":\"https:\/\/baycelik.com.tr\/#website\",\"url\":\"https:\/\/baycelik.com.tr\/\",\"name\":\"Baycelik\",\"description\":\"Ay\u00e7ekirde\u011fi ve Tar\u0131m \u00dcr\u00fcnleri\",\"publisher\":{\"@id\":\"https:\/\/baycelik.com.tr\/#organization\"},\"potentialAction\":[{\"@type\":\"SearchAction\",\"target\":{\"@type\":\"EntryPoint\",\"urlTemplate\":\"https:\/\/baycelik.com.tr\/?s={search_term_string}\"},\"query-input\":{\"@type\":\"PropertyValueSpecification\",\"valueRequired\":true,\"valueName\":\"search_term_string\"}}],\"inLanguage\":\"ar\"},{\"@type\":\"Organization\",\"@id\":\"https:\/\/baycelik.com.tr\/#organization\",\"name\":\"Baycelik\",\"url\":\"https:\/\/baycelik.com.tr\/\",\"logo\":{\"@type\":\"ImageObject\",\"inLanguage\":\"ar\",\"@id\":\"https:\/\/baycelik.com.tr\/#\/schema\/logo\/image\/\",\"url\":\"\",\"contentUrl\":\"\",\"caption\":\"Baycelik\"},\"image\":{\"@id\":\"https:\/\/baycelik.com.tr\/#\/schema\/logo\/image\/\"}}]}<\/script>\n<!-- \/ Yoast SEO plugin. -->","yoast_head_json":{"title":"\u062a\u0648\u0627\u0635\u0644 - Baycelik","robots":{"index":"index","follow":"follow","max-snippet":"max-snippet:-1","max-image-preview":"max-image-preview:large","max-video-preview":"max-video-preview:-1"},"canonical":"https:\/\/baycelik.com.tr\/ar\/\u062a\u0648\u0627\u0635\u0644\/","og_locale":"ar_AR","og_type":"article","og_title":"\u062a\u0648\u0627\u0635\u0644 - Baycelik","og_description":"[vc_row][vc_column][vc_row_inner el_class=&#8221;half-on-991&#8243;][vc_column_inner width=&#8221;1\/4&#8243;][\/vc_column_inner][vc_column_inner width=&#8221;1\/4&#8243;][\/vc_column_inner][vc_column_inner width=&#8221;1\/4&#8243;][\/vc_column_inner][vc_column_inner width=&#8221;1\/4&#8243;][\/vc_column_inner][\/vc_row_inner][\/vc_column][\/vc_row][vc_row][vc_column][vc_row_inner][vc_column_inner width=&#8221;1\/2&#8243; halfbg=&#8221;color&#8221; halfbg_color=&#8221;#5b8c51&#8243; halfbg_rounded=&#8221;0px 5px 0px 0px&#8221;][\/vc_column_inner][vc_column_inner width=&#8221;1\/2&#8243;][\/vc_column_inner][\/vc_row_inner][\/vc_column][\/vc_row]","og_url":"https:\/\/baycelik.com.tr\/ar\/\u062a\u0648\u0627\u0635\u0644\/","og_site_name":"Baycelik","article_modified_time":"2023-05-19T14:00:43+00:00","twitter_card":"summary_large_image","twitter_misc":{"\u0648\u0642\u062a \u0627\u0644\u0642\u0631\u0627\u0621\u0629 \u0627\u0644\u0645\u064f\u0642\u062f\u0651\u0631":"\u062f\u0642\u064a\u0642\u062a\u0627\u0646"},"schema":{"@context":"https:\/\/schema.org","@graph":[{"@type":"WebPage","@id":"https:\/\/baycelik.com.tr\/ar\/%d8%aa%d9%88%d8%a7%d8%b5%d9%84\/","url":"https:\/\/baycelik.com.tr\/ar\/%d8%aa%d9%88%d8%a7%d8%b5%d9%84\/","name":"\u062a\u0648\u0627\u0635\u0644 - Baycelik","isPartOf":{"@id":"https:\/\/baycelik.com.tr\/#website"},"datePublished":"2022-10-14T21:05:50+00:00","dateModified":"2023-05-19T14:00:43+00:00","breadcrumb":{"@id":"https:\/\/baycelik.com.tr\/ar\/%d8%aa%d9%88%d8%a7%d8%b5%d9%84\/#breadcrumb"},"inLanguage":"ar","potentialAction":[{"@type":"ReadAction","target":["https:\/\/baycelik.com.tr\/ar\/%d8%aa%d9%88%d8%a7%d8%b5%d9%84\/"]}]},{"@type":"BreadcrumbList","@id":"https:\/\/baycelik.com.tr\/ar\/%d8%aa%d9%88%d8%a7%d8%b5%d9%84\/#breadcrumb","itemListElement":[{"@type":"ListItem","position":1,"name":"Anasayfa","item":"https:\/\/baycelik.com.tr\/ar\/"},{"@type":"ListItem","position":2,"name":"\u062a\u0648\u0627\u0635\u0644"}]},{"@type":"WebSite","@id":"https:\/\/baycelik.com.tr\/#website","url":"https:\/\/baycelik.com.tr\/","name":"Baycelik","description":"Ay\u00e7ekirde\u011fi ve Tar\u0131m \u00dcr\u00fcnleri","publisher":{"@id":"https:\/\/baycelik.com.tr\/#organization"},"potentialAction":[{"@type":"SearchAction","target":{"@type":"EntryPoint","urlTemplate":"https:\/\/baycelik.com.tr\/?s={search_term_string}"},"query-input":{"@type":"PropertyValueSpecification","valueRequired":true,"valueName":"search_term_string"}}],"inLanguage":"ar"},{"@type":"Organization","@id":"https:\/\/baycelik.com.tr\/#organization","name":"Baycelik","url":"https:\/\/baycelik.com.tr\/","logo":{"@type":"ImageObject","inLanguage":"ar","@id":"https:\/\/baycelik.com.tr\/#\/schema\/logo\/image\/","url":"","contentUrl":"","caption":"Baycelik"},"image":{"@id":"https:\/\/baycelik.com.tr\/#\/schema\/logo\/image\/"}}]}},"_links":{"self":[{"href":"https:\/\/baycelik.com.tr\/ar\/wp-json\/wp\/v2\/pages\/15843","targetHints":{"allow":["GET"]}}],"collection":[{"href":"https:\/\/baycelik.com.tr\/ar\/wp-json\/wp\/v2\/pages"}],"about":[{"href":"https:\/\/baycelik.com.tr\/ar\/wp-json\/wp\/v2\/types\/page"}],"author":[{"embeddable":true,"href":"https:\/\/baycelik.com.tr\/ar\/wp-json\/wp\/v2\/users\/1"}],"replies":[{"embeddable":true,"href":"https:\/\/baycelik.com.tr\/ar\/wp-json\/wp\/v2\/comments?post=15843"}],"version-history":[{"count":2,"href":"https:\/\/baycelik.com.tr\/ar\/wp-json\/wp\/v2\/pages\/15843\/revisions"}],"predecessor-version":[{"id":15845,"href":"https:\/\/baycelik.com.tr\/ar\/wp-json\/wp\/v2\/pages\/15843\/revisions\/15845"}],"wp:attachment":[{"href":"https:\/\/baycelik.com.tr\/ar\/wp-json\/wp\/v2\/media?parent=15843"}],"curies":[{"name":"wp","href":"https:\/\/api.w.org\/{rel}","templated":true}]}}