{"id":15538,"date":"2022-10-14T23:56:10","date_gmt":"2022-10-14T20:56:10","guid":{"rendered":"https:\/\/baycelik.com.tr\/about-us\/"},"modified":"2023-03-17T19:11:50","modified_gmt":"2023-03-17T16:11:50","slug":"about-us","status":"publish","type":"page","link":"https:\/\/baycelik.com.tr\/en\/about-us\/","title":{"rendered":"About us"},"content":{"rendered":"<p>[vc_row][vc_column]\r\n\t<div class=\"agrikole-spacer clearfix\" data-desktop=\"40\" data-mobi=\"30\" data-smobi=\"30\"><\/div>[vc_row_inner][vc_column_inner width=&#8221;1\/2&#8243;]<div class=\"agrikole-content-box clearfix \" data-padding=\"0px 70px 0px 0px\" data-mobipadding=\"0px 0px 0px 0px\" data-margin=\"\" data-mobimargin=\"\" >\r\n\t\t<div class=\"inner ctb-1800238084\" style=\"\"  data-background=\"\" data-border-style=\"solid\" data-border-style-hover=\"solid\">\r\n\t\t\t<div class=\"agrikole-simple-image simple \" style=\"border-radius:5px;overflow:hidden;\">\r\n\t\t\t\t<img decoding=\"async\" alt=\"image\" src=\"https:\/\/baycelik.com.tr\/wp-content\/uploads\/2022\/10\/image-3.jpeg\" \/> \r\n\t\t\t<\/div>\r\n\t\t<\/div>\r\n\t<\/div>\r\n\t<div class=\"agrikole-spacer clearfix\" data-desktop=\"0\" data-mobi=\"40\" data-smobi=\"40\"><\/div>[\/vc_column_inner][vc_column_inner width=&#8221;1\/2&#8243;]<div class=\"agrikole-headings clearfix \" data-font=70 data-mfont=60 style=\"\"><div class=\"pre-heading clearfix\" style=\"font-weight:600;color:#5b8c51;font-size:14px;letter-spacing:3px;\">\r\n\t\tWHO ARE WE\r\n\t<\/div><h2 class=\"heading clearfix \" style=\"line-height:70px;font-size:70px;\">\r\n\t\tABOUT BAYCELIK;\r\n\t<\/h2><div class=\"sep clearfix\" style=\"margin:5px 0 0;\">\r\n\t\t\t\t<img decoding=\"async\" alt=\"image\" src=\"https:\/\/baycelik.com.tr\/wp-content\/uploads\/2020\/01\/separator.png\">\r\n\t\t\t<\/div><\/div>\r\n\t<div class=\"agrikole-spacer clearfix\" data-desktop=\"40\" data-mobi=\"30\" data-smobi=\"30\"><\/div><div class=\"agrikole-list clearfix icon-top\" >\r\n\t\t<div style=\"margin-bottom:2px;\">\r\n\t\t\t<span style=\"padding-left:33px;\"> <span style=\"font-size:18px;\">Our journey, which we started as Bay\u00e7elik in 1975, is to become a leading institution in the sunflower seed sector we are in, by taking firm steps towards branding.<\/span><\/span>\r\n\t\t<\/div>\r\n\t<\/div><div class=\"agrikole-list clearfix icon-top\" >\r\n\t\t<div style=\"margin-bottom:2px;\">\r\n\t\t\t<span style=\"padding-left:33px;\"><span class=\"icon \" style=\"color:#5b8c51;font-size:14px;margin-top:6px;\">\r\n\t\t\t<i class=\"fa fa-check\"><\/i>\r\n\t\t<\/span> <span style=\"font-size:18px;\">We implement the best product and the highest quality service, based on customer satisfaction, with the production made in our facility.<\/span><\/span>\r\n\t\t<\/div>\r\n\t<\/div><div class=\"agrikole-list clearfix icon-top\" >\r\n\t\t<div style=\"margin-bottom:2px;\">\r\n\t\t\t<span style=\"padding-left:33px;\"><span class=\"icon \" style=\"color:#5b8c51;font-size:14px;margin-top:6px;\">\r\n\t\t\t<i class=\"fa fa-check\"><\/i>\r\n\t\t<\/span> <span style=\"font-size:18px;\">We carefully select the sunflower seeds grown in the most fertile plains of our country and bring quality together with you, our valued customers.<\/span><\/span>\r\n\t\t<\/div>\r\n\t<\/div><div class=\"agrikole-list clearfix icon-top\" >\r\n\t\t<div style=\"margin-bottom:2px;\">\r\n\t\t\t<span style=\"padding-left:33px;\"><span class=\"icon \" style=\"color:#5b8c51;font-size:14px;margin-top:6px;\">\r\n\t\t\t<i class=\"fa fa-check\"><\/i>\r\n\t\t<\/span> <span style=\"font-size:18px;\">Our facility has an annual processing capacity of 15,000 tons of sunflower seeds and serves to increase capacity every year.<\/span><\/span>\r\n\t\t<\/div>\r\n\t<\/div><div class=\"agrikole-list clearfix icon-top\" >\r\n\t\t<div style=\"margin-bottom:2px;\">\r\n\t\t\t<span style=\"padding-left:33px;\"><span class=\"icon \" style=\"color:#5b8c51;font-size:14px;margin-top:6px;\">\r\n\t\t\t<i class=\"fa fa-check\"><\/i>\r\n\t\t<\/span> <span style=\"font-size:18px;\">We carefully process the sunflower seeds, which are taken naturally from our farmers, and make them ready for roasting.<\/span><\/span>\r\n\t\t<\/div>\r\n\t<\/div>\r\n\t<div class=\"agrikole-spacer clearfix\" data-desktop=\"50\" data-mobi=\"30\" data-smobi=\"30\"><\/div><div class=\"agrikole-content-box clearfix \" data-padding=\"28px 30px 30px\" data-mobipadding=\"28px 30px 30px\" data-margin=\"\" data-mobimargin=\"\" >\r\n\t\t<div class=\"inner ctb-922424994 accent\" style=\" width:270px;\"  data-rounded=\"5px\" data-border-style=\"solid\" data-border-style-hover=\"solid\">\r\n\t\t\t<div class=\"agrikole-icon-box clearfix icon-left align-left  link-hover-accent simple\" style=\"\" ><div class=\"wrap-inner\" style=\"position: relative;\"><div class=\"agrikole-icon icon-1348158456 icon-font custom custom\"  data-icon=\"#404a3d\" data-background=\"\">\r\n\t\t\t<span class=\"icon\" style=\"font-size:46px;width:46px;height:46px;border-style:solid;line-height:46px;\"><i class=\"agri-check-list\"><\/i><\/span>\r\n\t\t<\/div> <div class=\"content-wrap\"><h3 class=\"heading \" style=\"padding-left:60px;color:#404a3d;font-size:16px;line-height:20px;padding-top:2px;font-family:Barlow;\">\r\n\t\t\t<span>For more<br \/>\nContact Us<\/span>\r\n\t\t<\/h3><\/div><\/div><\/div>\r\n\t\t<\/div>\r\n\t<\/div>[\/vc_column_inner][\/vc_row_inner]\r\n\t<div class=\"agrikole-spacer clearfix\" data-desktop=\"100\" data-mobi=\"60\" data-smobi=\"60\"><\/div>[\/vc_column][\/vc_row][vc_row parallax=&#8221;content-moving&#8221; full_width=&#8221;stretch_row&#8221; css=&#8221;.vc_custom_1582534449666{background-color: #f5f0e9 !important;}&#8221;][vc_column]\r\n\t<div class=\"agrikole-spacer clearfix\" data-desktop=\"112\" data-mobi=\"60\" data-smobi=\"60\"><\/div><div class=\"agrikole-headings clearfix text-center\" data-font=70 data-mfont=60 style=\"\"><div class=\"pre-heading clearfix\" style=\"font-weight:600;color:#5b8c51;font-size:14px;letter-spacing:3px;\">\r\n\t\tComments\r\n\t<\/div><h2 class=\"heading clearfix \" style=\"line-height:70px;font-size:70px;\">\r\n\t\tWHAT PEOPLE THINK\r\n\t<\/h2><div class=\"sep clearfix\" style=\"margin:5px 0 0;\">\r\n\t\t\t\t<img decoding=\"async\" alt=\"image\" src=\"https:\/\/baycelik.com.tr\/wp-content\/uploads\/2020\/01\/separator.png\">\r\n\t\t\t<\/div><\/div>\r\n\t<div class=\"agrikole-spacer clearfix\" data-desktop=\"56\" data-mobi=\"40\" data-smobi=\"40\"><\/div>[vc_row_inner el_class=&#8221;full-on-991&#8243;][vc_column_inner width=&#8221;1\/3&#8243;]<div class=\"agrikole-testimonials clearfix \">\r\n            <div class=\"text\" style=\"font-style:normal;font-size:18px;line-height:36px;\">\r\n\tA business that has a professional business approach, prioritizes customer satisfaction and shows its quality with its service.\r\n\t<\/div> <div class=\"person\"><div class=\"thumb\" style=\"width:60px; height:60px;\"><img loading=\"lazy\" decoding=\"async\" width=\"90\" height=\"90\" src=\"https:\/\/baycelik.com.tr\/wp-content\/uploads\/2019\/12\/testimonial1-1.jpg\" class=\"attachment-full size-full\" alt=\"\" \/><\/div> <h4 class=\"name\" style=\"font-size:30px;line-height:26px;\">Burak Hanl\u0131<\/h4> <\/div>\r\n    <\/div>\r\n\t<div class=\"agrikole-spacer clearfix\" data-desktop=\"0\" data-mobi=\"35\" data-smobi=\"35\"><\/div>[\/vc_column_inner][vc_column_inner width=&#8221;1\/3&#8243;]<div class=\"agrikole-testimonials clearfix  shadow\">\r\n            <div class=\"text\" style=\"font-style:normal;font-size:18px;line-height:36px;\">\r\n\tIt is a company that sells quality products, knows what it is doing well, is very smooth and you can trust. I advise.\r\n\t<\/div> <div class=\"person\"><div class=\"thumb\" style=\"width:60px; height:60px;\"><img loading=\"lazy\" decoding=\"async\" width=\"90\" height=\"90\" src=\"https:\/\/baycelik.com.tr\/wp-content\/uploads\/2020\/02\/testimonial2.jpg\" class=\"attachment-full size-full\" alt=\"\" \/><\/div> <h4 class=\"name\" style=\"font-size:30px;line-height:26px;\">Mine \u00c7elik<\/h4> <\/div>\r\n    <\/div>\r\n\t<div class=\"agrikole-spacer clearfix\" data-desktop=\"0\" data-mobi=\"35\" data-smobi=\"35\"><\/div>[\/vc_column_inner][vc_column_inner width=&#8221;1\/3&#8243;]<div class=\"agrikole-testimonials clearfix \">\r\n            <div class=\"text\" style=\"font-style:normal;font-size:18px;line-height:36px;\">\r\n\tWe sincerely thank you for adding flavor to our tables with its natural products and wish you to reach more tables.\r\n\t<\/div> <div class=\"person\"><div class=\"thumb\" style=\"width:60px; height:60px;\"><img loading=\"lazy\" decoding=\"async\" width=\"90\" height=\"90\" src=\"https:\/\/baycelik.com.tr\/wp-content\/uploads\/2020\/02\/testimonial3.jpg\" class=\"attachment-full size-full\" alt=\"\" \/><\/div> <h4 class=\"name\" style=\"font-size:30px;line-height:26px;\">Merve G\u00f6rg\u00fcl\u00fc<\/h4> <\/div>\r\n    <\/div>[\/vc_column_inner][\/vc_row_inner]\r\n\t<div class=\"agrikole-spacer clearfix\" data-desktop=\"110\" data-mobi=\"60\" data-smobi=\"60\"><\/div>[\/vc_column][\/vc_row][vc_row full_width=&#8221;stretch_row&#8221; css=&#8221;.vc_custom_1582081292975{background-image: url(http:\/\/ninzio.com\/agrikole\/wp-content\/uploads\/2020\/02\/section-bg2.png?id=13329) !important;background-position: center !important;background-repeat: no-repeat !important;background-size: cover !important;}&#8221; el_class=&#8221;overflow-visible&#8221;][vc_column]\r\n\t<div class=\"agrikole-spacer clearfix\" data-desktop=\"110\" data-mobi=\"60\" data-smobi=\"60\"><\/div>[vc_row_inner][vc_column_inner width=&#8221;5\/12&#8243;]<div class=\"agrikole-headings clearfix \" data-font=70 data-mfont=60 style=\"\"><h2 class=\"heading clearfix \" style=\"color:#ffffff;line-height:70px;font-size:70px;\">\r\n\t\tMISSION AND<br \/>\nOUR VISION\r\n\t<\/h2><div class=\"sep clearfix\" style=\"margin:5px 0 0;\">\r\n\t\t\t\t<img decoding=\"async\" alt=\"image\" src=\"https:\/\/baycelik.com.tr\/wp-content\/uploads\/2020\/01\/separator.png\">\r\n\t\t\t<\/div><\/div>[\/vc_column_inner][vc_column_inner width=&#8221;7\/12&#8243;]\r\n\t<div class=\"agrikole-spacer clearfix\" data-desktop=\"37\" data-mobi=\"37\" data-smobi=\"37\"><\/div>[vc_column_text]<\/p>\n<div style=\"color: #c5c9c4;\">\n<p style=\"font-weight: 400;\"><b><strong>As Baycelik, our goal is to constantly renew ourselves and to deliver our products to more customers by closely following the sectoral and technological developments by our company. <\/strong><\/b><b><strong>Our goal is to increase both our quality and production capacity, and we will always continue to work to provide a better quality service to our valued customers.<\/strong><\/b><\/p>\n<\/div>\n<p>[\/vc_column_text][\/vc_column_inner][\/vc_row_inner]\r\n\t<div class=\"agrikole-spacer clearfix\" data-desktop=\"55\" data-mobi=\"40\" data-smobi=\"40\"><\/div>[vc_row_inner][vc_column_inner width=&#8221;1\/4&#8243;]<div class=\"agrikole-content-box clearfix \" data-padding=\"34px 40px\" data-mobipadding=\"34px 40px\" data-margin=\"\" data-mobimargin=\"\" >\r\n\t\t<div class=\"inner ctb-209176723\" style=\"\"  data-background=\"#404a3d\" data-rounded=\"5px\" data-border-color=\"rgba(255,255,255,0.15)\" data-border-width=\"1px\" data-border-style=\"solid\" data-border-style-hover=\"solid\" data-translatey=\"-5\">\r\n\t\t\t<div class=\"agrikole-icon-box clearfix icon-top align-left  link-hover-accent simple\" style=\"\" ><div class=\"wrap-inner\" style=\"position: relative;\"><div class=\"agrikole-icon icon-32726589 icon-font custom custom\"  data-icon=\"#ecdd5e\" data-background=\"\">\r\n\t\t\t<span class=\"icon\" style=\"font-size:62px;border-style:solid;line-height:62px;\"><i class=\"agri-tractor\"><\/i><\/span>\r\n\t\t<\/div> <div class=\"content-wrap\"><h3 class=\"heading  white\" style=\"color:#ffffff;font-size:26px;\">\r\n\t\t\t<span>LATEST TECHNOLOGY MACHINES<\/span>\r\n\t\t<\/h3><\/div><\/div><\/div>\r\n\t\t<\/div>\r\n\t<\/div>\r\n\t<div class=\"agrikole-spacer clearfix\" data-desktop=\"0\" data-mobi=\"30\" data-smobi=\"30\"><\/div>[\/vc_column_inner][vc_column_inner width=&#8221;1\/4&#8243;]<div class=\"agrikole-content-box clearfix \" data-padding=\"34px 40px\" data-mobipadding=\"34px 40px\" data-margin=\"\" data-mobimargin=\"\" >\r\n\t\t<div class=\"inner ctb-2144678160\" style=\"\"  data-background=\"#ecdd5e\" data-rounded=\"5px\" data-border-color=\"rgba(255,255,255,0.15)\" data-border-width=\"1px\" data-border-style=\"solid\" data-border-style-hover=\"solid\" data-translatey=\"-5\">\r\n\t\t\t<div class=\"agrikole-icon-box clearfix icon-top align-left  link-hover-accent simple\" style=\"\" ><div class=\"wrap-inner\" style=\"position: relative;\"><div class=\"agrikole-icon icon-1868699128 icon-font custom custom\"  data-icon=\"#404a3d\" data-background=\"\">\r\n\t\t\t<span class=\"icon\" style=\"font-size:62px;border-style:solid;line-height:62px;\"><i class=\"agri-cart\"><\/i><\/span>\r\n\t\t<\/div> <div class=\"content-wrap\"><h3 class=\"heading \" style=\"font-weight:700;color:#404a3d;font-size:26px;\">\r\n\t\t\t<span>EFFICIENT HARVESTING PROCESS<\/span>\r\n\t\t<\/h3><\/div><\/div><\/div>\r\n\t\t<\/div>\r\n\t<\/div>\r\n\t<div class=\"agrikole-spacer clearfix\" data-desktop=\"0\" data-mobi=\"30\" data-smobi=\"30\"><\/div>[\/vc_column_inner][vc_column_inner width=&#8221;1\/4&#8243;]<div class=\"agrikole-content-box clearfix \" data-padding=\"34px 40px\" data-mobipadding=\"34px 40px\" data-margin=\"\" data-mobimargin=\"\" >\r\n\t\t<div class=\"inner ctb-2089021535\" style=\"\"  data-background=\"#404a3d\" data-rounded=\"5px\" data-border-color=\"rgba(255,255,255,0.15)\" data-border-width=\"1px\" data-border-style=\"solid\" data-border-style-hover=\"solid\" data-translatey=\"-5\">\r\n\t\t\t<div class=\"agrikole-icon-box clearfix icon-top align-left  link-hover-accent simple\" style=\"\" ><div class=\"wrap-inner\" style=\"position: relative;\"><div class=\"agrikole-icon icon-57625214 icon-font custom custom\"  data-icon=\"#ecdd5e\" data-background=\"\">\r\n\t\t\t<span class=\"icon\" style=\"font-size:62px;border-style:solid;line-height:62px;\"><i class=\"agri-meeting\"><\/i><\/span>\r\n\t\t<\/div> <div class=\"content-wrap\"><h3 class=\"heading  white\" style=\"font-weight:700;color:#ffffff;font-size:26px;\">\r\n\t\t\t<span>PLANNED STUDY<\/span>\r\n\t\t<\/h3><\/div><\/div><\/div>\r\n\t\t<\/div>\r\n\t<\/div>\r\n\t<div class=\"agrikole-spacer clearfix\" data-desktop=\"0\" data-mobi=\"30\" data-smobi=\"30\"><\/div>[\/vc_column_inner][vc_column_inner width=&#8221;1\/4&#8243;]<div class=\"agrikole-content-box clearfix \" data-padding=\"34px 40px\" data-mobipadding=\"34px 40px\" data-margin=\"\" data-mobimargin=\"\" >\r\n\t\t<div class=\"inner ctb-1953415244\" style=\"\"  data-background=\"#404a3d\" data-rounded=\"5px\" data-border-color=\"rgba(255,255,255,0.15)\" data-border-width=\"1px\" data-border-style=\"solid\" data-border-style-hover=\"solid\" data-translatey=\"-5\">\r\n\t\t\t<div class=\"agrikole-icon-box clearfix icon-top align-left  link-hover-accent simple\" style=\"\" ><div class=\"wrap-inner\" style=\"position: relative;\"><div class=\"agrikole-icon icon-1961090270 icon-font custom custom\"  data-icon=\"#ecdd5e\" data-background=\"\">\r\n\t\t\t<span class=\"icon\" style=\"font-size:62px;border-style:solid;line-height:62px;\"><i class=\"agri-cereal\"><\/i><\/span>\r\n\t\t<\/div> <div class=\"content-wrap\"><h3 class=\"heading  white\" style=\"font-weight:700;color:#ffffff;font-size:26px;\">\r\n\t\t\t<span>DELICIOUS AND NATURAL PRODUCTS<\/span>\r\n\t\t<\/h3><\/div><\/div><\/div>\r\n\t\t<\/div>\r\n\t<\/div>[\/vc_column_inner][\/vc_row_inner]\r\n\t<div class=\"agrikole-spacer clearfix\" data-desktop=\"120\" data-mobi=\"60\" data-smobi=\"60\"><\/div>[\/vc_column][\/vc_row]<\/p>\n","protected":false},"excerpt":{"rendered":"<p>[vc_row][vc_column][vc_row_inner][vc_column_inner width=&#8221;1\/2&#8243;][\/vc_column_inner][vc_column_inner width=&#8221;1\/2&#8243;][\/vc_column_inner][\/vc_row_inner][\/vc_column][\/vc_row][vc_row parallax=&#8221;content-moving&#8221; full_width=&#8221;stretch_row&#8221; css=&#8221;.vc_custom_1582534449666{background-color: #f5f0e9 !important;}&#8221;][vc_column][vc_row_inner el_class=&#8221;full-on-991&#8243;][vc_column_inner width=&#8221;1\/3&#8243;][\/vc_column_inner][vc_column_inner width=&#8221;1\/3&#8243;][\/vc_column_inner][vc_column_inner width=&#8221;1\/3&#8243;][\/vc_column_inner][\/vc_row_inner][\/vc_column][\/vc_row][vc_row full_width=&#8221;stretch_row&#8221; css=&#8221;.vc_custom_1582081292975{background-image: url(http:\/\/ninzio.com\/agrikole\/wp-content\/uploads\/2020\/02\/section-bg2.png?id=13329) !important;background-position: center !important;background-repeat: no-repeat !important;background-size: cover !important;}&#8221; el_class=&#8221;overflow-visible&#8221;][vc_column][vc_row_inner][vc_column_inner width=&#8221;5\/12&#8243;][\/vc_column_inner][vc_column_inner width=&#8221;7\/12&#8243;][vc_column_text] As Baycelik, our goal is<\/p>\n","protected":false},"author":1,"featured_media":0,"parent":0,"menu_order":0,"comment_status":"closed","ping_status":"closed","template":"","meta":{"footnotes":""},"class_list":["post-15538","page","type-page","status-publish","hentry"],"yoast_head":"<!-- This site is optimized with the Yoast SEO plugin v26.4 - https:\/\/yoast.com\/wordpress\/plugins\/seo\/ -->\n<title>About us - Baycelik<\/title>\n<meta name=\"robots\" content=\"index, follow, max-snippet:-1, max-image-preview:large, max-video-preview:-1\" \/>\n<link rel=\"canonical\" href=\"https:\/\/baycelik.com.tr\/en\/about-us\/\" \/>\n<meta property=\"og:locale\" content=\"en_US\" \/>\n<meta property=\"og:type\" content=\"article\" \/>\n<meta property=\"og:title\" content=\"About us - Baycelik\" \/>\n<meta property=\"og:description\" content=\"[vc_row][vc_column][vc_row_inner][vc_column_inner width=&#8221;1\/2&#8243;][\/vc_column_inner][vc_column_inner width=&#8221;1\/2&#8243;][\/vc_column_inner][\/vc_row_inner][\/vc_column][\/vc_row][vc_row parallax=&#8221;content-moving&#8221; full_width=&#8221;stretch_row&#8221; css=&#8221;.vc_custom_1582534449666{background-color: #f5f0e9 !important;}&#8221;][vc_column][vc_row_inner el_class=&#8221;full-on-991&#8243;][vc_column_inner width=&#8221;1\/3&#8243;][\/vc_column_inner][vc_column_inner width=&#8221;1\/3&#8243;][\/vc_column_inner][vc_column_inner width=&#8221;1\/3&#8243;][\/vc_column_inner][\/vc_row_inner][\/vc_column][\/vc_row][vc_row full_width=&#8221;stretch_row&#8221; css=&#8221;.vc_custom_1582081292975{background-image: url(http:\/\/ninzio.com\/agrikole\/wp-content\/uploads\/2020\/02\/section-bg2.png?id=13329) !important;background-position: center !important;background-repeat: no-repeat !important;background-size: cover !important;}&#8221; el_class=&#8221;overflow-visible&#8221;][vc_column][vc_row_inner][vc_column_inner width=&#8221;5\/12&#8243;][\/vc_column_inner][vc_column_inner width=&#8221;7\/12&#8243;][vc_column_text] As Baycelik, our goal is\" \/>\n<meta property=\"og:url\" content=\"https:\/\/baycelik.com.tr\/en\/about-us\/\" \/>\n<meta property=\"og:site_name\" content=\"Baycelik\" \/>\n<meta property=\"article:modified_time\" content=\"2023-03-17T16:11:50+00:00\" \/>\n<meta name=\"twitter:card\" content=\"summary_large_image\" \/>\n<meta name=\"twitter:label1\" content=\"Est. reading time\" \/>\n\t<meta name=\"twitter:data1\" content=\"4 minutes\" \/>\n<script type=\"application\/ld+json\" class=\"yoast-schema-graph\">{\"@context\":\"https:\/\/schema.org\",\"@graph\":[{\"@type\":\"WebPage\",\"@id\":\"https:\/\/baycelik.com.tr\/en\/about-us\/\",\"url\":\"https:\/\/baycelik.com.tr\/en\/about-us\/\",\"name\":\"About us - Baycelik\",\"isPartOf\":{\"@id\":\"https:\/\/baycelik.com.tr\/#website\"},\"datePublished\":\"2022-10-14T20:56:10+00:00\",\"dateModified\":\"2023-03-17T16:11:50+00:00\",\"breadcrumb\":{\"@id\":\"https:\/\/baycelik.com.tr\/en\/about-us\/#breadcrumb\"},\"inLanguage\":\"en-US\",\"potentialAction\":[{\"@type\":\"ReadAction\",\"target\":[\"https:\/\/baycelik.com.tr\/en\/about-us\/\"]}]},{\"@type\":\"BreadcrumbList\",\"@id\":\"https:\/\/baycelik.com.tr\/en\/about-us\/#breadcrumb\",\"itemListElement\":[{\"@type\":\"ListItem\",\"position\":1,\"name\":\"Anasayfa\",\"item\":\"https:\/\/baycelik.com.tr\/en\/\"},{\"@type\":\"ListItem\",\"position\":2,\"name\":\"About us\"}]},{\"@type\":\"WebSite\",\"@id\":\"https:\/\/baycelik.com.tr\/#website\",\"url\":\"https:\/\/baycelik.com.tr\/\",\"name\":\"Baycelik\",\"description\":\"Ay\u00e7ekirde\u011fi ve Tar\u0131m \u00dcr\u00fcnleri\",\"publisher\":{\"@id\":\"https:\/\/baycelik.com.tr\/#organization\"},\"potentialAction\":[{\"@type\":\"SearchAction\",\"target\":{\"@type\":\"EntryPoint\",\"urlTemplate\":\"https:\/\/baycelik.com.tr\/?s={search_term_string}\"},\"query-input\":{\"@type\":\"PropertyValueSpecification\",\"valueRequired\":true,\"valueName\":\"search_term_string\"}}],\"inLanguage\":\"en-US\"},{\"@type\":\"Organization\",\"@id\":\"https:\/\/baycelik.com.tr\/#organization\",\"name\":\"Baycelik\",\"url\":\"https:\/\/baycelik.com.tr\/\",\"logo\":{\"@type\":\"ImageObject\",\"inLanguage\":\"en-US\",\"@id\":\"https:\/\/baycelik.com.tr\/#\/schema\/logo\/image\/\",\"url\":\"\",\"contentUrl\":\"\",\"caption\":\"Baycelik\"},\"image\":{\"@id\":\"https:\/\/baycelik.com.tr\/#\/schema\/logo\/image\/\"}}]}<\/script>\n<!-- \/ Yoast SEO plugin. -->","yoast_head_json":{"title":"About us - Baycelik","robots":{"index":"index","follow":"follow","max-snippet":"max-snippet:-1","max-image-preview":"max-image-preview:large","max-video-preview":"max-video-preview:-1"},"canonical":"https:\/\/baycelik.com.tr\/en\/about-us\/","og_locale":"en_US","og_type":"article","og_title":"About us - Baycelik","og_description":"[vc_row][vc_column][vc_row_inner][vc_column_inner width=&#8221;1\/2&#8243;][\/vc_column_inner][vc_column_inner width=&#8221;1\/2&#8243;][\/vc_column_inner][\/vc_row_inner][\/vc_column][\/vc_row][vc_row parallax=&#8221;content-moving&#8221; full_width=&#8221;stretch_row&#8221; css=&#8221;.vc_custom_1582534449666{background-color: #f5f0e9 !important;}&#8221;][vc_column][vc_row_inner el_class=&#8221;full-on-991&#8243;][vc_column_inner width=&#8221;1\/3&#8243;][\/vc_column_inner][vc_column_inner width=&#8221;1\/3&#8243;][\/vc_column_inner][vc_column_inner width=&#8221;1\/3&#8243;][\/vc_column_inner][\/vc_row_inner][\/vc_column][\/vc_row][vc_row full_width=&#8221;stretch_row&#8221; css=&#8221;.vc_custom_1582081292975{background-image: url(http:\/\/ninzio.com\/agrikole\/wp-content\/uploads\/2020\/02\/section-bg2.png?id=13329) !important;background-position: center !important;background-repeat: no-repeat !important;background-size: cover !important;}&#8221; el_class=&#8221;overflow-visible&#8221;][vc_column][vc_row_inner][vc_column_inner width=&#8221;5\/12&#8243;][\/vc_column_inner][vc_column_inner width=&#8221;7\/12&#8243;][vc_column_text] As Baycelik, our goal is","og_url":"https:\/\/baycelik.com.tr\/en\/about-us\/","og_site_name":"Baycelik","article_modified_time":"2023-03-17T16:11:50+00:00","twitter_card":"summary_large_image","twitter_misc":{"Est. reading time":"4 minutes"},"schema":{"@context":"https:\/\/schema.org","@graph":[{"@type":"WebPage","@id":"https:\/\/baycelik.com.tr\/en\/about-us\/","url":"https:\/\/baycelik.com.tr\/en\/about-us\/","name":"About us - Baycelik","isPartOf":{"@id":"https:\/\/baycelik.com.tr\/#website"},"datePublished":"2022-10-14T20:56:10+00:00","dateModified":"2023-03-17T16:11:50+00:00","breadcrumb":{"@id":"https:\/\/baycelik.com.tr\/en\/about-us\/#breadcrumb"},"inLanguage":"en-US","potentialAction":[{"@type":"ReadAction","target":["https:\/\/baycelik.com.tr\/en\/about-us\/"]}]},{"@type":"BreadcrumbList","@id":"https:\/\/baycelik.com.tr\/en\/about-us\/#breadcrumb","itemListElement":[{"@type":"ListItem","position":1,"name":"Anasayfa","item":"https:\/\/baycelik.com.tr\/en\/"},{"@type":"ListItem","position":2,"name":"About us"}]},{"@type":"WebSite","@id":"https:\/\/baycelik.com.tr\/#website","url":"https:\/\/baycelik.com.tr\/","name":"Baycelik","description":"Ay\u00e7ekirde\u011fi ve Tar\u0131m \u00dcr\u00fcnleri","publisher":{"@id":"https:\/\/baycelik.com.tr\/#organization"},"potentialAction":[{"@type":"SearchAction","target":{"@type":"EntryPoint","urlTemplate":"https:\/\/baycelik.com.tr\/?s={search_term_string}"},"query-input":{"@type":"PropertyValueSpecification","valueRequired":true,"valueName":"search_term_string"}}],"inLanguage":"en-US"},{"@type":"Organization","@id":"https:\/\/baycelik.com.tr\/#organization","name":"Baycelik","url":"https:\/\/baycelik.com.tr\/","logo":{"@type":"ImageObject","inLanguage":"en-US","@id":"https:\/\/baycelik.com.tr\/#\/schema\/logo\/image\/","url":"","contentUrl":"","caption":"Baycelik"},"image":{"@id":"https:\/\/baycelik.com.tr\/#\/schema\/logo\/image\/"}}]}},"_links":{"self":[{"href":"https:\/\/baycelik.com.tr\/en\/wp-json\/wp\/v2\/pages\/15538","targetHints":{"allow":["GET"]}}],"collection":[{"href":"https:\/\/baycelik.com.tr\/en\/wp-json\/wp\/v2\/pages"}],"about":[{"href":"https:\/\/baycelik.com.tr\/en\/wp-json\/wp\/v2\/types\/page"}],"author":[{"embeddable":true,"href":"https:\/\/baycelik.com.tr\/en\/wp-json\/wp\/v2\/users\/1"}],"replies":[{"embeddable":true,"href":"https:\/\/baycelik.com.tr\/en\/wp-json\/wp\/v2\/comments?post=15538"}],"version-history":[{"count":4,"href":"https:\/\/baycelik.com.tr\/en\/wp-json\/wp\/v2\/pages\/15538\/revisions"}],"predecessor-version":[{"id":15642,"href":"https:\/\/baycelik.com.tr\/en\/wp-json\/wp\/v2\/pages\/15538\/revisions\/15642"}],"wp:attachment":[{"href":"https:\/\/baycelik.com.tr\/en\/wp-json\/wp\/v2\/media?parent=15538"}],"curies":[{"name":"wp","href":"https:\/\/api.w.org\/{rel}","templated":true}]}}