{"id":15544,"date":"2022-10-14T23:54:51","date_gmt":"2022-10-14T20:54:51","guid":{"rendered":"https:\/\/baycelik.com.tr\/our-services\/"},"modified":"2023-03-17T19:25:56","modified_gmt":"2023-03-17T16:25:56","slug":"our-services","status":"publish","type":"page","link":"https:\/\/baycelik.com.tr\/en\/our-services\/","title":{"rendered":"Our services"},"content":{"rendered":"<p>[vc_row][vc_column][vc_row_inner][vc_column_inner width=&#8221;1\/2&#8243;]<div class=\"agrikole-headings clearfix \" data-font=70 data-mfont=60 style=\"\"><div class=\"pre-heading clearfix\" style=\"font-weight:600;color:#5b8c51;font-size:14px;letter-spacing:3px;\">\r\n\t\tSUNSEED COLLECTION CENTER\r\n\t<\/div><h2 class=\"heading clearfix \" style=\"line-height:70px;font-size:70px;\">\r\n\t\tTHE HOMELAND OF SUNSEEDE<br \/>\nALL FROM \u00c7\u0130VR\u0130L<br \/>\nTO THE EARTH!\r\n\t<\/h2><div class=\"sep clearfix\" style=\"margin:5px 0 0;\">\r\n\t\t\t\t<img decoding=\"async\" alt=\"image\" src=\"https:\/\/baycelik.com.tr\/wp-content\/uploads\/2020\/01\/separator.png\">\r\n\t\t\t<\/div><\/div>[\/vc_column_inner][vc_column_inner width=&#8221;1\/2&#8243;][vc_column_text]<span>Our company, which can be called the heart of the country in sunflower seed production, processes the best quality sunflower seeds of Denizli &#8211; \u00c7ivril and offers them to the country&#8217;s economy. <\/span>[\/vc_column_text]\r\n\t<div class=\"agrikole-spacer clearfix\" data-desktop=\"50\" data-mobi=\"50\" data-smobi=\"50\"><\/div><div class=\"agrikole-divider divider-center divider-solid\" style=\"border-top-color:#f5f0e9;\"><\/div><div class=\"clearfix\"><\/div>[\/vc_column_inner][\/vc_row_inner]\r\n\t<div class=\"agrikole-spacer clearfix\" data-desktop=\"116\" data-mobi=\"116\" data-smobi=\"116\"><\/div>[\/vc_column][\/vc_row][vc_row full_width=&#8221;stretch_row&#8221; css=&#8221;.vc_custom_1582358419137{background-color: #f5f0e9 !important;}&#8221; el_class=&#8221;overflow-visible&#8221;][vc_column][vc_row_inner][vc_column_inner width=&#8221;1\/2&#8243;]<div class=\"agrikole-content-box clearfix \" data-padding=\"60px\" data-mobipadding=\"60px\" data-margin=\"-60px 0px 0px 0px\" data-mobimargin=\"-60px 0px 0px 0px\" >\r\n\t\t<div class=\"inner ctb-1166381691\" style=\"\"  data-background=\"#5b8c51\" data-rounded=\"5px\" data-border-style=\"solid\" data-border-style-hover=\"solid\">\r\n\t\t\t<div class=\"agrikole-icon-box clearfix icon-left align-left  link-hover-accent simple\" style=\"\" ><div class=\"wrap-inner\" style=\"position: relative;\"><div class=\"agrikole-icon icon-484455900 icon-font accent custom\"  data-background=\"\">\r\n\t\t\t<span class=\"icon\" style=\"font-size:64px;width:64px;height:64px;border-style:solid;line-height:64px;\"><i class=\"agri-flower2\"><\/i><\/span>\r\n\t\t<\/div> <div class=\"content-wrap\"><h3 class=\"heading  white\" style=\"padding-left:85px;font-weight:600;color:#ffffff;font-size:20px;line-height:30px;font-family:Barlow;\">\r\n\t\t\t<span>Experience from the past Bay\u00e7elik Agriculture Sunflower Seed Production Factory<\/span>\r\n\t\t<\/h3><\/div><\/div><\/div>\r\n\t\t<\/div>\r\n\t<\/div>\r\n\t<div class=\"agrikole-spacer clearfix\" data-desktop=\"0\" data-mobi=\"0\" data-smobi=\"100\"><\/div>[\/vc_column_inner][vc_column_inner width=&#8221;1\/2&#8243;]<div class=\"agrikole-content-box clearfix \" data-padding=\"\" data-mobipadding=\"\" data-margin=\"-180px 0px 0px 0px\" data-mobimargin=\"-60px 0px 0px 0px\" >\r\n\t\t<div class=\"inner ctb-578551887\" style=\"\"  data-background=\"\" data-border-style=\"solid\" data-border-style-hover=\"solid\">\r\n\t\t\t<div class=\"agrikole-simple-image reveal wow  lr \" >\r\n\t\t\t\t<figure style=\"border-radius:5px;overflow:hidden;\"><img decoding=\"async\" alt=\"image\" src=\"https:\/\/baycelik.com.tr\/wp-content\/uploads\/2022\/10\/aycekirdegi-1.jpeg\" \/> <\/figure>\r\n\t\t\t<\/div>\r\n\t\t<\/div>\r\n\t<\/div>[\/vc_column_inner][\/vc_row_inner]\r\n\t<div class=\"agrikole-spacer clearfix\" data-desktop=\"60\" data-mobi=\"20\" data-smobi=\"20\"><\/div><div class=\"agrikole-headings clearfix text-center\" data-font=70 data-mfont=60 style=\"\"><div class=\"pre-heading clearfix\" style=\"font-weight:600;color:#5b8c51;font-size:14px;letter-spacing:3px;\">\r\n\t\tWHAT WE DO\r\n\t<\/div><h2 class=\"heading clearfix \" style=\"line-height:70px;font-size:70px;\">\r\n\t\tOUR SERVICES\r\n\t<\/h2><div class=\"sep clearfix\" style=\"margin:5px 0 0;\">\r\n\t\t\t\t<img decoding=\"async\" alt=\"image\" src=\"https:\/\/baycelik.com.tr\/wp-content\/uploads\/2020\/01\/separator.png\">\r\n\t\t\t<\/div><\/div><div class=\"agrikole-divider divider-center divider-solid\" style=\"border-top-color:#fff2f5;\"><\/div><div class=\"clearfix\"><\/div>\r\n\t<div class=\"agrikole-spacer clearfix\" data-desktop=\"350\" data-mobi=\"169\" data-smobi=\"169\"><\/div>[\/vc_column][\/vc_row][vc_row column_spacing=&#8221;10&#8243;][vc_column][vc_row_inner column_inner_spacing=&#8221;10&#8243; el_class=&#8221;half-on-991&#8243;][vc_column_inner width=&#8221;1\/3&#8243;]<div class=\"agrikole-content-box clearfix \" data-padding=\"\" data-mobipadding=\"\" data-margin=\"-289px 0px 0px 0px\" data-mobimargin=\"-89px 0px 0px 0px\" >\r\n\t\t<div class=\"inner ctb-320854399\" style=\"\"  data-background=\"\" data-border-style=\"solid\" data-border-style-hover=\"solid\">\r\n\t\t\t<div class=\"agrikole-image-box clearfix style-1 text-center\" style=\"\" >\r\n        <div class=\"item\">\r\n            <div class=\"inner\">\r\n                <div class=\"thumb\" style=\"border-radius:5px; overflow:hidden;\"> <img loading=\"lazy\" decoding=\"async\" width=\"270\" height=\"289\" src=\"https:\/\/baycelik.com.tr\/wp-content\/uploads\/2022\/10\/eleme.jpeg\" class=\"attachment-full size-full\" alt=\"\" \/><\/div>\r\n                <div class=\"text-wrap \" style=\" padding:35px 30px 0px;\">\r\n                    <h3 class=\"title\" style=\"font-weight:700;font-size:30px;line-height:34px;margin-bottom:22px;\">\r\n        SUNSEED SIEVING\r\n    <\/h3> <div class=\"desc\" style=\"margin-bottom:24px;\"><div class=\"desc\"><span>It is prepared by sifting the sunflower seeds brought to our facility naturally.<\/span><\/div>\n<\/div> <div class=\"url-wrap\">\r\n            <a href=\"https:\/\/baycelik.com.tr\/aycekirdegi-eleme\/\" target=\"_self\" class=\"agrikole-links link-style-2 dark\" style=\"\">\r\n                <span class=\"text\">Read more<\/span>\r\n            <\/a>\r\n        <\/div>\r\n                <\/div>\r\n            <\/div>\r\n        <\/div>\r\n    <\/div>\r\n\t\t<\/div>\r\n\t<\/div>\r\n\t<div class=\"agrikole-spacer clearfix\" data-desktop=\"0\" data-mobi=\"140\" data-smobi=\"140\"><\/div>[\/vc_column_inner][vc_column_inner width=&#8221;1\/3&#8243;]<div class=\"agrikole-content-box clearfix \" data-padding=\"\" data-mobipadding=\"\" data-margin=\"-289px 0px 0px 0px\" data-mobimargin=\"-89px 0px 0px 0px\" >\r\n\t\t<div class=\"inner ctb-509872225\" style=\"\"  data-background=\"\" data-border-style=\"solid\" data-border-style-hover=\"solid\">\r\n\t\t\t<div class=\"agrikole-image-box clearfix style-1 text-center\" style=\"\" >\r\n        <div class=\"item\">\r\n            <div class=\"inner\">\r\n                <div class=\"thumb\" style=\"border-radius:5px; overflow:hidden;\"> <img loading=\"lazy\" decoding=\"async\" width=\"270\" height=\"289\" src=\"https:\/\/baycelik.com.tr\/wp-content\/uploads\/2022\/10\/aycekirdegi-siniflandirma-1-1.jpeg\" class=\"attachment-full size-full\" alt=\"\" \/><\/div>\r\n                <div class=\"text-wrap \" style=\" padding:35px 30px 0px;\">\r\n                    <h3 class=\"title\" style=\"font-weight:700;font-size:30px;line-height:34px;margin-bottom:22px;\">\r\n        CLASSIFICATION\r\n    <\/h3> <div class=\"desc\" style=\"margin-bottom:24px;\"><div class=\"desc\"><span>Sunflower seeds are classified in desired sizes according to the demands of our customers.<\/span><\/div>\n<\/div> <div class=\"url-wrap\">\r\n            <a href=\"https:\/\/baycelik.com.tr\/aycekirdegi-siniflandirma\/\" target=\"_self\" class=\"agrikole-links link-style-2 dark\" style=\"\">\r\n                <span class=\"text\">Read more<\/span>\r\n            <\/a>\r\n        <\/div>\r\n                <\/div>\r\n            <\/div>\r\n        <\/div>\r\n    <\/div>\r\n\t\t<\/div>\r\n\t<\/div>\r\n\t<div class=\"agrikole-spacer clearfix\" data-desktop=\"0\" data-mobi=\"140\" data-smobi=\"140\"><\/div>[\/vc_column_inner][vc_column_inner width=&#8221;1\/3&#8243;]<div class=\"agrikole-content-box clearfix \" data-padding=\"\" data-mobipadding=\"\" data-margin=\"-289px 0px 0px 0px\" data-mobimargin=\"-89px 0px 0px 0px\" >\r\n\t\t<div class=\"inner ctb-662783867\" style=\"\"  data-background=\"\" data-border-style=\"solid\" data-border-style-hover=\"solid\">\r\n\t\t\t<div class=\"agrikole-image-box clearfix style-1 text-center\" style=\"\" >\r\n        <div class=\"item\">\r\n            <div class=\"inner\">\r\n                <div class=\"thumb\" style=\"border-radius:5px; overflow:hidden;\"> <img loading=\"lazy\" decoding=\"async\" width=\"270\" height=\"289\" src=\"https:\/\/baycelik.com.tr\/wp-content\/uploads\/2022\/10\/renk-ayirma-1-1.jpeg\" class=\"attachment-full size-full\" alt=\"\" \/><\/div>\r\n                <div class=\"text-wrap \" style=\" padding:35px 30px 0px;\">\r\n                    <h3 class=\"title\" style=\"font-weight:700;font-size:30px;line-height:34px;margin-bottom:22px;\">\r\n        COLOR SEPARATION\r\n    <\/h3> <div class=\"desc\" style=\"margin-bottom:24px;\"><div class=\"desc\"><span>Foreign colors that spoil the image and quality are separated in the sunflower seed.<\/span><\/div>\n<\/div> <div class=\"url-wrap\">\r\n            <a href=\"https:\/\/baycelik.com.tr\/renk-ayirma-2\/\" target=\"_self\" class=\"agrikole-links link-style-2 dark\" style=\"\">\r\n                <span class=\"text\">Read more<\/span>\r\n            <\/a>\r\n        <\/div>\r\n                <\/div>\r\n            <\/div>\r\n        <\/div>\r\n    <\/div>\r\n\t\t<\/div>\r\n\t<\/div>\r\n\t<div class=\"agrikole-spacer clearfix\" data-desktop=\"0\" data-mobi=\"140\" data-smobi=\"140\"><\/div>[\/vc_column_inner][\/vc_row_inner]\r\n\t<div class=\"agrikole-spacer clearfix\" data-desktop=\"50\" data-mobi=\"0\" data-smobi=\"50\"><\/div>[vc_row_inner column_inner_spacing=&#8221;10&#8243; el_class=&#8221;half-on-991&#8243;][vc_column_inner width=&#8221;1\/4&#8243;][\/vc_column_inner][vc_column_inner width=&#8221;1\/4&#8243;]<div class=\"agrikole-image-box clearfix style-1 text-center\" style=\"\" >\r\n        <div class=\"item\">\r\n            <div class=\"inner\">\r\n                <div class=\"thumb\" style=\"border-radius:5px; overflow:hidden;\"> <img loading=\"lazy\" decoding=\"async\" width=\"270\" height=\"289\" src=\"https:\/\/baycelik.com.tr\/wp-content\/uploads\/2022\/10\/paketleme.png\" class=\"attachment-full size-full\" alt=\"\" \/><\/div>\r\n                <div class=\"text-wrap \" style=\" padding:35px 30px 0px;\">\r\n                    <h3 class=\"title\" style=\"font-weight:700;font-size:30px;line-height:34px;margin-bottom:22px;\">\r\n        PACKAGING\r\n    <\/h3> <div class=\"desc\" style=\"margin-bottom:24px;\"><div class=\"desc\">According to the demand of our customers, we usually pack 10-50 kg.<\/div>\n<\/div> <div class=\"url-wrap\">\r\n            <a href=\"https:\/\/baycelik.com.tr\/paketleme-2\/\" target=\"_self\" class=\"agrikole-links link-style-2 dark\" style=\"\">\r\n                <span class=\"text\">Read more<\/span>\r\n            <\/a>\r\n        <\/div>\r\n                <\/div>\r\n            <\/div>\r\n        <\/div>\r\n    <\/div>[\/vc_column_inner][vc_column_inner width=&#8221;1\/4&#8243;]<div class=\"agrikole-image-box clearfix style-1 text-center\" style=\"\" >\r\n        <div class=\"item\">\r\n            <div class=\"inner\">\r\n                <div class=\"thumb\" style=\"border-radius:5px; overflow:hidden;\"> <img loading=\"lazy\" decoding=\"async\" width=\"270\" height=\"289\" src=\"https:\/\/baycelik.com.tr\/wp-content\/uploads\/2022\/10\/depolama-1.jpeg\" class=\"attachment-full size-full\" alt=\"\" \/><\/div>\r\n                <div class=\"text-wrap \" style=\" padding:35px 30px 0px;\">\r\n                    <h3 class=\"title\" style=\"font-weight:700;font-size:30px;line-height:34px;margin-bottom:22px;\">\r\n        STORAGE\r\n    <\/h3> <div class=\"desc\" style=\"margin-bottom:24px;\"><div class=\"desc\">We provide storage service with humidity measuring devices and routine controls in the silo.<\/div>\n<\/div> <div class=\"url-wrap\">\r\n            <a href=\"https:\/\/baycelik.com.tr\/depolama\/\" target=\"_self\" class=\"agrikole-links link-style-2 dark\" style=\"\">\r\n                <span class=\"text\">Read more<\/span>\r\n            <\/a>\r\n        <\/div>\r\n                <\/div>\r\n            <\/div>\r\n        <\/div>\r\n    <\/div>[\/vc_column_inner][vc_column_inner width=&#8221;1\/4&#8243;][\/vc_column_inner][\/vc_row_inner][\/vc_column][\/vc_row][vc_row][vc_column]\r\n\t<div class=\"agrikole-spacer clearfix\" data-desktop=\"100\" data-mobi=\"60\" data-smobi=\"60\"><\/div><div class=\"agrikole-headings clearfix text-center\" data-font=70 data-mfont=60 style=\"\"><div class=\"pre-heading clearfix\" style=\"font-weight:600;color:#5b8c51;font-size:14px;letter-spacing:3px;\">\r\n\t\tS\u00dcRE\u00c7LER\r\n\t<\/div><h2 class=\"heading clearfix \" style=\"line-height:70px;font-size:70px;\">\r\n\t\tPRODUCTION STAGES\r\n\t<\/h2><div class=\"sep clearfix\" style=\"margin:5px 0 0;\">\r\n\t\t\t\t<img decoding=\"async\" alt=\"image\" src=\"https:\/\/baycelik.com.tr\/wp-content\/uploads\/2020\/01\/separator.png\">\r\n\t\t\t<\/div><\/div>\r\n\t<div class=\"agrikole-spacer clearfix\" data-desktop=\"60\" data-mobi=\"40\" data-smobi=\"40\"><\/div>\r\n\t<div class=\"agrikole-iconboxs group-4 clearfix style-1\"><div class=\"inner-wrap\"><div class=\"agrikole-icon-box clearfix icon-top align-center  link-hover-accent simple\" style=\"\" ><div class=\"wrap-inner\" style=\"position: relative;\"><div class=\"agrikole-icon icon-2116096052 icon-font custom custom\"  data-icon=\"#5b8c51\" data-background=\"#ffffff\" data-border=\"#f5f0e9\">\r\n\t\t\t<span class=\"icon\" style=\"font-size:70px;width:188px;height:188px;border-style:solid;border-width:10px;border-radius:94px;line-height:168px;\"><i class=\"agri-fertilizer\"><\/i><\/span><span class=\"icon-number\">01<\/span>\r\n\t\t<\/div> <div class=\"content-wrap\"><h3 class=\"heading \" style=\"font-size:30px;line-height:30px;margin-top:38px;margin-bottom:35px;\">\r\n\t\t\t<span>RAW MATERIALS<br \/>\nSUPPLY<\/span>\r\n\t\t<\/h3><div class=\"desc\" style=\"font-size:16px;line-height:30px;\"><p>Freshly grown sunflowers are procured from the producer after being harvested.<\/p>\n<\/div><\/div><\/div><\/div><div class=\"agrikole-icon-box clearfix icon-top align-center  link-hover-accent simple\" style=\"\" ><div class=\"wrap-inner\" style=\"position: relative;\"><div class=\"agrikole-icon icon-514735943 icon-font custom custom\"  data-icon=\"#5b8c51\" data-background=\"\" data-border=\"#f5f0e9\">\r\n\t\t\t<span class=\"icon\" style=\"font-size:70px;width:188px;height:188px;border-style:solid;border-width:10px;border-radius:94px;line-height:168px;\"><i class=\"agri-buildings\"><\/i><\/span><span class=\"icon-number\">02<\/span>\r\n\t\t<\/div> <div class=\"content-wrap\"><h3 class=\"heading \" style=\"font-size:30px;line-height:30px;margin-top:38px;margin-bottom:35px;\">\r\n\t\t\t<span>PRODUCTION<br \/>\nOPERATIONS<\/span>\r\n\t\t<\/h3><div class=\"desc\" style=\"font-size:16px;line-height:30px;\"><p>The supplied sunflower seeds are meticulously sorted and sifted in the desired dimensions, using the latest technology machines.<\/p>\n<\/div><\/div><\/div><\/div><div class=\"agrikole-icon-box clearfix icon-top align-center  link-hover-accent simple\" style=\"\" ><div class=\"wrap-inner\" style=\"position: relative;\"><div class=\"agrikole-icon icon-2101502749 icon-font custom custom\"  data-icon=\"#5b8c51\" data-background=\"\" data-border=\"#f5f0e9\">\r\n\t\t\t<span class=\"icon\" style=\"font-size:70px;width:188px;height:188px;border-style:solid;border-width:10px;border-radius:94px;line-height:168px;\"><i class=\"agri-ecofriendly\"><\/i><\/span><span class=\"icon-number\">03<\/span>\r\n\t\t<\/div> <div class=\"content-wrap\"><h3 class=\"heading \" style=\"font-size:30px;line-height:30px;margin-top:38px;margin-bottom:35px;\">\r\n\t\t\t<span>QUALITY<br \/>\nCONTROL<\/span>\r\n\t\t<\/h3><div class=\"desc\" style=\"font-size:16px;line-height:30px;\"><p>Processed and ready for roasting, sunflower seeds are analyzed by our expert team.<\/p>\n<\/div><\/div><\/div><\/div><div class=\"agrikole-icon-box clearfix icon-top align-center  link-hover-accent simple\" style=\"\" ><div class=\"wrap-inner\" style=\"position: relative;\"><div class=\"agrikole-icon icon-1015912982 icon-font custom custom\"  data-icon=\"#5b8c51\" data-background=\"\" data-border=\"#f5f0e9\">\r\n\t\t\t<span class=\"icon\" style=\"font-size:70px;width:188px;height:188px;border-style:solid;border-width:10px;border-radius:94px;line-height:168px;\"><i class=\"agri-food-stand\"><\/i><\/span><span class=\"icon-number\">04<\/span>\r\n\t\t<\/div> <div class=\"content-wrap\"><h3 class=\"heading \" style=\"font-size:30px;line-height:30px;margin-top:38px;margin-bottom:35px;\">\r\n\t\t\t<span>TRANSPORT<br \/>\nPROCESS<\/span>\r\n\t\t<\/h3><div class=\"desc\" style=\"font-size:16px;line-height:30px;\"><p>Products that have passed all processes successfully and are packaged according to the demands of our customers are made ready for shipment.<\/p>\n<\/div><\/div><\/div><\/div><\/div><\/div>\r\n\t<div class=\"agrikole-spacer clearfix\" data-desktop=\"112\" data-mobi=\"60\" data-smobi=\"60\"><\/div>[\/vc_column][\/vc_row][vc_row parallax=&#8221;content-moving&#8221; full_width=&#8221;stretch_row&#8221; css=&#8221;.vc_custom_1582507206390{background-image: url(http:\/\/ninzio.com\/agrikole\/wp-content\/uploads\/2020\/02\/section-bg3-1.jpg?id=13659) !important;background-position: center;background-repeat: no-repeat !important;background-size: cover !important;}&#8221;][vc_column]\r\n\t<div class=\"agrikole-spacer clearfix\" data-desktop=\"108\" data-mobi=\"60\" data-smobi=\"60\"><\/div><div class=\"agrikole-headings clearfix text-center\" data-font=100 data-mfont=66 style=\"\"><div class=\"pre-heading clearfix\" style=\"font-weight:600;color:#ffffff;font-size:18px;letter-spacing:3px;\">\r\n\t\tBAY\u00c7EL\u0130K\r\n\t<\/div><h2 class=\"heading clearfix \" style=\"color:#ffffff;max-width:750px;margin-left: auto; margin-right: auto;margin-top:10px;font-size:100px;\">\r\n\t\tUNRIVALED ORGANIC AGRICULTURE SERVICES\r\n\t<\/h2><\/div>\r\n\t<div class=\"agrikole-spacer clearfix\" data-desktop=\"38\" data-mobi=\"30\" data-smobi=\"30\"><\/div><div class=\"agrikole-align-box  mobi-align-center align-center\"><div class=\"button-wrap icon-right\" style=\"\" ><a href=\"https:\/\/baycelik.com.tr\/iletisim\/\" target=\"_self\" class=\"agrikole-button btn-1951644675 medium no_icon accent custom\" style=\"border-radius:5px;\"  data-text=\"#404a3d\" data-text-hover=\"#ffffff\" data-background-hover=\"#404a3d\">\r\n\t\t<span style=\"\">CONTACT US! <\/span>\r\n\t<\/a><\/div><\/div>\r\n\t<div class=\"agrikole-spacer clearfix\" data-desktop=\"120\" data-mobi=\"60\" data-smobi=\"60\"><\/div>[\/vc_column][\/vc_row]<\/p>\n","protected":false},"excerpt":{"rendered":"<p>[vc_row][vc_column][vc_row_inner][vc_column_inner width=&#8221;1\/2&#8243;][\/vc_column_inner][vc_column_inner width=&#8221;1\/2&#8243;][vc_column_text]Our company, which can be called the heart of the country in sunflower seed production, processes the best quality sunflower seeds of Denizli &#8211; \u00c7ivril and offers them<\/p>\n","protected":false},"author":1,"featured_media":0,"parent":0,"menu_order":0,"comment_status":"closed","ping_status":"closed","template":"","meta":{"footnotes":""},"class_list":["post-15544","page","type-page","status-publish","hentry"],"yoast_head":"<!-- This site is optimized with the Yoast SEO plugin v26.4 - https:\/\/yoast.com\/wordpress\/plugins\/seo\/ -->\n<title>Our services - Baycelik<\/title>\n<meta name=\"robots\" content=\"index, follow, max-snippet:-1, max-image-preview:large, max-video-preview:-1\" \/>\n<link rel=\"canonical\" href=\"https:\/\/baycelik.com.tr\/en\/our-services\/\" \/>\n<meta property=\"og:locale\" content=\"en_US\" \/>\n<meta property=\"og:type\" content=\"article\" \/>\n<meta property=\"og:title\" content=\"Our services - Baycelik\" \/>\n<meta property=\"og:description\" content=\"[vc_row][vc_column][vc_row_inner][vc_column_inner width=&#8221;1\/2&#8243;][\/vc_column_inner][vc_column_inner width=&#8221;1\/2&#8243;][vc_column_text]Our company, which can be called the heart of the country in sunflower seed production, processes the best quality sunflower seeds of Denizli &#8211; \u00c7ivril and offers them\" \/>\n<meta property=\"og:url\" content=\"https:\/\/baycelik.com.tr\/en\/our-services\/\" \/>\n<meta property=\"og:site_name\" content=\"Baycelik\" \/>\n<meta property=\"article:modified_time\" content=\"2023-03-17T16:25:56+00:00\" \/>\n<meta name=\"twitter:card\" content=\"summary_large_image\" \/>\n<meta name=\"twitter:label1\" content=\"Est. reading time\" \/>\n\t<meta name=\"twitter:data1\" content=\"4 minutes\" \/>\n<script type=\"application\/ld+json\" class=\"yoast-schema-graph\">{\"@context\":\"https:\/\/schema.org\",\"@graph\":[{\"@type\":\"WebPage\",\"@id\":\"https:\/\/baycelik.com.tr\/en\/our-services\/\",\"url\":\"https:\/\/baycelik.com.tr\/en\/our-services\/\",\"name\":\"Our services - Baycelik\",\"isPartOf\":{\"@id\":\"https:\/\/baycelik.com.tr\/#website\"},\"datePublished\":\"2022-10-14T20:54:51+00:00\",\"dateModified\":\"2023-03-17T16:25:56+00:00\",\"breadcrumb\":{\"@id\":\"https:\/\/baycelik.com.tr\/en\/our-services\/#breadcrumb\"},\"inLanguage\":\"en-US\",\"potentialAction\":[{\"@type\":\"ReadAction\",\"target\":[\"https:\/\/baycelik.com.tr\/en\/our-services\/\"]}]},{\"@type\":\"BreadcrumbList\",\"@id\":\"https:\/\/baycelik.com.tr\/en\/our-services\/#breadcrumb\",\"itemListElement\":[{\"@type\":\"ListItem\",\"position\":1,\"name\":\"Anasayfa\",\"item\":\"https:\/\/baycelik.com.tr\/en\/\"},{\"@type\":\"ListItem\",\"position\":2,\"name\":\"Our services\"}]},{\"@type\":\"WebSite\",\"@id\":\"https:\/\/baycelik.com.tr\/#website\",\"url\":\"https:\/\/baycelik.com.tr\/\",\"name\":\"Baycelik\",\"description\":\"Ay\u00e7ekirde\u011fi ve Tar\u0131m \u00dcr\u00fcnleri\",\"publisher\":{\"@id\":\"https:\/\/baycelik.com.tr\/#organization\"},\"potentialAction\":[{\"@type\":\"SearchAction\",\"target\":{\"@type\":\"EntryPoint\",\"urlTemplate\":\"https:\/\/baycelik.com.tr\/?s={search_term_string}\"},\"query-input\":{\"@type\":\"PropertyValueSpecification\",\"valueRequired\":true,\"valueName\":\"search_term_string\"}}],\"inLanguage\":\"en-US\"},{\"@type\":\"Organization\",\"@id\":\"https:\/\/baycelik.com.tr\/#organization\",\"name\":\"Baycelik\",\"url\":\"https:\/\/baycelik.com.tr\/\",\"logo\":{\"@type\":\"ImageObject\",\"inLanguage\":\"en-US\",\"@id\":\"https:\/\/baycelik.com.tr\/#\/schema\/logo\/image\/\",\"url\":\"\",\"contentUrl\":\"\",\"caption\":\"Baycelik\"},\"image\":{\"@id\":\"https:\/\/baycelik.com.tr\/#\/schema\/logo\/image\/\"}}]}<\/script>\n<!-- \/ Yoast SEO plugin. -->","yoast_head_json":{"title":"Our services - Baycelik","robots":{"index":"index","follow":"follow","max-snippet":"max-snippet:-1","max-image-preview":"max-image-preview:large","max-video-preview":"max-video-preview:-1"},"canonical":"https:\/\/baycelik.com.tr\/en\/our-services\/","og_locale":"en_US","og_type":"article","og_title":"Our services - Baycelik","og_description":"[vc_row][vc_column][vc_row_inner][vc_column_inner width=&#8221;1\/2&#8243;][\/vc_column_inner][vc_column_inner width=&#8221;1\/2&#8243;][vc_column_text]Our company, which can be called the heart of the country in sunflower seed production, processes the best quality sunflower seeds of Denizli &#8211; \u00c7ivril and offers them","og_url":"https:\/\/baycelik.com.tr\/en\/our-services\/","og_site_name":"Baycelik","article_modified_time":"2023-03-17T16:25:56+00:00","twitter_card":"summary_large_image","twitter_misc":{"Est. reading time":"4 minutes"},"schema":{"@context":"https:\/\/schema.org","@graph":[{"@type":"WebPage","@id":"https:\/\/baycelik.com.tr\/en\/our-services\/","url":"https:\/\/baycelik.com.tr\/en\/our-services\/","name":"Our services - Baycelik","isPartOf":{"@id":"https:\/\/baycelik.com.tr\/#website"},"datePublished":"2022-10-14T20:54:51+00:00","dateModified":"2023-03-17T16:25:56+00:00","breadcrumb":{"@id":"https:\/\/baycelik.com.tr\/en\/our-services\/#breadcrumb"},"inLanguage":"en-US","potentialAction":[{"@type":"ReadAction","target":["https:\/\/baycelik.com.tr\/en\/our-services\/"]}]},{"@type":"BreadcrumbList","@id":"https:\/\/baycelik.com.tr\/en\/our-services\/#breadcrumb","itemListElement":[{"@type":"ListItem","position":1,"name":"Anasayfa","item":"https:\/\/baycelik.com.tr\/en\/"},{"@type":"ListItem","position":2,"name":"Our services"}]},{"@type":"WebSite","@id":"https:\/\/baycelik.com.tr\/#website","url":"https:\/\/baycelik.com.tr\/","name":"Baycelik","description":"Ay\u00e7ekirde\u011fi ve Tar\u0131m \u00dcr\u00fcnleri","publisher":{"@id":"https:\/\/baycelik.com.tr\/#organization"},"potentialAction":[{"@type":"SearchAction","target":{"@type":"EntryPoint","urlTemplate":"https:\/\/baycelik.com.tr\/?s={search_term_string}"},"query-input":{"@type":"PropertyValueSpecification","valueRequired":true,"valueName":"search_term_string"}}],"inLanguage":"en-US"},{"@type":"Organization","@id":"https:\/\/baycelik.com.tr\/#organization","name":"Baycelik","url":"https:\/\/baycelik.com.tr\/","logo":{"@type":"ImageObject","inLanguage":"en-US","@id":"https:\/\/baycelik.com.tr\/#\/schema\/logo\/image\/","url":"","contentUrl":"","caption":"Baycelik"},"image":{"@id":"https:\/\/baycelik.com.tr\/#\/schema\/logo\/image\/"}}]}},"_links":{"self":[{"href":"https:\/\/baycelik.com.tr\/en\/wp-json\/wp\/v2\/pages\/15544","targetHints":{"allow":["GET"]}}],"collection":[{"href":"https:\/\/baycelik.com.tr\/en\/wp-json\/wp\/v2\/pages"}],"about":[{"href":"https:\/\/baycelik.com.tr\/en\/wp-json\/wp\/v2\/types\/page"}],"author":[{"embeddable":true,"href":"https:\/\/baycelik.com.tr\/en\/wp-json\/wp\/v2\/users\/1"}],"replies":[{"embeddable":true,"href":"https:\/\/baycelik.com.tr\/en\/wp-json\/wp\/v2\/comments?post=15544"}],"version-history":[{"count":4,"href":"https:\/\/baycelik.com.tr\/en\/wp-json\/wp\/v2\/pages\/15544\/revisions"}],"predecessor-version":[{"id":15644,"href":"https:\/\/baycelik.com.tr\/en\/wp-json\/wp\/v2\/pages\/15544\/revisions\/15644"}],"wp:attachment":[{"href":"https:\/\/baycelik.com.tr\/en\/wp-json\/wp\/v2\/media?parent=15544"}],"curies":[{"name":"wp","href":"https:\/\/api.w.org\/{rel}","templated":true}]}}