{"id":15548,"date":"2022-10-14T20:43:37","date_gmt":"2022-10-14T17:43:37","guid":{"rendered":"https:\/\/baycelik.com.tr\/news\/"},"modified":"2023-03-17T19:25:34","modified_gmt":"2023-03-17T16:25:34","slug":"news","status":"publish","type":"page","link":"https:\/\/baycelik.com.tr\/en\/news\/","title":{"rendered":"News"},"content":{"rendered":"<p>[vc_row][vc_column]\r\n<div class=\"agrikole-news style-1 arrow-center offsetcenter offset-v0 arrow50\" data-auto=\"false\" data-column=\"3\" data-column2=\"2\" data-column3=\"1\" data-gap=\"30\">\r\n\t\r\n\t<div class=\"owl-carousel owl-theme\">\r\n    \r\n\t\t\t\t<div class=\"post-item clearfix\">\r\n\t\t\t<div class=\"inner\">\r\n\t\t\t<div class=\"image-wrap\"><div class=\"post-date-custom\"><span>15 Oct, 2022<\/span><\/div><img decoding=\"async\" src=\"https:\/\/baycelik.com.tr\/wp-content\/uploads\/2022\/10\/aycicegi-1-480x400.jpeg\" alt=\"Image\"><\/div><div class=\"content-wrap\"><div class=\"meta\"><span class=\"author\"><a class=\"name\" href=\"https:\/\/baycelik.com.tr\/en\/author\/baycelik\/\" title=\"View all posts by baycelik\">baycelik<\/a><\/span><span class=\"comment\"><a href=\"https:\/\/baycelik.com.tr\/en\/sunflower-seed-production-stages\/#respond\">0 comment<\/a><\/span><\/div><h3 class=\"title\"><span><a href=\"https:\/\/baycelik.com.tr\/en\/sunflower-seed-production-stages\/\">Sunflower Seed Production Stages<\/a><\/span><\/h3><div class=\"post-link\"><a href=\"https:\/\/baycelik.com.tr\/en\/sunflower-seed-production-stages\/\" class=\"\"><span>Read More<\/span><\/a><\/div><\/div>\t        <\/div>\r\n\t    <\/div><!-- \/.posts-item -->\r\n\t    \r\n\t\r\n\t\t\t\t<div class=\"post-item clearfix\">\r\n\t\t\t<div class=\"inner\">\r\n\t\t\t<div class=\"image-wrap\"><div class=\"post-date-custom\"><span>14 Oct, 2022<\/span><\/div><img decoding=\"async\" src=\"https:\/\/baycelik.com.tr\/wp-content\/uploads\/2022\/10\/ayciciegi-480x400.jpeg\" alt=\"Image\"><\/div><div class=\"content-wrap\"><div class=\"meta\"><span class=\"author\"><a class=\"name\" href=\"https:\/\/baycelik.com.tr\/en\/author\/baycelik\/\" title=\"View all posts by baycelik\">baycelik<\/a><\/span><span class=\"comment\"><a href=\"https:\/\/baycelik.com.tr\/en\/benefits-of-sunflower-seed\/#respond\">0 comment<\/a><\/span><\/div><h3 class=\"title\"><span><a href=\"https:\/\/baycelik.com.tr\/en\/benefits-of-sunflower-seed\/\">Benefits of Sunflower Seed<\/a><\/span><\/h3><div class=\"post-link\"><a href=\"https:\/\/baycelik.com.tr\/en\/benefits-of-sunflower-seed\/\" class=\"\"><span>Read More<\/span><\/a><\/div><\/div>\t        <\/div>\r\n\t    <\/div><!-- \/.posts-item -->\r\n\t    \r\n\t\r\n\t\t\t\t<div class=\"post-item clearfix\">\r\n\t\t\t<div class=\"inner\">\r\n\t\t\t<div class=\"image-wrap\"><div class=\"post-date-custom\"><span>14 Oct, 2022<\/span><\/div><img decoding=\"async\" src=\"https:\/\/baycelik.com.tr\/wp-content\/uploads\/2022\/10\/aycicegi-2-480x400.jpeg\" alt=\"Image\"><\/div><div class=\"content-wrap\"><div class=\"meta\"><span class=\"author\"><a class=\"name\" href=\"https:\/\/baycelik.com.tr\/en\/author\/baycelik\/\" title=\"View all posts by baycelik\">baycelik<\/a><\/span><span class=\"comment\"><a href=\"https:\/\/baycelik.com.tr\/en\/nutritional-value-of-sunflower-seed\/#respond\">0 comment<\/a><\/span><\/div><h3 class=\"title\"><span><a href=\"https:\/\/baycelik.com.tr\/en\/nutritional-value-of-sunflower-seed\/\">Nutritional Value of Sunflower Seed<\/a><\/span><\/h3><div class=\"post-link\"><a href=\"https:\/\/baycelik.com.tr\/en\/nutritional-value-of-sunflower-seed\/\" class=\"\"><span>Read More<\/span><\/a><\/div><\/div>\t        <\/div>\r\n\t    <\/div><!-- \/.posts-item -->\r\n\t    \r\n\t\t<\/div><!-- \/.owl-carousel -->\r\n\r\n\r\n<\/div><!-- \/.agrikole-news -->\r\n[\/vc_column][\/vc_row]<\/p>\n","protected":false},"excerpt":{"rendered":"<p>[vc_row][vc_column][\/vc_column][\/vc_row]<\/p>\n","protected":false},"author":1,"featured_media":0,"parent":0,"menu_order":0,"comment_status":"closed","ping_status":"closed","template":"","meta":{"footnotes":""},"class_list":["post-15548","page","type-page","status-publish","hentry"],"yoast_head":"<!-- This site is optimized with the Yoast SEO plugin v26.4 - https:\/\/yoast.com\/wordpress\/plugins\/seo\/ -->\n<title>News - Baycelik<\/title>\n<meta name=\"robots\" content=\"index, follow, max-snippet:-1, max-image-preview:large, max-video-preview:-1\" \/>\n<link rel=\"canonical\" href=\"https:\/\/baycelik.com.tr\/en\/news\/\" \/>\n<meta property=\"og:locale\" content=\"en_US\" \/>\n<meta property=\"og:type\" content=\"article\" \/>\n<meta property=\"og:title\" content=\"News - Baycelik\" \/>\n<meta property=\"og:description\" content=\"[vc_row][vc_column][\/vc_column][\/vc_row]\" \/>\n<meta property=\"og:url\" content=\"https:\/\/baycelik.com.tr\/en\/news\/\" \/>\n<meta property=\"og:site_name\" content=\"Baycelik\" \/>\n<meta property=\"article:modified_time\" content=\"2023-03-17T16:25:34+00:00\" \/>\n<meta name=\"twitter:card\" content=\"summary_large_image\" \/>\n<meta name=\"twitter:label1\" content=\"Est. reading time\" \/>\n\t<meta name=\"twitter:data1\" content=\"1 minute\" \/>\n<script type=\"application\/ld+json\" class=\"yoast-schema-graph\">{\"@context\":\"https:\/\/schema.org\",\"@graph\":[{\"@type\":\"WebPage\",\"@id\":\"https:\/\/baycelik.com.tr\/en\/news\/\",\"url\":\"https:\/\/baycelik.com.tr\/en\/news\/\",\"name\":\"News - Baycelik\",\"isPartOf\":{\"@id\":\"https:\/\/baycelik.com.tr\/#website\"},\"datePublished\":\"2022-10-14T17:43:37+00:00\",\"dateModified\":\"2023-03-17T16:25:34+00:00\",\"breadcrumb\":{\"@id\":\"https:\/\/baycelik.com.tr\/en\/news\/#breadcrumb\"},\"inLanguage\":\"en-US\",\"potentialAction\":[{\"@type\":\"ReadAction\",\"target\":[\"https:\/\/baycelik.com.tr\/en\/news\/\"]}]},{\"@type\":\"BreadcrumbList\",\"@id\":\"https:\/\/baycelik.com.tr\/en\/news\/#breadcrumb\",\"itemListElement\":[{\"@type\":\"ListItem\",\"position\":1,\"name\":\"Anasayfa\",\"item\":\"https:\/\/baycelik.com.tr\/en\/\"},{\"@type\":\"ListItem\",\"position\":2,\"name\":\"News\"}]},{\"@type\":\"WebSite\",\"@id\":\"https:\/\/baycelik.com.tr\/#website\",\"url\":\"https:\/\/baycelik.com.tr\/\",\"name\":\"Baycelik\",\"description\":\"Ay\u00e7ekirde\u011fi ve Tar\u0131m \u00dcr\u00fcnleri\",\"publisher\":{\"@id\":\"https:\/\/baycelik.com.tr\/#organization\"},\"potentialAction\":[{\"@type\":\"SearchAction\",\"target\":{\"@type\":\"EntryPoint\",\"urlTemplate\":\"https:\/\/baycelik.com.tr\/?s={search_term_string}\"},\"query-input\":{\"@type\":\"PropertyValueSpecification\",\"valueRequired\":true,\"valueName\":\"search_term_string\"}}],\"inLanguage\":\"en-US\"},{\"@type\":\"Organization\",\"@id\":\"https:\/\/baycelik.com.tr\/#organization\",\"name\":\"Baycelik\",\"url\":\"https:\/\/baycelik.com.tr\/\",\"logo\":{\"@type\":\"ImageObject\",\"inLanguage\":\"en-US\",\"@id\":\"https:\/\/baycelik.com.tr\/#\/schema\/logo\/image\/\",\"url\":\"\",\"contentUrl\":\"\",\"caption\":\"Baycelik\"},\"image\":{\"@id\":\"https:\/\/baycelik.com.tr\/#\/schema\/logo\/image\/\"}}]}<\/script>\n<!-- \/ Yoast SEO plugin. -->","yoast_head_json":{"title":"News - Baycelik","robots":{"index":"index","follow":"follow","max-snippet":"max-snippet:-1","max-image-preview":"max-image-preview:large","max-video-preview":"max-video-preview:-1"},"canonical":"https:\/\/baycelik.com.tr\/en\/news\/","og_locale":"en_US","og_type":"article","og_title":"News - Baycelik","og_description":"[vc_row][vc_column][\/vc_column][\/vc_row]","og_url":"https:\/\/baycelik.com.tr\/en\/news\/","og_site_name":"Baycelik","article_modified_time":"2023-03-17T16:25:34+00:00","twitter_card":"summary_large_image","twitter_misc":{"Est. reading time":"1 minute"},"schema":{"@context":"https:\/\/schema.org","@graph":[{"@type":"WebPage","@id":"https:\/\/baycelik.com.tr\/en\/news\/","url":"https:\/\/baycelik.com.tr\/en\/news\/","name":"News - Baycelik","isPartOf":{"@id":"https:\/\/baycelik.com.tr\/#website"},"datePublished":"2022-10-14T17:43:37+00:00","dateModified":"2023-03-17T16:25:34+00:00","breadcrumb":{"@id":"https:\/\/baycelik.com.tr\/en\/news\/#breadcrumb"},"inLanguage":"en-US","potentialAction":[{"@type":"ReadAction","target":["https:\/\/baycelik.com.tr\/en\/news\/"]}]},{"@type":"BreadcrumbList","@id":"https:\/\/baycelik.com.tr\/en\/news\/#breadcrumb","itemListElement":[{"@type":"ListItem","position":1,"name":"Anasayfa","item":"https:\/\/baycelik.com.tr\/en\/"},{"@type":"ListItem","position":2,"name":"News"}]},{"@type":"WebSite","@id":"https:\/\/baycelik.com.tr\/#website","url":"https:\/\/baycelik.com.tr\/","name":"Baycelik","description":"Ay\u00e7ekirde\u011fi ve Tar\u0131m \u00dcr\u00fcnleri","publisher":{"@id":"https:\/\/baycelik.com.tr\/#organization"},"potentialAction":[{"@type":"SearchAction","target":{"@type":"EntryPoint","urlTemplate":"https:\/\/baycelik.com.tr\/?s={search_term_string}"},"query-input":{"@type":"PropertyValueSpecification","valueRequired":true,"valueName":"search_term_string"}}],"inLanguage":"en-US"},{"@type":"Organization","@id":"https:\/\/baycelik.com.tr\/#organization","name":"Baycelik","url":"https:\/\/baycelik.com.tr\/","logo":{"@type":"ImageObject","inLanguage":"en-US","@id":"https:\/\/baycelik.com.tr\/#\/schema\/logo\/image\/","url":"","contentUrl":"","caption":"Baycelik"},"image":{"@id":"https:\/\/baycelik.com.tr\/#\/schema\/logo\/image\/"}}]}},"_links":{"self":[{"href":"https:\/\/baycelik.com.tr\/en\/wp-json\/wp\/v2\/pages\/15548","targetHints":{"allow":["GET"]}}],"collection":[{"href":"https:\/\/baycelik.com.tr\/en\/wp-json\/wp\/v2\/pages"}],"about":[{"href":"https:\/\/baycelik.com.tr\/en\/wp-json\/wp\/v2\/types\/page"}],"author":[{"embeddable":true,"href":"https:\/\/baycelik.com.tr\/en\/wp-json\/wp\/v2\/users\/1"}],"replies":[{"embeddable":true,"href":"https:\/\/baycelik.com.tr\/en\/wp-json\/wp\/v2\/comments?post=15548"}],"version-history":[{"count":2,"href":"https:\/\/baycelik.com.tr\/en\/wp-json\/wp\/v2\/pages\/15548\/revisions"}],"predecessor-version":[{"id":15655,"href":"https:\/\/baycelik.com.tr\/en\/wp-json\/wp\/v2\/pages\/15548\/revisions\/15655"}],"wp:attachment":[{"href":"https:\/\/baycelik.com.tr\/en\/wp-json\/wp\/v2\/media?parent=15548"}],"curies":[{"name":"wp","href":"https:\/\/api.w.org\/{rel}","templated":true}]}}