{"id":15590,"date":"2022-10-15T00:45:56","date_gmt":"2022-10-14T21:45:56","guid":{"rendered":"https:\/\/baycelik.com.tr\/sunflower-seed-sifting\/"},"modified":"2023-03-17T19:27:17","modified_gmt":"2023-03-17T16:27:17","slug":"sunflower-seed-sifting","status":"publish","type":"page","link":"https:\/\/baycelik.com.tr\/en\/sunflower-seed-sifting\/","title":{"rendered":"Sunflower Seed Sifting"},"content":{"rendered":"<p>[vc_row full_width=&#8221;stretch_row&#8221; css=&#8221;.vc_custom_1582081388323{background-color: #f5f0e9 !important;}&#8221;][vc_column]\r\n\t<div class=\"agrikole-spacer clearfix\" data-desktop=\"120\" data-mobi=\"60\" data-smobi=\"60\"><\/div>[vc_row_inner][vc_column_inner width=&#8221;1\/2&#8243;][\/vc_column_inner][vc_column_inner width=&#8221;1\/2&#8243;]<div class=\"agrikole-simple-image simple \" style=\"border-radius:5px;overflow:hidden;\">\r\n\t\t\t\t<img decoding=\"async\" alt=\"image\" src=\"https:\/\/baycelik.com.tr\/wp-content\/uploads\/2022\/10\/image-1-1.jpeg\" \/> \r\n\t\t\t<\/div>[\/vc_column_inner][\/vc_row_inner][\/vc_column][\/vc_row][vc_row][vc_column][vc_row_inner][vc_column_inner width=&#8221;1\/2&#8243;]<div class=\"agrikole-content-box clearfix \" data-padding=\"110px 120px 120px\" data-mobipadding=\"60px\" data-margin=\"-543px 0px 0px -150px\" data-mobimargin=\"-443px 0px 0px 0px\" >\r\n\t\t<div class=\"inner ctb-79858623\" style=\"\"  data-background=\"#ffffff\" data-rounded=\"5px\" data-border-style=\"solid\" data-shadow=\" 0px 20px 20px 0px rgba(0,0,0,0.05)\" data-border-style-hover=\"solid\">\r\n\t\t\t<div class=\"agrikole-headings clearfix \" data-font=70 data-mfont=60 style=\"\"><div class=\"pre-heading clearfix\" style=\"font-weight:600;color:#5b8c51;font-size:14px;letter-spacing:3px;\">\r\n\t\tBay\u00e7elik\r\n\t<\/div><h2 class=\"heading clearfix \" style=\"line-height:70px;font-size:70px;\">\r\n\t\tSUNSEED SCREENING\r\n\t<\/h2><div class=\"sep clearfix\" style=\"margin:5px 0 0;\">\r\n\t\t\t\t<img decoding=\"async\" alt=\"image\" src=\"https:\/\/baycelik.com.tr\/wp-content\/uploads\/2020\/01\/separator.png\">\r\n\t\t\t<\/div><\/div>\r\n\t<div class=\"agrikole-spacer clearfix\" data-desktop=\"35\" data-mobi=\"35\" data-smobi=\"35\"><\/div>[vc_column_text]After the sunflower seed is harvested, it has to go through a number of processes in order to come to our tables. Elimination should be done at the beginning of these processes. Since foreign materials such as light grain, stone, sunflower seed dust, leaves, etc. in the natural sunflower seeds must be separated from the product, the sunflower seeds taken naturally within our company are first passed through the Pre-Sieving process and pass to the clean screening stage in the second stage.[\/vc_column_text]\r\n\t<div class=\"agrikole-spacer clearfix\" data-desktop=\"35\" data-mobi=\"35\" data-smobi=\"35\"><\/div>\r\n\t\t<\/div>\r\n\t<\/div>[\/vc_column_inner][\/vc_row_inner][\/vc_column][\/vc_row]<\/p>\n","protected":false},"excerpt":{"rendered":"<p>[vc_row full_width=&#8221;stretch_row&#8221; css=&#8221;.vc_custom_1582081388323{background-color: #f5f0e9 !important;}&#8221;][vc_column][vc_row_inner][vc_column_inner width=&#8221;1\/2&#8243;][\/vc_column_inner][vc_column_inner width=&#8221;1\/2&#8243;][\/vc_column_inner][\/vc_row_inner][\/vc_column][\/vc_row][vc_row][vc_column][vc_row_inner][vc_column_inner width=&#8221;1\/2&#8243;][\/vc_column_inner][\/vc_row_inner][\/vc_column][\/vc_row]<\/p>\n","protected":false},"author":1,"featured_media":0,"parent":0,"menu_order":0,"comment_status":"closed","ping_status":"closed","template":"","meta":{"footnotes":""},"class_list":["post-15590","page","type-page","status-publish","hentry"],"yoast_head":"<!-- This site is optimized with the Yoast SEO plugin v26.4 - https:\/\/yoast.com\/wordpress\/plugins\/seo\/ -->\n<title>Sunflower Seed Sifting - Baycelik<\/title>\n<meta name=\"robots\" content=\"index, follow, max-snippet:-1, max-image-preview:large, max-video-preview:-1\" \/>\n<link rel=\"canonical\" href=\"https:\/\/baycelik.com.tr\/en\/sunflower-seed-sifting\/\" \/>\n<meta property=\"og:locale\" content=\"en_US\" \/>\n<meta property=\"og:type\" content=\"article\" \/>\n<meta property=\"og:title\" content=\"Sunflower Seed Sifting - Baycelik\" \/>\n<meta property=\"og:description\" content=\"[vc_row full_width=&#8221;stretch_row&#8221; css=&#8221;.vc_custom_1582081388323{background-color: #f5f0e9 !important;}&#8221;][vc_column][vc_row_inner][vc_column_inner width=&#8221;1\/2&#8243;][\/vc_column_inner][vc_column_inner width=&#8221;1\/2&#8243;][\/vc_column_inner][\/vc_row_inner][\/vc_column][\/vc_row][vc_row][vc_column][vc_row_inner][vc_column_inner width=&#8221;1\/2&#8243;][\/vc_column_inner][\/vc_row_inner][\/vc_column][\/vc_row]\" \/>\n<meta property=\"og:url\" content=\"https:\/\/baycelik.com.tr\/en\/sunflower-seed-sifting\/\" \/>\n<meta property=\"og:site_name\" content=\"Baycelik\" \/>\n<meta property=\"article:modified_time\" content=\"2023-03-17T16:27:17+00:00\" \/>\n<meta name=\"twitter:card\" content=\"summary_large_image\" \/>\n<meta name=\"twitter:label1\" content=\"Est. reading time\" \/>\n\t<meta name=\"twitter:data1\" content=\"1 minute\" \/>\n<script type=\"application\/ld+json\" class=\"yoast-schema-graph\">{\"@context\":\"https:\/\/schema.org\",\"@graph\":[{\"@type\":\"WebPage\",\"@id\":\"https:\/\/baycelik.com.tr\/en\/sunflower-seed-sifting\/\",\"url\":\"https:\/\/baycelik.com.tr\/en\/sunflower-seed-sifting\/\",\"name\":\"Sunflower Seed Sifting - Baycelik\",\"isPartOf\":{\"@id\":\"https:\/\/baycelik.com.tr\/#website\"},\"datePublished\":\"2022-10-14T21:45:56+00:00\",\"dateModified\":\"2023-03-17T16:27:17+00:00\",\"breadcrumb\":{\"@id\":\"https:\/\/baycelik.com.tr\/en\/sunflower-seed-sifting\/#breadcrumb\"},\"inLanguage\":\"en-US\",\"potentialAction\":[{\"@type\":\"ReadAction\",\"target\":[\"https:\/\/baycelik.com.tr\/en\/sunflower-seed-sifting\/\"]}]},{\"@type\":\"BreadcrumbList\",\"@id\":\"https:\/\/baycelik.com.tr\/en\/sunflower-seed-sifting\/#breadcrumb\",\"itemListElement\":[{\"@type\":\"ListItem\",\"position\":1,\"name\":\"Anasayfa\",\"item\":\"https:\/\/baycelik.com.tr\/en\/\"},{\"@type\":\"ListItem\",\"position\":2,\"name\":\"Sunflower Seed Sifting\"}]},{\"@type\":\"WebSite\",\"@id\":\"https:\/\/baycelik.com.tr\/#website\",\"url\":\"https:\/\/baycelik.com.tr\/\",\"name\":\"Baycelik\",\"description\":\"Ay\u00e7ekirde\u011fi ve Tar\u0131m \u00dcr\u00fcnleri\",\"publisher\":{\"@id\":\"https:\/\/baycelik.com.tr\/#organization\"},\"potentialAction\":[{\"@type\":\"SearchAction\",\"target\":{\"@type\":\"EntryPoint\",\"urlTemplate\":\"https:\/\/baycelik.com.tr\/?s={search_term_string}\"},\"query-input\":{\"@type\":\"PropertyValueSpecification\",\"valueRequired\":true,\"valueName\":\"search_term_string\"}}],\"inLanguage\":\"en-US\"},{\"@type\":\"Organization\",\"@id\":\"https:\/\/baycelik.com.tr\/#organization\",\"name\":\"Baycelik\",\"url\":\"https:\/\/baycelik.com.tr\/\",\"logo\":{\"@type\":\"ImageObject\",\"inLanguage\":\"en-US\",\"@id\":\"https:\/\/baycelik.com.tr\/#\/schema\/logo\/image\/\",\"url\":\"\",\"contentUrl\":\"\",\"caption\":\"Baycelik\"},\"image\":{\"@id\":\"https:\/\/baycelik.com.tr\/#\/schema\/logo\/image\/\"}}]}<\/script>\n<!-- \/ Yoast SEO plugin. -->","yoast_head_json":{"title":"Sunflower Seed Sifting - Baycelik","robots":{"index":"index","follow":"follow","max-snippet":"max-snippet:-1","max-image-preview":"max-image-preview:large","max-video-preview":"max-video-preview:-1"},"canonical":"https:\/\/baycelik.com.tr\/en\/sunflower-seed-sifting\/","og_locale":"en_US","og_type":"article","og_title":"Sunflower Seed Sifting - Baycelik","og_description":"[vc_row full_width=&#8221;stretch_row&#8221; css=&#8221;.vc_custom_1582081388323{background-color: #f5f0e9 !important;}&#8221;][vc_column][vc_row_inner][vc_column_inner width=&#8221;1\/2&#8243;][\/vc_column_inner][vc_column_inner width=&#8221;1\/2&#8243;][\/vc_column_inner][\/vc_row_inner][\/vc_column][\/vc_row][vc_row][vc_column][vc_row_inner][vc_column_inner width=&#8221;1\/2&#8243;][\/vc_column_inner][\/vc_row_inner][\/vc_column][\/vc_row]","og_url":"https:\/\/baycelik.com.tr\/en\/sunflower-seed-sifting\/","og_site_name":"Baycelik","article_modified_time":"2023-03-17T16:27:17+00:00","twitter_card":"summary_large_image","twitter_misc":{"Est. reading time":"1 minute"},"schema":{"@context":"https:\/\/schema.org","@graph":[{"@type":"WebPage","@id":"https:\/\/baycelik.com.tr\/en\/sunflower-seed-sifting\/","url":"https:\/\/baycelik.com.tr\/en\/sunflower-seed-sifting\/","name":"Sunflower Seed Sifting - Baycelik","isPartOf":{"@id":"https:\/\/baycelik.com.tr\/#website"},"datePublished":"2022-10-14T21:45:56+00:00","dateModified":"2023-03-17T16:27:17+00:00","breadcrumb":{"@id":"https:\/\/baycelik.com.tr\/en\/sunflower-seed-sifting\/#breadcrumb"},"inLanguage":"en-US","potentialAction":[{"@type":"ReadAction","target":["https:\/\/baycelik.com.tr\/en\/sunflower-seed-sifting\/"]}]},{"@type":"BreadcrumbList","@id":"https:\/\/baycelik.com.tr\/en\/sunflower-seed-sifting\/#breadcrumb","itemListElement":[{"@type":"ListItem","position":1,"name":"Anasayfa","item":"https:\/\/baycelik.com.tr\/en\/"},{"@type":"ListItem","position":2,"name":"Sunflower Seed Sifting"}]},{"@type":"WebSite","@id":"https:\/\/baycelik.com.tr\/#website","url":"https:\/\/baycelik.com.tr\/","name":"Baycelik","description":"Ay\u00e7ekirde\u011fi ve Tar\u0131m \u00dcr\u00fcnleri","publisher":{"@id":"https:\/\/baycelik.com.tr\/#organization"},"potentialAction":[{"@type":"SearchAction","target":{"@type":"EntryPoint","urlTemplate":"https:\/\/baycelik.com.tr\/?s={search_term_string}"},"query-input":{"@type":"PropertyValueSpecification","valueRequired":true,"valueName":"search_term_string"}}],"inLanguage":"en-US"},{"@type":"Organization","@id":"https:\/\/baycelik.com.tr\/#organization","name":"Baycelik","url":"https:\/\/baycelik.com.tr\/","logo":{"@type":"ImageObject","inLanguage":"en-US","@id":"https:\/\/baycelik.com.tr\/#\/schema\/logo\/image\/","url":"","contentUrl":"","caption":"Baycelik"},"image":{"@id":"https:\/\/baycelik.com.tr\/#\/schema\/logo\/image\/"}}]}},"_links":{"self":[{"href":"https:\/\/baycelik.com.tr\/en\/wp-json\/wp\/v2\/pages\/15590","targetHints":{"allow":["GET"]}}],"collection":[{"href":"https:\/\/baycelik.com.tr\/en\/wp-json\/wp\/v2\/pages"}],"about":[{"href":"https:\/\/baycelik.com.tr\/en\/wp-json\/wp\/v2\/types\/page"}],"author":[{"embeddable":true,"href":"https:\/\/baycelik.com.tr\/en\/wp-json\/wp\/v2\/users\/1"}],"replies":[{"embeddable":true,"href":"https:\/\/baycelik.com.tr\/en\/wp-json\/wp\/v2\/comments?post=15590"}],"version-history":[{"count":2,"href":"https:\/\/baycelik.com.tr\/en\/wp-json\/wp\/v2\/pages\/15590\/revisions"}],"predecessor-version":[{"id":15592,"href":"https:\/\/baycelik.com.tr\/en\/wp-json\/wp\/v2\/pages\/15590\/revisions\/15592"}],"wp:attachment":[{"href":"https:\/\/baycelik.com.tr\/en\/wp-json\/wp\/v2\/media?parent=15590"}],"curies":[{"name":"wp","href":"https:\/\/api.w.org\/{rel}","templated":true}]}}