{"id":15596,"date":"2022-10-14T23:59:56","date_gmt":"2022-10-14T20:59:56","guid":{"rendered":"https:\/\/baycelik.com.tr\/sunflower-seeds\/"},"modified":"2023-03-17T19:27:11","modified_gmt":"2023-03-17T16:27:11","slug":"sunflower-seeds","status":"publish","type":"page","link":"https:\/\/baycelik.com.tr\/en\/sunflower-seeds\/","title":{"rendered":"Sunflower seeds"},"content":{"rendered":"<p class=\"p2\"><strong>Sunflower seed<\/strong> is known as the fruit of the plant whose Latin name is Helianthus annuus. This plant is a large flowering plant belonging to the daisy family, which produces one crop per year. The stems of the plant grow up to 3 meters, and the flower grows up to 30 centimeters in diameter. This plant can be grown in any region where irrigation opportunities may be limited. There are also seventy species of plants of this genus.<\/p>\n<p class=\"p2\">Due to its high oil content, it is widely used in oil production. It is sold as a lightly roasted snack on the tables, salted, unsalted, with sauce and pepper.<\/p>\n<p class=\"p2\">There are also bakery products made with sunflower seeds. When looking at the content according to the nutritional values, it is 18.76 g, sugar, 2.62 g, fat, 49.57 g, protein, 22.78 g, vitamin E (230%) 34.50 mg, calcium (12%) 116 mg. Sunflower seeds are one of the small and delicious snack foods.<\/p>\n<p class=\"p2\">In addition, it is a very valuable food for human health. Especially the various vitamins and fibers in the sunflower seeds complete the deficiencies of the body, which are necessary for health.<\/p>\n<p>Our Production Locations:<\/p>\n<ul>\n<li><strong><span style=\"color: #000000;\"><a href=\"https:\/\/baycelik.com.tr\/en\/denizli-sunflower-seeds\/\" style=\"color: #000000;\">Denizli Sunflower Seed<\/a><\/span><\/strong><\/li>\n<li><span style=\"color: #000000;\"><strong><a href=\"https:\/\/baycelik.com.tr\/en\/civril-sunflower-seeds\/\" style=\"color: #000000;\">Civril Sunflower Seed<\/a><\/strong><\/span><\/li>\n<\/ul>\n<div id='gallery-1' class='gallery galleryid-15596 gallery-columns-2 gallery-size-full'><figure class='gallery-item'>\n\t\t\t<div class='gallery-icon portrait'>\n\t\t\t\t<img loading=\"lazy\" decoding=\"async\" width=\"1024\" height=\"1365\" src=\"https:\/\/baycelik.com.tr\/wp-content\/uploads\/2022\/10\/bayceliks-1-3.jpeg\" class=\"attachment-full size-full\" alt=\"\" srcset=\"https:\/\/baycelik.com.tr\/wp-content\/uploads\/2022\/10\/bayceliks-1-3.jpeg 1024w, https:\/\/baycelik.com.tr\/wp-content\/uploads\/2022\/10\/bayceliks-1-3-225x300.jpeg 225w, https:\/\/baycelik.com.tr\/wp-content\/uploads\/2022\/10\/bayceliks-1-3-768x1024.jpeg 768w\" sizes=\"auto, (max-width: 1024px) 100vw, 1024px\" \/>\n\t\t\t<\/div><\/figure><figure class='gallery-item'>\n\t\t\t<div class='gallery-icon portrait'>\n\t\t\t\t<img loading=\"lazy\" decoding=\"async\" width=\"1024\" height=\"1365\" src=\"https:\/\/baycelik.com.tr\/wp-content\/uploads\/2022\/10\/bayceliks-2.jpeg\" class=\"attachment-full size-full\" alt=\"\" srcset=\"https:\/\/baycelik.com.tr\/wp-content\/uploads\/2022\/10\/bayceliks-2.jpeg 1024w, https:\/\/baycelik.com.tr\/wp-content\/uploads\/2022\/10\/bayceliks-2-225x300.jpeg 225w, https:\/\/baycelik.com.tr\/wp-content\/uploads\/2022\/10\/bayceliks-2-768x1024.jpeg 768w\" sizes=\"auto, (max-width: 1024px) 100vw, 1024px\" \/>\n\t\t\t<\/div><\/figure>\n\t\t<\/div>\n\n<h2><b>What are the Benefits of Sunflower Seeds? <\/b><\/h2>\n<p class=\"p2\">Sunflower seeds have many health benefits due to the fiber, vitamins and other nutrients in them. These benefits are;<\/p>\n<ul class=\"ul1\">\n<li class=\"li2\"><span class=\"s1\"><\/span>Provides skin rejuvenation<\/li>\n<li class=\"li2\"><span class=\"s1\"><\/span>It helps to remove wrinkles on the skin by accelerating blood circulation with vitamin E in it.<\/li>\n<li class=\"li2\"><span class=\"s1\"><\/span>The fiber in it helps the digestive system to work regularly.<\/li>\n<li class=\"li2\"><span class=\"s1\"><\/span>Thanks to the oil in its content, it helps to prevent vascular occlusions by increasing good cholesterol.<\/li>\n<li class=\"li2\"><span class=\"s1\"><\/span>It is a natural aid for Alzheimer&#8217;s disease.<\/li>\n<li class=\"li2\"><span class=\"s1\"><\/span>It is good for cardiovascular diseases.<\/li>\n<li class=\"li2\"><span class=\"s1\"><\/span>It is good for nail breakage and hair loss.<\/li>\n<li class=\"li2\"><span class=\"s1\"><\/span>It is useful in panic attacks and depression disorders.<\/li>\n<li class=\"li2\"><span class=\"s1\"><\/span>It helps regulate blood sugar levels.<\/li>\n<li class=\"li2\"><span class=\"s1\"><\/span>It helps the thyroid glands to function regularly.<\/li>\n<li class=\"li2\"><span class=\"s1\"><\/span>It is among the natural foods that are effective against muscle weakness and pain.<\/li>\n<li class=\"li2\"><span class=\"s1\"><\/span>It also takes the swelling that occurs in the body.<\/li>\n<\/ul>\n<p class=\"p2\">Consumption of sunflower seeds is very beneficial to human life as mentioned above.<\/p>\n<h2 class=\"p2\"><b>What Does Sunflower Seed Do?<\/b><\/h2>\n<p class=\"p2\">Sunflower seeds contain high amounts of minerals, fiber and nutrients. It has many benefits in terms of health, especially if it is consumed regularly every day. These;<\/p>\n<ul class=\"ul1\">\n<li class=\"li2\"><span class=\"s1\"><\/span>Since it contains high amount of phosphorus, it is good for bone and muscle health.<\/li>\n<li class=\"li2\"><span class=\"s1\"><\/span>Thanks to the antioxidants in its content, it protects the immune system against viruses and bacteria.<\/li>\n<li class=\"li2\"><span class=\"s1\"><\/span>With the vitamin E in it, it is preventive against serious deformations on the skin, hair loss and wear.<\/li>\n<li class=\"li2\"><span class=\"s1\"><\/span>By renewing the nerve cells, it prevents the processes that cause diseases such as headache, depression, fatigue and depression.<\/li>\n<li class=\"li2\"><span class=\"s1\"><\/span>Since it is a pulpy food, it cleans the intestines and prevents constipation problems.<\/li>\n<li class=\"li2\"><span class=\"s2\"><\/span>It is good for problems such as high fever, sputum and cough that cause upper respiratory tract diseases.<\/li>\n<li class=\"li2\"><span class=\"s1\"><\/span>Thanks to its high magnesium content, it strengthens the immune system. People who consume it regularly gain resistance to various diseases.<\/li>\n<li class=\"li2\"><span class=\"s1\"><\/span>It supports by regulating protein synthesis.<\/li>\n<li class=\"li2\"><span class=\"s1\"><\/span>It is a natural and effective treatment method against stress.<\/li>\n<li class=\"li2\"><span class=\"s1\"><\/span>It is a natural antidepressant and is good for depression.<\/li>\n<li class=\"li2\"><span class=\"s1\"><\/span>Thanks to its cell renewal feature, it positively affects brain health and strengthens memory.<\/li>\n<li class=\"li2\"><span class=\"s1\"><\/span>It helps people feel more comfortable by regulating their emotional states.<\/li>\n<\/ul>\n<p class=\"p2\">With the above-mentioned features, it is a very useful food for human body and mental health.<\/p>\n<div id='gallery-2' class='gallery galleryid-15596 gallery-columns-3 gallery-size-full'><figure class='gallery-item'>\n\t\t\t<div class='gallery-icon portrait'>\n\t\t\t\t<img loading=\"lazy\" decoding=\"async\" width=\"1024\" height=\"1365\" src=\"https:\/\/baycelik.com.tr\/wp-content\/uploads\/2022\/10\/bayceliks-5.jpeg\" class=\"attachment-full size-full\" alt=\"\" srcset=\"https:\/\/baycelik.com.tr\/wp-content\/uploads\/2022\/10\/bayceliks-5.jpeg 1024w, https:\/\/baycelik.com.tr\/wp-content\/uploads\/2022\/10\/bayceliks-5-225x300.jpeg 225w, https:\/\/baycelik.com.tr\/wp-content\/uploads\/2022\/10\/bayceliks-5-768x1024.jpeg 768w\" sizes=\"auto, (max-width: 1024px) 100vw, 1024px\" \/>\n\t\t\t<\/div><\/figure><figure class='gallery-item'>\n\t\t\t<div class='gallery-icon portrait'>\n\t\t\t\t<img loading=\"lazy\" decoding=\"async\" width=\"1024\" height=\"1365\" src=\"https:\/\/baycelik.com.tr\/wp-content\/uploads\/2022\/10\/bayceliks-7.jpeg\" class=\"attachment-full size-full\" alt=\"\" srcset=\"https:\/\/baycelik.com.tr\/wp-content\/uploads\/2022\/10\/bayceliks-7.jpeg 1024w, https:\/\/baycelik.com.tr\/wp-content\/uploads\/2022\/10\/bayceliks-7-225x300.jpeg 225w, https:\/\/baycelik.com.tr\/wp-content\/uploads\/2022\/10\/bayceliks-7-768x1024.jpeg 768w\" sizes=\"auto, (max-width: 1024px) 100vw, 1024px\" \/>\n\t\t\t<\/div><\/figure><figure class='gallery-item'>\n\t\t\t<div class='gallery-icon portrait'>\n\t\t\t\t<img loading=\"lazy\" decoding=\"async\" width=\"1024\" height=\"1365\" src=\"https:\/\/baycelik.com.tr\/wp-content\/uploads\/2022\/10\/bayceliks-6.jpeg\" class=\"attachment-full size-full\" alt=\"\" srcset=\"https:\/\/baycelik.com.tr\/wp-content\/uploads\/2022\/10\/bayceliks-6.jpeg 1024w, https:\/\/baycelik.com.tr\/wp-content\/uploads\/2022\/10\/bayceliks-6-225x300.jpeg 225w, https:\/\/baycelik.com.tr\/wp-content\/uploads\/2022\/10\/bayceliks-6-768x1024.jpeg 768w\" sizes=\"auto, (max-width: 1024px) 100vw, 1024px\" \/>\n\t\t\t<\/div><\/figure>\n\t\t<\/div>\n\n<h3 class=\"p2\"><b>How to Use Sunflower Seeds?<\/b><\/h3>\n<p class=\"p2\">The use of sunflower seeds is especially in the form of snacks. These snacks are consumed in the form of sweet and salty by roasting their seeds. However, it is one of the most used forms in our country, since it is used in oil from sunflower seeds. This oil is obtained directly from the seeds of the sunflower plant. Sunflower oil is also generally used in salads, meals and frying.<\/p>\n<h3 class=\"p2\"><b>What are the Nutrients in Sunflower Seeds?<\/b><\/h3>\n<p class=\"p2\">Vitamins E, B5, B1 and minerals such as political acid, copper, magnesium, phosphorus, zinc, selenium are included.<\/p>\n<h3 class=\"p2\"><b>Is there any harm to the moon core?<\/b><\/h3>\n<p class=\"p2\">Consumption of sunflower seeds more than necessary leads to an excessive accumulation of sodium in the body and this leads to side effects such as obesity. In the consumption of sunflower seeds, the seeds from the allergen food group cause allergic reactions such as tearing, itching and redness on the skin, eczema and sneezing in sensitive people.<\/p>\n<h3 class=\"p2\"><b>What is the Price of Sunflower Seeds?<\/b><\/h3>\n<p class=\"p2\">The average 2021 price of one kilogram of white sunflower seeds, which is the most consumed type of nuts in Turkey, is constantly changing due to market conditions. In order to follow the current prices, you can contact our company. We provide services at the most affordable price in the market conditions.<\/p>\n<h3 class=\"p2\"><b>How Much Sun Seed Should Be Consumed?<\/b><\/h3>\n<p class=\"p2\">It is recommended to consume at most one handful of raw sunflower seeds daily at snacks. In general, 25 grams of sunflower seeds should be consumed per day for women and 38 grams per day for men.<\/p>\n<h3 class=\"p2\"><b>How Much Oil Is in Sunflower Seeds?<\/b><\/h3>\n<p class=\"p2\">Looking at the content of roasted or unsalted sunflower seeds, seventy-two percent of the calories consist of fat.<\/p>\n<h3 class=\"p2\"><b>How Much Oil Is Produced From Sunflower Seeds?<\/b><\/h3>\n<p class=\"p2\">It is known that 1 kilo of oil is produced from 3 kilos of sunflower seeds.<\/p>\n<h3 class=\"p2\"><b>In Which Regions Does Sunflower Seed Grow?<\/b><\/h3>\n<p class=\"p2\">In almost many parts of the world, it is possible to grow the sunflower, which is the fruit of the sunflower seed. In our country, Tekirda\u011f is the place where the most sunflowers are grown, followed by Edirne. In general, sunflower is a plant that is grown extensively in the Marmara region with 47.2%, in the Central Anatolian region with 29.2%, and in the Black Sea region with 8.2%.<\/p>\n<h3 class=\"p2\"><b>In How Many Days Does Sunflower Seed Come Out?<\/b><\/h3>\n<p class=\"p2\">Sunflower seeds from the sunflower plant grow best at temperatures between 18 and 33 degrees. Depending on the species, the maturation of the sunflowers and the production of new seeds generally take between 80 and 120 days.<\/p>\n<div id='gallery-3' class='gallery galleryid-15596 gallery-columns-2 gallery-size-full'><figure class='gallery-item'>\n\t\t\t<div class='gallery-icon portrait'>\n\t\t\t\t<img loading=\"lazy\" decoding=\"async\" width=\"1024\" height=\"1365\" src=\"https:\/\/baycelik.com.tr\/wp-content\/uploads\/2022\/10\/bayceliks-3.jpeg\" class=\"attachment-full size-full\" alt=\"\" srcset=\"https:\/\/baycelik.com.tr\/wp-content\/uploads\/2022\/10\/bayceliks-3.jpeg 1024w, https:\/\/baycelik.com.tr\/wp-content\/uploads\/2022\/10\/bayceliks-3-225x300.jpeg 225w, https:\/\/baycelik.com.tr\/wp-content\/uploads\/2022\/10\/bayceliks-3-768x1024.jpeg 768w\" sizes=\"auto, (max-width: 1024px) 100vw, 1024px\" \/>\n\t\t\t<\/div><\/figure><figure class='gallery-item'>\n\t\t\t<div class='gallery-icon portrait'>\n\t\t\t\t<img loading=\"lazy\" decoding=\"async\" width=\"1024\" height=\"1365\" src=\"https:\/\/baycelik.com.tr\/wp-content\/uploads\/2022\/10\/bayceliks-4.jpeg\" class=\"attachment-full size-full\" alt=\"\" srcset=\"https:\/\/baycelik.com.tr\/wp-content\/uploads\/2022\/10\/bayceliks-4.jpeg 1024w, https:\/\/baycelik.com.tr\/wp-content\/uploads\/2022\/10\/bayceliks-4-225x300.jpeg 225w, https:\/\/baycelik.com.tr\/wp-content\/uploads\/2022\/10\/bayceliks-4-768x1024.jpeg 768w\" sizes=\"auto, (max-width: 1024px) 100vw, 1024px\" \/>\n\t\t\t<\/div><\/figure>\n\t\t<\/div>\n\n<h3 class=\"p2\"><b>How Many Months Does Sunflower Seed Grow?<\/b><\/h3>\n<p class=\"p2\">Sunflower, which is planted in Turkey in the beginning of April and in the middle of May, is generally harvested at the end of August and September. On average, it requires a cultivation period of 120 or 130 days.<\/p>\n<h3 class=\"p2\"><b>How Many Calories Are in Sunflower Seeds?<\/b><\/h3>\n<p class=\"p2\">The calories in sunflower seeds contain 582 kcal calories in 100 grams of roasted and unsalted varieties. There are 146 kcal calories in a handful, that is, in 25 grams. Due to the high amounts of protein, fat, potassium, E and B vitamins, zinc, copper, magnesium and phosphorus in its content, it has many positive effects in terms of health when it is not consumed too much. Raw consumption is especially recommended by experts.<\/p>\n<h3 class=\"p2\"><b>Does Sunflower Seed Make Weight?<\/b><\/h3>\n<p class=\"p2\">It is one of the questions asked by many people. Although the high amount of fat in its content seems to make you gain more weight, on the contrary, it helps you lose weight. Sunflower seeds are included in a food that helps to lose weight.<\/p>\n<p class=\"p2\">Although it is a rich food with fiber content that accelerates metabolism and supports weight loss, it is possible to see its benefits with a balanced consumption. Although sunflower seeds are a food source with high calorie support, they are a food with a very high fiber content. Since the fibers absorb water, they will swell in the stomach and slow down digestion by giving a feeling of satiety. With this feeling of satiety, it will help to lose weight by consuming less food.<\/p>\n","protected":false},"excerpt":{"rendered":"<p>Sunflower seed is known as the fruit of the plant whose Latin name is Helianthus annuus. This plant is a large flowering plant belonging to the daisy family, which produces<\/p>\n","protected":false},"author":1,"featured_media":0,"parent":0,"menu_order":0,"comment_status":"closed","ping_status":"closed","template":"","meta":{"footnotes":""},"class_list":["post-15596","page","type-page","status-publish","hentry"],"yoast_head":"<!-- This site is optimized with the Yoast SEO plugin v26.4 - https:\/\/yoast.com\/wordpress\/plugins\/seo\/ -->\n<title>What are the Benefits of Sunflower Seeds? - What Is Sunflower Seed Good For?<\/title>\n<meta name=\"description\" content=\"You can find all the information about the benefits of sunflower seeds and what is good for sunflower seeds from our content.\" \/>\n<meta name=\"robots\" content=\"index, follow, max-snippet:-1, max-image-preview:large, max-video-preview:-1\" \/>\n<link rel=\"canonical\" href=\"https:\/\/baycelik.com.tr\/en\/sunflower-seeds\/\" \/>\n<meta property=\"og:locale\" content=\"en_US\" \/>\n<meta property=\"og:type\" content=\"article\" \/>\n<meta property=\"og:title\" content=\"What are the Benefits of Sunflower Seeds? - What Is Sunflower Seed Good For?\" \/>\n<meta property=\"og:description\" content=\"You can find all the information about the benefits of sunflower seeds and what is good for sunflower seeds from our content.\" \/>\n<meta property=\"og:url\" content=\"https:\/\/baycelik.com.tr\/en\/sunflower-seeds\/\" \/>\n<meta property=\"og:site_name\" content=\"Baycelik\" \/>\n<meta property=\"article:modified_time\" content=\"2023-03-17T16:27:11+00:00\" \/>\n<meta property=\"og:image\" content=\"https:\/\/baycelik.com.tr\/wp-content\/uploads\/2022\/10\/bayceliks-1-3.jpeg\" \/>\n<meta name=\"twitter:card\" content=\"summary_large_image\" \/>\n<meta name=\"twitter:label1\" content=\"Est. reading time\" \/>\n\t<meta name=\"twitter:data1\" content=\"8 minutes\" \/>\n<script type=\"application\/ld+json\" class=\"yoast-schema-graph\">{\"@context\":\"https:\/\/schema.org\",\"@graph\":[{\"@type\":\"WebPage\",\"@id\":\"https:\/\/baycelik.com.tr\/en\/sunflower-seeds\/\",\"url\":\"https:\/\/baycelik.com.tr\/en\/sunflower-seeds\/\",\"name\":\"What are the Benefits of Sunflower Seeds? - What Is Sunflower Seed Good For?\",\"isPartOf\":{\"@id\":\"https:\/\/baycelik.com.tr\/#website\"},\"datePublished\":\"2022-10-14T20:59:56+00:00\",\"dateModified\":\"2023-03-17T16:27:11+00:00\",\"description\":\"You can find all the information about the benefits of sunflower seeds and what is good for sunflower seeds from our content.\",\"breadcrumb\":{\"@id\":\"https:\/\/baycelik.com.tr\/en\/sunflower-seeds\/#breadcrumb\"},\"inLanguage\":\"en-US\",\"potentialAction\":[{\"@type\":\"ReadAction\",\"target\":[\"https:\/\/baycelik.com.tr\/en\/sunflower-seeds\/\"]}]},{\"@type\":\"BreadcrumbList\",\"@id\":\"https:\/\/baycelik.com.tr\/en\/sunflower-seeds\/#breadcrumb\",\"itemListElement\":[{\"@type\":\"ListItem\",\"position\":1,\"name\":\"Anasayfa\",\"item\":\"https:\/\/baycelik.com.tr\/en\/\"},{\"@type\":\"ListItem\",\"position\":2,\"name\":\"Sunflower seeds\"}]},{\"@type\":\"WebSite\",\"@id\":\"https:\/\/baycelik.com.tr\/#website\",\"url\":\"https:\/\/baycelik.com.tr\/\",\"name\":\"Baycelik\",\"description\":\"Ay\u00e7ekirde\u011fi ve Tar\u0131m \u00dcr\u00fcnleri\",\"publisher\":{\"@id\":\"https:\/\/baycelik.com.tr\/#organization\"},\"potentialAction\":[{\"@type\":\"SearchAction\",\"target\":{\"@type\":\"EntryPoint\",\"urlTemplate\":\"https:\/\/baycelik.com.tr\/?s={search_term_string}\"},\"query-input\":{\"@type\":\"PropertyValueSpecification\",\"valueRequired\":true,\"valueName\":\"search_term_string\"}}],\"inLanguage\":\"en-US\"},{\"@type\":\"Organization\",\"@id\":\"https:\/\/baycelik.com.tr\/#organization\",\"name\":\"Baycelik\",\"url\":\"https:\/\/baycelik.com.tr\/\",\"logo\":{\"@type\":\"ImageObject\",\"inLanguage\":\"en-US\",\"@id\":\"https:\/\/baycelik.com.tr\/#\/schema\/logo\/image\/\",\"url\":\"\",\"contentUrl\":\"\",\"caption\":\"Baycelik\"},\"image\":{\"@id\":\"https:\/\/baycelik.com.tr\/#\/schema\/logo\/image\/\"}}]}<\/script>\n<!-- \/ Yoast SEO plugin. -->","yoast_head_json":{"title":"What are the Benefits of Sunflower Seeds? - What Is Sunflower Seed Good For?","description":"You can find all the information about the benefits of sunflower seeds and what is good for sunflower seeds from our content.","robots":{"index":"index","follow":"follow","max-snippet":"max-snippet:-1","max-image-preview":"max-image-preview:large","max-video-preview":"max-video-preview:-1"},"canonical":"https:\/\/baycelik.com.tr\/en\/sunflower-seeds\/","og_locale":"en_US","og_type":"article","og_title":"What are the Benefits of Sunflower Seeds? - What Is Sunflower Seed Good For?","og_description":"You can find all the information about the benefits of sunflower seeds and what is good for sunflower seeds from our content.","og_url":"https:\/\/baycelik.com.tr\/en\/sunflower-seeds\/","og_site_name":"Baycelik","article_modified_time":"2023-03-17T16:27:11+00:00","og_image":[{"url":"https:\/\/baycelik.com.tr\/wp-content\/uploads\/2022\/10\/bayceliks-1-3.jpeg","type":"","width":"","height":""}],"twitter_card":"summary_large_image","twitter_misc":{"Est. reading time":"8 minutes"},"schema":{"@context":"https:\/\/schema.org","@graph":[{"@type":"WebPage","@id":"https:\/\/baycelik.com.tr\/en\/sunflower-seeds\/","url":"https:\/\/baycelik.com.tr\/en\/sunflower-seeds\/","name":"What are the Benefits of Sunflower Seeds? - What Is Sunflower Seed Good For?","isPartOf":{"@id":"https:\/\/baycelik.com.tr\/#website"},"datePublished":"2022-10-14T20:59:56+00:00","dateModified":"2023-03-17T16:27:11+00:00","description":"You can find all the information about the benefits of sunflower seeds and what is good for sunflower seeds from our content.","breadcrumb":{"@id":"https:\/\/baycelik.com.tr\/en\/sunflower-seeds\/#breadcrumb"},"inLanguage":"en-US","potentialAction":[{"@type":"ReadAction","target":["https:\/\/baycelik.com.tr\/en\/sunflower-seeds\/"]}]},{"@type":"BreadcrumbList","@id":"https:\/\/baycelik.com.tr\/en\/sunflower-seeds\/#breadcrumb","itemListElement":[{"@type":"ListItem","position":1,"name":"Anasayfa","item":"https:\/\/baycelik.com.tr\/en\/"},{"@type":"ListItem","position":2,"name":"Sunflower seeds"}]},{"@type":"WebSite","@id":"https:\/\/baycelik.com.tr\/#website","url":"https:\/\/baycelik.com.tr\/","name":"Baycelik","description":"Ay\u00e7ekirde\u011fi ve Tar\u0131m \u00dcr\u00fcnleri","publisher":{"@id":"https:\/\/baycelik.com.tr\/#organization"},"potentialAction":[{"@type":"SearchAction","target":{"@type":"EntryPoint","urlTemplate":"https:\/\/baycelik.com.tr\/?s={search_term_string}"},"query-input":{"@type":"PropertyValueSpecification","valueRequired":true,"valueName":"search_term_string"}}],"inLanguage":"en-US"},{"@type":"Organization","@id":"https:\/\/baycelik.com.tr\/#organization","name":"Baycelik","url":"https:\/\/baycelik.com.tr\/","logo":{"@type":"ImageObject","inLanguage":"en-US","@id":"https:\/\/baycelik.com.tr\/#\/schema\/logo\/image\/","url":"","contentUrl":"","caption":"Baycelik"},"image":{"@id":"https:\/\/baycelik.com.tr\/#\/schema\/logo\/image\/"}}]}},"_links":{"self":[{"href":"https:\/\/baycelik.com.tr\/en\/wp-json\/wp\/v2\/pages\/15596","targetHints":{"allow":["GET"]}}],"collection":[{"href":"https:\/\/baycelik.com.tr\/en\/wp-json\/wp\/v2\/pages"}],"about":[{"href":"https:\/\/baycelik.com.tr\/en\/wp-json\/wp\/v2\/types\/page"}],"author":[{"embeddable":true,"href":"https:\/\/baycelik.com.tr\/en\/wp-json\/wp\/v2\/users\/1"}],"replies":[{"embeddable":true,"href":"https:\/\/baycelik.com.tr\/en\/wp-json\/wp\/v2\/comments?post=15596"}],"version-history":[{"count":1,"href":"https:\/\/baycelik.com.tr\/en\/wp-json\/wp\/v2\/pages\/15596\/revisions"}],"predecessor-version":[{"id":15647,"href":"https:\/\/baycelik.com.tr\/en\/wp-json\/wp\/v2\/pages\/15596\/revisions\/15647"}],"wp:attachment":[{"href":"https:\/\/baycelik.com.tr\/en\/wp-json\/wp\/v2\/media?parent=15596"}],"curies":[{"name":"wp","href":"https:\/\/api.w.org\/{rel}","templated":true}]}}