{"id":15616,"date":"2022-10-14T20:55:19","date_gmt":"2022-10-14T17:55:19","guid":{"rendered":"https:\/\/baycelik.com.tr\/wholesale-sunflower-seeds\/"},"modified":"2023-03-17T19:26:57","modified_gmt":"2023-03-17T16:26:57","slug":"wholesale-sunflower-seeds","status":"publish","type":"page","link":"https:\/\/baycelik.com.tr\/en\/wholesale-sunflower-seeds\/","title":{"rendered":"Wholesale Sunflower Seeds"},"content":{"rendered":"<p><span style=\"font-weight: 400;\">Sunflower seeds, which are the seeds of the sunflower plant, are one of the most popular nuts. It is consumed lovingly at any time of the day and stands out with its different usage areas. In Denizli-\u00c7ivril, which is considered to be the center of <strong>sunflower<\/strong> production in our country, the <a href=\"https:\/\/baycelik.com.tr\/en\/sunflower-seeds\/\"><strong>sunflower seed<\/strong><\/a> product purchased from the producer is made ready for consumption with the experience of Bay\u00e7elik. You can consume natural sunflower seeds at every meal of the day and between meals, and at the same time you can benefit from the positive effects it offers for the body. <\/span><\/p>\n<p><span style=\"font-weight: 400;\">Sunflower seeds, one of the leading healthy snacks with their nutritional values, continue to be indispensable in kitchens. It offers important benefits for the body with its fat, protein, carbohydrate and vitamin values. You can find sunflower seeds that appeal to different tastes in their most delicious form at Bay\u00e7elik. You can browse our page for detailed information about the journey of sea <strong>sunflower seeds<\/strong> from the field to your table and about wholesale sunflower seeds.<\/span><\/p>\n<figure id=\"attachment_14831\" aria-describedby=\"caption-attachment-14831\" style=\"width: 900px\" class=\"wp-caption aligncenter\"><a href=\"https:\/\/wa.me\/905332584577\"><img loading=\"lazy\" decoding=\"async\" src=\"https:\/\/baycelik.com.tr\/wp-content\/uploads\/2022\/10\/toptan-aycekirdegi-siparisi-icin-tikla.jpg\" alt=\"\" width=\"900\" height=\"200\" class=\"wp-image-14831 size-full\" srcset=\"https:\/\/baycelik.com.tr\/wp-content\/uploads\/2022\/10\/toptan-aycekirdegi-siparisi-icin-tikla.jpg 900w, https:\/\/baycelik.com.tr\/wp-content\/uploads\/2022\/10\/toptan-aycekirdegi-siparisi-icin-tikla-300x67.jpg 300w, https:\/\/baycelik.com.tr\/wp-content\/uploads\/2022\/10\/toptan-aycekirdegi-siparisi-icin-tikla-768x171.jpg 768w\" sizes=\"auto, (max-width: 900px) 100vw, 900px\" \/><\/a><figcaption id=\"caption-attachment-14831\" class=\"wp-caption-text\">Wholesale Sunflower Seeds Order<\/figcaption><\/figure>\n<p><span style=\"font-weight: 400;\">.<\/span><\/p>\n<h2><span style=\"color: #000000;\"><b>Types of Sunflower Seeds<\/b><\/span><\/h2>\n<p><span style=\"font-weight: 400;\">Sunflower seeds, the delightful companion of daily snacks, stand out in our country with its different varieties. The fresh sunflower seeds taken from the farmer are also flavored differently during the processing process, reaching varieties that can appeal to every palate. Black sunflower seeds, white sunflower seeds, unsalted seeds, unroasted sunflower seeds or roasted seeds are among the most well-known and almost consumed sunflower seeds. <\/span><\/p>\n<p><span style=\"font-weight: 400;\">The whole <strong>sunflower seeds<\/strong> taken from the field go through different processes while being ready for consumption. In these processes, while adding salt or roasting processes to reach different tastes, their calorie values \u200b\u200balso change. In these processes, while adding salt or roasting processes to reach different tastes, their calorie values \u200b\u200balso change. Sunflower seeds, which are sold as shelled, also take their place in the market in their unshelled form as sunflower kernels. The fact that it reaches different flavors in every way makes the sunflower one of the most popular nuts.<\/span><\/p>\n<h2><span style=\"color: #000000;\"><b>Nutritional Values \u200b\u200band Benefits of Sunflower Seeds<\/b><\/span><\/h2>\n<p><span style=\"font-weight: 400;\">This nut, which can be consumed almost every day, has come to the fore with its nutritional values \u200b\u200band benefits as a result of researches. So what are the benefits of sunflower seeds? Sunflower seeds offer benefits in different areas of the body, depending on their types and nutritional values. Especially among the benefits of black sunflower seeds, strengthening cardiovascular health comes to the fore. Looking at the nutritional values \u200b\u200bof sunflower seeds, an average of a handful of sunflower seeds;<\/span><\/p>\n<ul>\n<li style=\"font-weight: 400;\" aria-level=\"1\"><span style=\"font-weight: 400;\">18.5 g fat<\/span><\/li>\n<li style=\"font-weight: 400;\" aria-level=\"1\"><span style=\"font-weight: 400;\">7.5 g of protein<\/span><\/li>\n<li style=\"font-weight: 400;\" aria-level=\"1\"><span style=\"font-weight: 400;\">3.1 g fiber<\/span><\/li>\n<li style=\"font-weight: 400;\" aria-level=\"1\"><span style=\"font-weight: 400;\">0.7 carbohydrate<\/span><\/li>\n<li style=\"font-weight: 400;\" aria-level=\"1\"><span style=\"font-weight: 400;\">232.2 mg potassium<\/span><\/li>\n<li style=\"font-weight: 400;\" aria-level=\"1\"><span style=\"font-weight: 400;\">28.1 mg calcium<\/span><\/li>\n<li style=\"font-weight: 400;\" aria-level=\"1\"><span style=\"font-weight: 400;\">1.9 mg of iron<\/span><\/li>\n<\/ul>\n<p><span style=\"font-weight: 400;\">is found. In addition, sunflower seeds, which are rich in vitamins A and C, do not have cholesterol value. For this reason, it can be easily consumed by people with heart disease.<\/span><\/p>\n<p><span style=\"font-weight: 400;\">Among the benefits of sunflower seeds with these nutritional values;<\/span><\/p>\n<ul>\n<li style=\"font-weight: 400;\" aria-level=\"1\"><span style=\"font-weight: 400;\">It helps in the treatment of cardiovascular diseases.<\/span><\/li>\n<li style=\"font-weight: 400;\" aria-level=\"1\"><span style=\"font-weight: 400;\">It lowers the risk of heart attack.<\/span><\/li>\n<li style=\"font-weight: 400;\" aria-level=\"1\"><span style=\"font-weight: 400;\">It balances high blood pressure and cholesterol levels.<\/span><\/li>\n<li style=\"font-weight: 400;\" aria-level=\"1\"><span style=\"font-weight: 400;\">Thanks to the vitamin E in its content, it accelerates blood circulation, strengthens immunity, and prevents skin wrinkles.<\/span><\/li>\n<li style=\"font-weight: 400;\" aria-level=\"1\"><span style=\"font-weight: 400;\">It regulates the digestive system with its rich fiber structure. It facilitates weight loss.<\/span><\/li>\n<li style=\"font-weight: 400;\" aria-level=\"1\"><span style=\"font-weight: 400;\">It prevents problems such as nail breakage or hair loss.<\/span><\/li>\n<li style=\"font-weight: 400;\" aria-level=\"1\"><span style=\"font-weight: 400;\">It allows you to get the nutritional values \u200b\u200b\u200b\u200bthat should be taken daily. <\/span><\/li>\n<li style=\"font-weight: 400;\" aria-level=\"1\"><span style=\"font-weight: 400;\">Helps treat Alzheimer&#8217;s disease.<\/span><\/li>\n<li style=\"font-weight: 400;\" aria-level=\"1\"><span style=\"font-weight: 400;\">It provides relief in mood disorders, depression, anxiety and panic attacks.<\/span><\/li>\n<\/ul>\n<h2><span style=\"color: #000000;\"><b>How to Consume Sunflower Seeds<\/b><\/span><\/h2>\n<p><span style=\"font-weight: 400;\">The consumption of sunflower seeds is increasing day by day with its taste and numerous health benefits. The fact that sunflower seeds are affordable compared to many other dried nut varieties is an important reason that increases their consumption. So how should the daily consumption of sunflower seeds be? As in every food, sunflower seeds with a certain daily consumption amount are not harmful if this amount is not exceeded. Consumption of a handful of sunflower seeds on a daily basis would be ideal. In addition, it can be said that it provides significant benefits in regular consumption. Those who are on a diet can make their snacks richer and more beneficial by adding sunflower seeds to their diet list. Again, during the diet process, it is recommended to be consumed by preparing a certain amount under the control of a specialist. In this way, the weight loss process can be made healthier and faster.<\/span><\/p>\n<h2><span style=\"color: #000000;\"><b><img loading=\"lazy\" decoding=\"async\" src=\"https:\/\/baycelik.com.tr\/wp-content\/uploads\/2022\/10\/bayca.jpg\" alt=\"\" width=\"818\" height=\"458\" class=\"aligncenter wp-image-14833 size-full\" srcset=\"https:\/\/baycelik.com.tr\/wp-content\/uploads\/2022\/10\/bayca.jpg 818w, https:\/\/baycelik.com.tr\/wp-content\/uploads\/2022\/10\/bayca-300x168.jpg 300w, https:\/\/baycelik.com.tr\/wp-content\/uploads\/2022\/10\/bayca-768x430.jpg 768w\" sizes=\"auto, (max-width: 818px) 100vw, 818px\" \/><\/b><\/span><\/h2>\n<h2><span style=\"color: #000000;\"><b>Sunflower Seed Prices<\/b><\/span><\/h2>\n<p><span style=\"font-weight: 400;\">Sunflower seeds are one of the most consumed nuts in our country, and the price of sunflower seeds per kilo is a matter of curiosity by both consumers and sunflower seed wholesalers. Consumers in search of the best sunflower seeds also prefer to buy wholesale sunflower seeds at affordable prices. At this point, Bay\u00e7elik helps consumers with <strong>wholesale sunflower seeds<\/strong> prices. With its organic agriculture service, it offers the most delicious and healthy Denizli sunflower seeds in its field according to customer demand. Since the price scale of sunflower seeds can vary depending on many factors, it is not possible to give a clear price. You can get information by contacting Bay\u00e7elik for the price of black seeds and the wholesale price of sunflower seeds, which vary depending on the types, sizes and packaging.<\/span><\/p>\n<h2><span style=\"color: #000000;\"><b>You can get information by contacting Bay\u00e7elik for the price of black seeds and the wholesale price of sunflower seeds, which vary depending on the types, sizes and packaging.<\/b><\/span><\/h2>\n<p><span style=\"font-weight: 400;\">Sunflower seeds accompanying you at evening tea leave a delicious taste on the palate in daily snacks as well as pleasant conversations. Black sunflower seeds, which are added to the list in kitchen shopping, are a suitable option for wholesale orders. Bay\u00e7elik, which helps its customers with <strong>sunflower seeds wholesale<\/strong>, continues to be the first address visited. You can enjoy the pure and natural Denizli sunflower seeds, which will reach you after raw material supply, production processes, quality control and transportation processes, with Bay\u00e7elik quality. With Bay\u00e7elik, which helps you with wholesale sunflower seed prices, you can place an order in kilograms or wholesale.<\/span><\/p>\n","protected":false},"excerpt":{"rendered":"<p>Sunflower seeds, which are the seeds of the sunflower plant, are one of the most popular nuts. It is consumed lovingly at any time of the day and stands out<\/p>\n","protected":false},"author":1,"featured_media":0,"parent":0,"menu_order":0,"comment_status":"closed","ping_status":"closed","template":"","meta":{"footnotes":""},"class_list":["post-15616","page","type-page","status-publish","hentry"],"yoast_head":"<!-- This site is optimized with the Yoast SEO plugin v26.4 - https:\/\/yoast.com\/wordpress\/plugins\/seo\/ -->\n<title>Wholesale Sunflower Seeds - Baycelik<\/title>\n<meta name=\"robots\" content=\"index, follow, max-snippet:-1, max-image-preview:large, max-video-preview:-1\" \/>\n<link rel=\"canonical\" href=\"https:\/\/baycelik.com.tr\/en\/wholesale-sunflower-seeds\/\" \/>\n<meta property=\"og:locale\" content=\"en_US\" \/>\n<meta property=\"og:type\" content=\"article\" \/>\n<meta property=\"og:title\" content=\"Wholesale Sunflower Seeds - Baycelik\" \/>\n<meta property=\"og:description\" content=\"Sunflower seeds, which are the seeds of the sunflower plant, are one of the most popular nuts. It is consumed lovingly at any time of the day and stands out\" \/>\n<meta property=\"og:url\" content=\"https:\/\/baycelik.com.tr\/en\/wholesale-sunflower-seeds\/\" \/>\n<meta property=\"og:site_name\" content=\"Baycelik\" \/>\n<meta property=\"article:modified_time\" content=\"2023-03-17T16:26:57+00:00\" \/>\n<meta property=\"og:image\" content=\"https:\/\/baycelik.com.tr\/wp-content\/uploads\/2022\/10\/toptan-aycekirdegi-siparisi-icin-tikla.jpg\" \/>\n<meta name=\"twitter:card\" content=\"summary_large_image\" \/>\n<meta name=\"twitter:label1\" content=\"Est. reading time\" \/>\n\t<meta name=\"twitter:data1\" content=\"7 minutes\" \/>\n<script type=\"application\/ld+json\" class=\"yoast-schema-graph\">{\"@context\":\"https:\/\/schema.org\",\"@graph\":[{\"@type\":\"WebPage\",\"@id\":\"https:\/\/baycelik.com.tr\/en\/wholesale-sunflower-seeds\/\",\"url\":\"https:\/\/baycelik.com.tr\/en\/wholesale-sunflower-seeds\/\",\"name\":\"Wholesale Sunflower Seeds - Baycelik\",\"isPartOf\":{\"@id\":\"https:\/\/baycelik.com.tr\/#website\"},\"primaryImageOfPage\":{\"@id\":\"https:\/\/baycelik.com.tr\/en\/wholesale-sunflower-seeds\/#primaryimage\"},\"image\":{\"@id\":\"https:\/\/baycelik.com.tr\/en\/wholesale-sunflower-seeds\/#primaryimage\"},\"thumbnailUrl\":\"https:\/\/baycelik.com.tr\/wp-content\/uploads\/2022\/10\/toptan-aycekirdegi-siparisi-icin-tikla.jpg\",\"datePublished\":\"2022-10-14T17:55:19+00:00\",\"dateModified\":\"2023-03-17T16:26:57+00:00\",\"breadcrumb\":{\"@id\":\"https:\/\/baycelik.com.tr\/en\/wholesale-sunflower-seeds\/#breadcrumb\"},\"inLanguage\":\"en-US\",\"potentialAction\":[{\"@type\":\"ReadAction\",\"target\":[\"https:\/\/baycelik.com.tr\/en\/wholesale-sunflower-seeds\/\"]}]},{\"@type\":\"ImageObject\",\"inLanguage\":\"en-US\",\"@id\":\"https:\/\/baycelik.com.tr\/en\/wholesale-sunflower-seeds\/#primaryimage\",\"url\":\"https:\/\/baycelik.com.tr\/wp-content\/uploads\/2022\/10\/toptan-aycekirdegi-siparisi-icin-tikla.jpg\",\"contentUrl\":\"https:\/\/baycelik.com.tr\/wp-content\/uploads\/2022\/10\/toptan-aycekirdegi-siparisi-icin-tikla.jpg\"},{\"@type\":\"BreadcrumbList\",\"@id\":\"https:\/\/baycelik.com.tr\/en\/wholesale-sunflower-seeds\/#breadcrumb\",\"itemListElement\":[{\"@type\":\"ListItem\",\"position\":1,\"name\":\"Anasayfa\",\"item\":\"https:\/\/baycelik.com.tr\/en\/\"},{\"@type\":\"ListItem\",\"position\":2,\"name\":\"Wholesale Sunflower Seeds\"}]},{\"@type\":\"WebSite\",\"@id\":\"https:\/\/baycelik.com.tr\/#website\",\"url\":\"https:\/\/baycelik.com.tr\/\",\"name\":\"Baycelik\",\"description\":\"Ay\u00e7ekirde\u011fi ve Tar\u0131m \u00dcr\u00fcnleri\",\"publisher\":{\"@id\":\"https:\/\/baycelik.com.tr\/#organization\"},\"potentialAction\":[{\"@type\":\"SearchAction\",\"target\":{\"@type\":\"EntryPoint\",\"urlTemplate\":\"https:\/\/baycelik.com.tr\/?s={search_term_string}\"},\"query-input\":{\"@type\":\"PropertyValueSpecification\",\"valueRequired\":true,\"valueName\":\"search_term_string\"}}],\"inLanguage\":\"en-US\"},{\"@type\":\"Organization\",\"@id\":\"https:\/\/baycelik.com.tr\/#organization\",\"name\":\"Baycelik\",\"url\":\"https:\/\/baycelik.com.tr\/\",\"logo\":{\"@type\":\"ImageObject\",\"inLanguage\":\"en-US\",\"@id\":\"https:\/\/baycelik.com.tr\/#\/schema\/logo\/image\/\",\"url\":\"\",\"contentUrl\":\"\",\"caption\":\"Baycelik\"},\"image\":{\"@id\":\"https:\/\/baycelik.com.tr\/#\/schema\/logo\/image\/\"}}]}<\/script>\n<!-- \/ Yoast SEO plugin. -->","yoast_head_json":{"title":"Wholesale Sunflower Seeds - Baycelik","robots":{"index":"index","follow":"follow","max-snippet":"max-snippet:-1","max-image-preview":"max-image-preview:large","max-video-preview":"max-video-preview:-1"},"canonical":"https:\/\/baycelik.com.tr\/en\/wholesale-sunflower-seeds\/","og_locale":"en_US","og_type":"article","og_title":"Wholesale Sunflower Seeds - Baycelik","og_description":"Sunflower seeds, which are the seeds of the sunflower plant, are one of the most popular nuts. It is consumed lovingly at any time of the day and stands out","og_url":"https:\/\/baycelik.com.tr\/en\/wholesale-sunflower-seeds\/","og_site_name":"Baycelik","article_modified_time":"2023-03-17T16:26:57+00:00","og_image":[{"url":"https:\/\/baycelik.com.tr\/wp-content\/uploads\/2022\/10\/toptan-aycekirdegi-siparisi-icin-tikla.jpg","type":"","width":"","height":""}],"twitter_card":"summary_large_image","twitter_misc":{"Est. reading time":"7 minutes"},"schema":{"@context":"https:\/\/schema.org","@graph":[{"@type":"WebPage","@id":"https:\/\/baycelik.com.tr\/en\/wholesale-sunflower-seeds\/","url":"https:\/\/baycelik.com.tr\/en\/wholesale-sunflower-seeds\/","name":"Wholesale Sunflower Seeds - Baycelik","isPartOf":{"@id":"https:\/\/baycelik.com.tr\/#website"},"primaryImageOfPage":{"@id":"https:\/\/baycelik.com.tr\/en\/wholesale-sunflower-seeds\/#primaryimage"},"image":{"@id":"https:\/\/baycelik.com.tr\/en\/wholesale-sunflower-seeds\/#primaryimage"},"thumbnailUrl":"https:\/\/baycelik.com.tr\/wp-content\/uploads\/2022\/10\/toptan-aycekirdegi-siparisi-icin-tikla.jpg","datePublished":"2022-10-14T17:55:19+00:00","dateModified":"2023-03-17T16:26:57+00:00","breadcrumb":{"@id":"https:\/\/baycelik.com.tr\/en\/wholesale-sunflower-seeds\/#breadcrumb"},"inLanguage":"en-US","potentialAction":[{"@type":"ReadAction","target":["https:\/\/baycelik.com.tr\/en\/wholesale-sunflower-seeds\/"]}]},{"@type":"ImageObject","inLanguage":"en-US","@id":"https:\/\/baycelik.com.tr\/en\/wholesale-sunflower-seeds\/#primaryimage","url":"https:\/\/baycelik.com.tr\/wp-content\/uploads\/2022\/10\/toptan-aycekirdegi-siparisi-icin-tikla.jpg","contentUrl":"https:\/\/baycelik.com.tr\/wp-content\/uploads\/2022\/10\/toptan-aycekirdegi-siparisi-icin-tikla.jpg"},{"@type":"BreadcrumbList","@id":"https:\/\/baycelik.com.tr\/en\/wholesale-sunflower-seeds\/#breadcrumb","itemListElement":[{"@type":"ListItem","position":1,"name":"Anasayfa","item":"https:\/\/baycelik.com.tr\/en\/"},{"@type":"ListItem","position":2,"name":"Wholesale Sunflower Seeds"}]},{"@type":"WebSite","@id":"https:\/\/baycelik.com.tr\/#website","url":"https:\/\/baycelik.com.tr\/","name":"Baycelik","description":"Ay\u00e7ekirde\u011fi ve Tar\u0131m \u00dcr\u00fcnleri","publisher":{"@id":"https:\/\/baycelik.com.tr\/#organization"},"potentialAction":[{"@type":"SearchAction","target":{"@type":"EntryPoint","urlTemplate":"https:\/\/baycelik.com.tr\/?s={search_term_string}"},"query-input":{"@type":"PropertyValueSpecification","valueRequired":true,"valueName":"search_term_string"}}],"inLanguage":"en-US"},{"@type":"Organization","@id":"https:\/\/baycelik.com.tr\/#organization","name":"Baycelik","url":"https:\/\/baycelik.com.tr\/","logo":{"@type":"ImageObject","inLanguage":"en-US","@id":"https:\/\/baycelik.com.tr\/#\/schema\/logo\/image\/","url":"","contentUrl":"","caption":"Baycelik"},"image":{"@id":"https:\/\/baycelik.com.tr\/#\/schema\/logo\/image\/"}}]}},"_links":{"self":[{"href":"https:\/\/baycelik.com.tr\/en\/wp-json\/wp\/v2\/pages\/15616","targetHints":{"allow":["GET"]}}],"collection":[{"href":"https:\/\/baycelik.com.tr\/en\/wp-json\/wp\/v2\/pages"}],"about":[{"href":"https:\/\/baycelik.com.tr\/en\/wp-json\/wp\/v2\/types\/page"}],"author":[{"embeddable":true,"href":"https:\/\/baycelik.com.tr\/en\/wp-json\/wp\/v2\/users\/1"}],"replies":[{"embeddable":true,"href":"https:\/\/baycelik.com.tr\/en\/wp-json\/wp\/v2\/comments?post=15616"}],"version-history":[{"count":1,"href":"https:\/\/baycelik.com.tr\/en\/wp-json\/wp\/v2\/pages\/15616\/revisions"}],"predecessor-version":[{"id":15657,"href":"https:\/\/baycelik.com.tr\/en\/wp-json\/wp\/v2\/pages\/15616\/revisions\/15657"}],"wp:attachment":[{"href":"https:\/\/baycelik.com.tr\/en\/wp-json\/wp\/v2\/media?parent=15616"}],"curies":[{"name":"wp","href":"https:\/\/api.w.org\/{rel}","templated":true}]}}