{"id":16183,"date":"2023-09-06T11:48:39","date_gmt":"2023-09-06T08:48:39","guid":{"rendered":"https:\/\/baycelik.com.tr\/toptan-leblebi\/"},"modified":"2023-09-28T10:25:45","modified_gmt":"2023-09-28T07:25:45","slug":"roasted-chickpea","status":"publish","type":"page","link":"https:\/\/baycelik.com.tr\/en\/roasted-chickpea\/","title":{"rendered":"Roasted Chickpea"},"content":{"rendered":"<p>[vc_row][vc_column][vc_row_inner][vc_column_inner width=&#8221;1\/3&#8243;][\/vc_column_inner][vc_column_inner width=&#8221;1\/3&#8243;]<div class=\"button-wrap icon-right\" style=\"\" ><a href=\"https:\/\/wa.me\/+905332584577\" target=\"_blank\" class=\"agrikole-button btn-1064097928 big no_icon custom custom outline solid custom\" style=\"border-radius:20px;border-width:0px;\"  data-background=\"#dd9933\" data-text=\"#ffffff\" data-border=\"\">\r\n\t\t<span style=\"\">Toptan Leblebi Sipari\u015fi <\/span>\r\n\t<\/a><\/div>[\/vc_column_inner][vc_column_inner width=&#8221;1\/3&#8243;][\/vc_column_inner][\/vc_row_inner]\r\n\t<div class=\"agrikole-spacer clearfix\" data-desktop=\"20\" data-mobi=\"20\" data-smobi=\"20\"><\/div>[vc_column_text]<\/p>\n<p style=\"text-align: center;\"><em><strong><span style=\"vertical-align: inherit;\">Toptan leblebi sipari\u015fi i\u00e7in yukar\u0131daki butona t\u0131klayabilirsiniz. Ayr\u0131ca ileti\u015fim formu \u00fczerinden taleplerinizi taraf\u0131m\u0131za iletebilirsiniz.<\/span><\/strong><\/em><\/p>\n<p>[\/vc_column_text]\r\n\t<div class=\"agrikole-spacer clearfix\" data-desktop=\"40\" data-mobi=\"40\" data-smobi=\"40\"><\/div><div class=\"agrikole-cf7  bg- btn-accent\">\n<div class=\"wpcf7 no-js\" id=\"wpcf7-f4437-o1\" lang=\"en-US\" dir=\"ltr\" data-wpcf7-id=\"4437\">\n<div class=\"screen-reader-response\"><p role=\"status\" aria-live=\"polite\" aria-atomic=\"true\"><\/p> <ul><\/ul><\/div>\n<form action=\"\/en\/wp-json\/wp\/v2\/pages\/16183#wpcf7-f4437-o1\" method=\"post\" class=\"wpcf7-form init\" aria-label=\"Contact form\" novalidate=\"novalidate\" data-status=\"init\">\n<fieldset class=\"hidden-fields-container\"><input type=\"hidden\" name=\"_wpcf7\" value=\"4437\" \/><input type=\"hidden\" name=\"_wpcf7_version\" value=\"6.1.3\" \/><input type=\"hidden\" name=\"_wpcf7_locale\" value=\"en_US\" \/><input type=\"hidden\" name=\"_wpcf7_unit_tag\" value=\"wpcf7-f4437-o1\" \/><input type=\"hidden\" name=\"_wpcf7_container_post\" value=\"0\" \/><input type=\"hidden\" name=\"_wpcf7_posted_data_hash\" value=\"\" \/>\n<\/fieldset>\n<div class=\"input-wrap clearfix\">\n\t<div class=\"name-wrap\">\n\t\t<p><span class=\"wpcf7-form-control-wrap\" data-name=\"your-name\"><input size=\"40\" maxlength=\"400\" class=\"wpcf7-form-control wpcf7-text wpcf7-validates-as-required\" aria-required=\"true\" aria-invalid=\"false\" placeholder=\"Ad ve Soyad\" value=\"\" type=\"text\" name=\"your-name\" \/><\/span>\n\t\t<\/p>\n\t<\/div>\n\t<div class=\"email-wrap\">\n\t\t<p><span class=\"wpcf7-form-control-wrap\" data-name=\"your-email\"><input size=\"40\" maxlength=\"400\" class=\"wpcf7-form-control wpcf7-email wpcf7-validates-as-required wpcf7-text wpcf7-validates-as-email\" aria-required=\"true\" aria-invalid=\"false\" placeholder=\"Email Adresi\" value=\"\" type=\"email\" name=\"your-email\" \/><\/span>\n\t\t<\/p>\n\t<\/div>\n<\/div>\n<div class=\"input-wrap clearfix\">\n\t<div class=\"phone-wrap\">\n\t\t<p><span class=\"wpcf7-form-control-wrap\" data-name=\"your-phone\"><input size=\"40\" maxlength=\"400\" class=\"wpcf7-form-control wpcf7-text wpcf7-validates-as-required\" aria-required=\"true\" aria-invalid=\"false\" placeholder=\"Telefon\" value=\"\" type=\"text\" name=\"your-phone\" \/><\/span>\n\t\t<\/p>\n\t<\/div>\n\t<div class=\"subject-wrap\">\n\t\t<p><span class=\"wpcf7-form-control-wrap\" data-name=\"your-subject\"><input size=\"40\" maxlength=\"400\" class=\"wpcf7-form-control wpcf7-text wpcf7-validates-as-required\" aria-required=\"true\" aria-invalid=\"false\" placeholder=\"Konu\" value=\"\" type=\"text\" name=\"your-subject\" \/><\/span>\n\t\t<\/p>\n\t<\/div>\n<\/div>\n<div class=\"message-wrap\">\n\t<p><span class=\"wpcf7-form-control-wrap\" data-name=\"your-message\"><textarea cols=\"40\" rows=\"10\" maxlength=\"2000\" class=\"wpcf7-form-control wpcf7-textarea\" aria-invalid=\"false\" placeholder=\"Mesaj\u0131n\u0131z\" name=\"your-message\"><\/textarea><\/span>\n\t<\/p>\n<\/div>\n<div class=\"submit-wrap\">\n\t<p><span><input class=\"wpcf7-form-control wpcf7-submit has-spinner\" type=\"submit\" value=\"G\u00f6nder\" \/><\/span>\n\t<\/p>\n<\/div><div class=\"wpcf7-response-output\" aria-hidden=\"true\"><\/div>\n<\/form>\n<\/div>\n<\/div>[vc_column_text]<span style=\"font-weight: 400;\">G\u00fcn\u00fcm\u00fczde en \u00e7ok t\u00fcketilen \u00e7erezlerden biri olan leblebi, nohutun \u00e7e\u015fitli i\u015flemlerden ge\u00e7irilmesi ve kavrulmas\u0131 ile elde edilir. \u00dclkemize ait olan \u00f6zel lezzetlerden biri olup \u00fcretimin b\u00fcy\u00fck bir k\u0131sm\u0131 \u00fclke i\u00e7inde t\u00fcketilmektedir. Ke\u015ffedildi\u011fi ve \u00fcretime ba\u015fland\u0131\u011f\u0131 tarihlerden g\u00fcn\u00fcm\u00fcze gelene kadar onlarca farkl\u0131 \u00e7e\u015fitte \u00fcretilmi\u015f olsa da temelde sar\u0131 leblebi ve beyaz leblebi olarak ay\u0131rmak m\u00fcmk\u00fcn.<\/span><\/p>\n<p><span style=\"font-weight: 400;\">\u00dclkemizde \u00c7orum ve Tav\u015fanl\u0131 leblebisi d\u0131\u015f\u0131nda Denizli leblebisi de tescillenmi\u015f ve co\u011frafi i\u015faret alm\u0131\u015f lezzetlerden biridir. \u00dcretim oranlar\u0131 ve sahip oldu\u011fu kendine has lezzetleri ile leblebiler, her ya\u015ftan t\u00fcketicinin damak zevkine hitap edebilmektedir. Denizli leblebisi ve farkl\u0131 damak tatlar\u0131na hitap eden leblebi \u00e7e\u015fitleri i\u00e7in firmam\u0131z ile ileti\u015fime ge\u00e7ebilir, toptan leblebi sipari\u015fi olu\u015fturabilirsiniz.\u00a0\u00a0<\/span><\/p>\n<h2><span style=\"font-weight: 400;\">Leblebi \u00c7e\u015fitleri<\/span><\/h2>\n<p><span style=\"font-weight: 400;\">Kendine has tad\u0131yla di\u011fer kuruyemi\u015flerden ayr\u0131lan leblebiler, farkl\u0131 damak tatlar\u0131na hitap edebilmek \u00fczere \u00e7e\u015fitlenmeye devam ediyor. Temelde sar\u0131 leblebi ve beyaz leblebi olarak ele alaca\u011f\u0131m\u0131z bu \u00e7e\u015fitlere ek olarak \u00fcretim a\u015famas\u0131ndaki kavrulma i\u015flemleri ve eklenen aromalar ile birbirinden farkl\u0131 onlarca leblebi \u00e7e\u015fidi elde imkan\u0131 sunan leblebi \u00e7e\u015fitleri aras\u0131nda;<\/span><\/p>\n<ul>\n<li style=\"font-weight: 400;\" aria-level=\"1\"><span style=\"font-weight: 400;\">Beyaz leblebi<\/span><\/li>\n<li style=\"font-weight: 400;\" aria-level=\"1\"><span style=\"font-weight: 400;\">Sar\u0131 leblebi<\/span><\/li>\n<li style=\"font-weight: 400;\" aria-level=\"1\"><span style=\"font-weight: 400;\">Kavrulmu\u015f leblebi<\/span><\/li>\n<li style=\"font-weight: 400;\" aria-level=\"1\"><span style=\"font-weight: 400;\">\u015eekerli leblebi<\/span><\/li>\n<li style=\"font-weight: 400;\" aria-level=\"1\"><span style=\"font-weight: 400;\">Tuzlu leblebi<\/span><\/li>\n<li style=\"font-weight: 400;\" aria-level=\"1\"><span style=\"font-weight: 400;\">Tuzsuz leblebi<\/span><\/li>\n<li style=\"font-weight: 400;\" aria-level=\"1\"><span style=\"font-weight: 400;\">Soya soslu leblebi<\/span><\/li>\n<li style=\"font-weight: 400;\" aria-level=\"1\"><span style=\"font-weight: 400;\">Soslu leblebi<\/span><\/li>\n<li style=\"font-weight: 400;\" aria-level=\"1\"><span style=\"font-weight: 400;\">Ac\u0131l\u0131 leblebi<\/span><\/li>\n<li style=\"font-weight: 400;\" aria-level=\"1\"><span style=\"font-weight: 400;\">K\u0131r\u0131k leblebi<\/span><\/li>\n<li style=\"font-weight: 400;\" aria-level=\"1\"><span style=\"font-weight: 400;\">Baharatl\u0131 leblebi<\/span><\/li>\n<li style=\"font-weight: 400;\" aria-level=\"1\"><span style=\"font-weight: 400;\">Susaml\u0131 leblebi<\/span><\/li>\n<li style=\"font-weight: 400;\" aria-level=\"1\"><span style=\"font-weight: 400;\">Ball\u0131 leblebi<\/span><\/li>\n<\/ul>\n<p><span style=\"font-weight: 400;\">say\u0131labilir. Leblebiler, genellikle \u00fcreticiden toptan olarak al\u0131nd\u0131ktan sonra i\u015fletmelerde farkl\u0131 a\u015famalardan ge\u00e7irilerek t\u00fcketim i\u00e7in son halini al\u0131r. \u00c7e\u015fitlili\u011fi, bu a\u015famada ortaya \u00e7\u0131kmakta olup genellikle kavrulma oran\u0131 ve \u00fcretim a\u015famas\u0131nda eklenen aromalar ile birbirinden ayr\u0131l\u0131r. Leblebi \u00e7e\u015fitleri, ayn\u0131 zamanda t\u00fcketim i\u00e7in se\u00e7ilen nohut taneleriyle de birbirinden ayr\u0131lmaktad\u0131r. Tercih edilen nohut tanesi de, leblebi t\u00fcrleri \u00fczerinde etkili oldu\u011fundan t\u00fcketim s\u00fcrecinde son derece zengin bir leblebi \u00e7e\u015fitlili\u011fi ortaya \u00e7\u0131kmaktad\u0131r. Bu durum ise, her damak tad\u0131na hitap eden bir leblebi \u00e7e\u015fidinin var oldu\u011funu g\u00f6sterir.<\/span><\/p>\n<p>Tavsiye : <a href=\"https:\/\/baycelik.com.tr\/en\/pumpkin-seeds\/\"><strong>Kabak \u00e7ekirde\u011fi<\/strong><\/a><\/p>\n<h2><span style=\"font-weight: 400;\">Leblebinin Faydalar\u0131<\/span><\/h2>\n<p><span style=\"font-weight: 400;\">G\u00fcnl\u00fck hayatta \u00f6zellikle ara \u00f6\u011f\u00fcnlerde tercih ederek g\u00fcnl\u00fck al\u0131nmas\u0131 gereken besin de\u011ferlerini almam\u0131za yard\u0131mc\u0131 olan kuruyemi\u015flerden biri de leblebidir. Leblebi, \u00e7e\u015fitlili\u011finin yan\u0131 s\u0131ra sahip oldu\u011fu besin de\u011ferleriyle de \u00e7ok y\u00f6nl\u00fc bir t\u00fcketim avantaj\u0131 sunar. \u0130\u00e7eri\u011fi ve sundu\u011fu besin de\u011ferleri, \u00e7e\u015fitlerine g\u00f6re de\u011fi\u015fiklik g\u00f6stermekte olup kavrulmu\u015f leblebi faydalar\u0131 ile sar\u0131 leblebinin faydalar\u0131 farkl\u0131 noktalarda kendini g\u00f6sterebilir. Ancak genel olarak bak\u0131ld\u0131\u011f\u0131nda d\u00fczenli ve yeterli t\u00fcketimde leblebinin faydalar\u0131 aras\u0131nda;<\/span><\/p>\n<ul>\n<li style=\"font-weight: 400;\" aria-level=\"1\"><span style=\"font-weight: 400;\">Adeta folik asit kayna\u011f\u0131 olarak bilinen leblebi, anne s\u00fct\u00fcn\u00fc art\u0131r\u0131c\u0131 etkiye sahiptir.<\/span><\/li>\n<li style=\"font-weight: 400;\" aria-level=\"1\"><span style=\"font-weight: 400;\">Uzun s\u00fcre tokluk hissi sa\u011flamas\u0131 ile diyette leblebi \u00f6ne \u00e7\u0131kmaktad\u0131r.<\/span><\/li>\n<li style=\"font-weight: 400;\" aria-level=\"1\"><span style=\"font-weight: 400;\">Mide suyunu emen \u00f6zelli\u011fi sayesinde genellikle mide yanmalar\u0131nda ki\u015fiyi rahatlat\u0131c\u0131 etkisi bulunur.<\/span><\/li>\n<li style=\"font-weight: 400;\" aria-level=\"1\"><span style=\"font-weight: 400;\">Ayran ya da muz ile t\u00fcketiminde ishale kar\u015f\u0131 iyi geldi\u011fi bilinmektedir.<\/span><\/li>\n<li style=\"font-weight: 400;\" aria-level=\"1\"><span style=\"font-weight: 400;\">Vitamin ve mineral bak\u0131m\u0131ndan zengin sar\u0131 leblebi, ba\u011f\u0131\u015f\u0131kl\u0131k sistemini g\u00fc\u00e7lendirerek hastal\u0131klara kar\u015f\u0131 koruma sa\u011flar.<\/span><\/li>\n<li style=\"font-weight: 400;\" aria-level=\"1\"><span style=\"font-weight: 400;\">K\u00f6t\u00fc kolesterol\u00fcn y\u00fcksek \u00e7\u0131kt\u0131\u011f\u0131 durumlarda d\u00fczenli sar\u0131 leblebi t\u00fcketimi ile kolesterol dengede tutulur.<\/span><\/li>\n<li style=\"font-weight: 400;\" aria-level=\"1\"><span style=\"font-weight: 400;\">A\u011f\u0131z yaras\u0131 ve iltihap durumlar\u0131nda onar\u0131c\u0131 etki sa\u011flar.<\/span><\/li>\n<li style=\"font-weight: 400;\" aria-level=\"1\"><span style=\"font-weight: 400;\">Kemik ve di\u015f sa\u011fl\u0131\u011f\u0131 \u00fczerinde olumlu etkisi bulunur.<\/span><\/li>\n<li style=\"font-weight: 400;\" aria-level=\"1\"><span style=\"font-weight: 400;\">Cilt h\u00fccrelerini yenileyerek daha sa\u011fl\u0131kl\u0131 ve parlak bir cilt g\u00f6r\u00fcn\u00fcm\u00fc sunar.<\/span><\/li>\n<\/ul>\n<p>Tavsiye : <a href=\"https:\/\/baycelik.com.tr\/toptan-antep-fistigi\/\"><strong>Toptan Antep F\u0131st\u0131\u011f\u0131<\/strong><\/a><\/p>\n<h2><span style=\"font-weight: 400;\">Leblebi Nas\u0131l \u00dcretilir?<\/span><\/h2>\n<p><span style=\"font-weight: 400;\">Y\u00fcksek t\u00fcketim oranlar\u0131na sahip leblebi, nohut tanelerinin \u00e7e\u015fitli i\u015flemlerden ge\u00e7irilmesiyle t\u00fcketime haz\u0131r hale gelen bir kuruyemi\u015ftir. Leblebi nas\u0131l \u00fcretilir? sorusu, leblebi hakk\u0131nda s\u0131kl\u0131kla arat\u0131lan konulardan biri olup bunun d\u0131\u015f\u0131nda ka\u00e7 \u00e7e\u015fit leblebi vard\u0131r? sorusu da kullan\u0131c\u0131lar taraf\u0131ndan arat\u0131l\u0131yor. Leblebiler genellikle \u00fcretim s\u00fcrecinde ger\u00e7ekle\u015ftirilen a\u015famalarda \u00e7e\u015fitlenmekte olup yirmiden fazla bilinen leblebi \u00e7e\u015fidi oldu\u011funu s\u00f6ylemek m\u00fcmk\u00fcn.\u00a0<\/span><\/p>\n<p><span style=\"font-weight: 400;\">\u00dcretim s\u00fcrecinde pembe renkte ve iri boyutta nohut tanelerine \u00f6ncelik verilmekle birlikte bu nohutlar, \u00e7e\u015fitli \u0131s\u0131t\u0131lma a\u015famalar\u0131ndan birka\u00e7 defa ge\u00e7irilerek t\u00fcketime haz\u0131r hale getirilir. \u00d6zel f\u0131r\u0131nlarda \u0131s\u0131t\u0131lan ve kavrulan nohut taneleri, daha sonra uygun bir alanda bekletilir. Son \u015fekillendirme \u00f6ncesindeki g\u00fcn \u0131slat\u0131larak \u015fi\u015firilen leblebiler, yeniden \u0131s\u0131t\u0131l\u0131r ve kabuklar\u0131ndan ayr\u0131larak t\u00fcketim i\u00e7in son \u015feklini al\u0131r.<\/span><\/p>\n<h2><span style=\"font-weight: 400;\">Leblebi Nas\u0131l T\u00fcketilir?<\/span><\/h2>\n<p><span style=\"font-weight: 400;\">\u00c7erez leblebi olarak g\u00fcn\u00fcn farkl\u0131 zaman dilimlerinde t\u00fcketilebilen leblebiler, ayn\u0131 zamanda farkl\u0131 formlar\u0131 ile t\u00fcketim \u015feklinde \u00e7e\u015fitlilik g\u00f6sterebiliyor. Genel olarak tek ba\u015f\u0131na t\u00fcketilebildi\u011fi gibi \u00e7e\u015fitli men\u00fc ve tariflere eklenerek de t\u00fcketimi m\u00fcmk\u00fcnd\u00fcr. Bunun d\u0131\u015f\u0131nda leblebi ezmesi ya da leblebi kremas\u0131 gibi formlar\u0131 ile sade ya da kurabiye, tatl\u0131 gibi tariflerde kullan\u0131labilir. Sa\u011fl\u0131kl\u0131 kuruyemi\u015fler listesinde \u00fcst s\u0131ralarda yer alan leblebi, \u015fekerli ve tuzlu aromalar\u0131n\u0131n d\u0131\u015f\u0131nda son derece sa\u011fl\u0131kl\u0131 bir at\u0131\u015ft\u0131rmal\u0131k olup diyetlerin ara \u00f6\u011f\u00fcnlerinde men\u00fcye eklenebilmektedir. Lifler bak\u0131m\u0131ndan zengin olan leblebiler, uzun s\u00fcreli tokluk hissi ile kilo verme s\u00fcrecinde ki\u015fiye yard\u0131mc\u0131 olmas\u0131yla \u00f6ne \u00e7\u0131kar.<\/span><\/p>\n<h2><span style=\"font-weight: 400;\">Leblebi Fiyatlar\u0131<\/span><\/h2>\n<p><span style=\"font-weight: 400;\">\u00dcretim &#8211; t\u00fcketim dengesinden etkilenen leblebi fiyatlar\u0131, y\u0131llara g\u00f6re farkl\u0131l\u0131k g\u00f6sterebilmektedir. Net bir fiyat aral\u0131\u011f\u0131 verilmemekle birlikte bir\u00e7ok kriter, leblebi kilo fiyatlar\u0131 \u00fczerinde etkilidir. Leblebi kilosu genel olarak \u00fcretim b\u00f6lgesi ve leblebi t\u00fcr\u00fcne g\u00f6re de\u011fi\u015fiklik g\u00f6stermekte olup \u00fcretim a\u015famas\u0131nda ger\u00e7ekle\u015ftirilen ad\u0131mlarda fiyatlar \u00fczerinde belirleyicidir. Ek olarak toptan leblebi sipari\u015fi ve kilo ile leblebi sipari\u015flerinde farkl\u0131 avantajlar al\u0131c\u0131ya sunulur. Uygun fiyatl\u0131 ve avantajl\u0131 sipari\u015fler i\u00e7in toptan leblebi fiyatlar\u0131n\u0131 inceleyebilir, b\u00fct\u00e7enize uygun se\u00e7eneklerle sipari\u015f olu\u015fturabilirsiniz<\/span>[\/vc_column_text][\/vc_column][\/vc_row]<\/p>\n","protected":false},"excerpt":{"rendered":"<p>[vc_row][vc_column][vc_row_inner][vc_column_inner width=&#8221;1\/3&#8243;][\/vc_column_inner][vc_column_inner width=&#8221;1\/3&#8243;][\/vc_column_inner][vc_column_inner width=&#8221;1\/3&#8243;][\/vc_column_inner][\/vc_row_inner][vc_column_text] Toptan leblebi sipari\u015fi i\u00e7in yukar\u0131daki butona t\u0131klayabilirsiniz. Ayr\u0131ca ileti\u015fim formu \u00fczerinden taleplerinizi taraf\u0131m\u0131za iletebilirsiniz. [\/vc_column_text][vc_column_text]G\u00fcn\u00fcm\u00fczde en \u00e7ok t\u00fcketilen \u00e7erezlerden biri olan leblebi, nohutun \u00e7e\u015fitli i\u015flemlerden ge\u00e7irilmesi<\/p>\n","protected":false},"author":1,"featured_media":0,"parent":0,"menu_order":0,"comment_status":"closed","ping_status":"closed","template":"","meta":{"footnotes":""},"class_list":["post-16183","page","type-page","status-publish","hentry"],"yoast_head":"<!-- This site is optimized with the Yoast SEO plugin v26.4 - https:\/\/yoast.com\/wordpress\/plugins\/seo\/ -->\n<title>Roasted Chickpea Fiyatlar\u0131 ve Sipari\u015fi - Baycelik<\/title>\n<meta name=\"description\" content=\"Toptan leblebi fiyatlar\u0131 hakk\u0131nda bilgi almak ve \u00fcr\u00fcn sipari\u015fi i\u00e7in sayfam\u0131z\u0131 ziyaret edebilirsiniz. En taze leblebiler burada!\" \/>\n<meta name=\"robots\" content=\"index, follow, max-snippet:-1, max-image-preview:large, max-video-preview:-1\" \/>\n<link rel=\"canonical\" href=\"https:\/\/baycelik.com.tr\/en\/roasted-chickpea\/\" \/>\n<meta property=\"og:locale\" content=\"en_US\" \/>\n<meta property=\"og:type\" content=\"article\" \/>\n<meta property=\"og:title\" content=\"Roasted Chickpea Fiyatlar\u0131 ve Sipari\u015fi - Baycelik\" \/>\n<meta property=\"og:description\" content=\"Toptan leblebi fiyatlar\u0131 hakk\u0131nda bilgi almak ve \u00fcr\u00fcn sipari\u015fi i\u00e7in sayfam\u0131z\u0131 ziyaret edebilirsiniz. En taze leblebiler burada!\" \/>\n<meta property=\"og:url\" content=\"https:\/\/baycelik.com.tr\/en\/roasted-chickpea\/\" \/>\n<meta property=\"og:site_name\" content=\"Baycelik\" \/>\n<meta property=\"article:modified_time\" content=\"2023-09-28T07:25:45+00:00\" \/>\n<meta name=\"twitter:card\" content=\"summary_large_image\" \/>\n<meta name=\"twitter:label1\" content=\"Est. reading time\" \/>\n\t<meta name=\"twitter:data1\" content=\"5 minutes\" \/>\n<script type=\"application\/ld+json\" class=\"yoast-schema-graph\">{\"@context\":\"https:\/\/schema.org\",\"@graph\":[{\"@type\":\"WebPage\",\"@id\":\"https:\/\/baycelik.com.tr\/en\/roasted-chickpea\/\",\"url\":\"https:\/\/baycelik.com.tr\/en\/roasted-chickpea\/\",\"name\":\"Roasted Chickpea Fiyatlar\u0131 ve Sipari\u015fi - Baycelik\",\"isPartOf\":{\"@id\":\"https:\/\/baycelik.com.tr\/#website\"},\"datePublished\":\"2023-09-06T08:48:39+00:00\",\"dateModified\":\"2023-09-28T07:25:45+00:00\",\"description\":\"Toptan leblebi fiyatlar\u0131 hakk\u0131nda bilgi almak ve \u00fcr\u00fcn sipari\u015fi i\u00e7in sayfam\u0131z\u0131 ziyaret edebilirsiniz. En taze leblebiler burada!\",\"breadcrumb\":{\"@id\":\"https:\/\/baycelik.com.tr\/en\/roasted-chickpea\/#breadcrumb\"},\"inLanguage\":\"en-US\",\"potentialAction\":[{\"@type\":\"ReadAction\",\"target\":[\"https:\/\/baycelik.com.tr\/en\/roasted-chickpea\/\"]}]},{\"@type\":\"BreadcrumbList\",\"@id\":\"https:\/\/baycelik.com.tr\/en\/roasted-chickpea\/#breadcrumb\",\"itemListElement\":[{\"@type\":\"ListItem\",\"position\":1,\"name\":\"Anasayfa\",\"item\":\"https:\/\/baycelik.com.tr\/en\/\"},{\"@type\":\"ListItem\",\"position\":2,\"name\":\"Roasted Chickpea\"}]},{\"@type\":\"WebSite\",\"@id\":\"https:\/\/baycelik.com.tr\/#website\",\"url\":\"https:\/\/baycelik.com.tr\/\",\"name\":\"Baycelik\",\"description\":\"Ay\u00e7ekirde\u011fi ve Tar\u0131m \u00dcr\u00fcnleri\",\"publisher\":{\"@id\":\"https:\/\/baycelik.com.tr\/#organization\"},\"potentialAction\":[{\"@type\":\"SearchAction\",\"target\":{\"@type\":\"EntryPoint\",\"urlTemplate\":\"https:\/\/baycelik.com.tr\/?s={search_term_string}\"},\"query-input\":{\"@type\":\"PropertyValueSpecification\",\"valueRequired\":true,\"valueName\":\"search_term_string\"}}],\"inLanguage\":\"en-US\"},{\"@type\":\"Organization\",\"@id\":\"https:\/\/baycelik.com.tr\/#organization\",\"name\":\"Baycelik\",\"url\":\"https:\/\/baycelik.com.tr\/\",\"logo\":{\"@type\":\"ImageObject\",\"inLanguage\":\"en-US\",\"@id\":\"https:\/\/baycelik.com.tr\/#\/schema\/logo\/image\/\",\"url\":\"\",\"contentUrl\":\"\",\"caption\":\"Baycelik\"},\"image\":{\"@id\":\"https:\/\/baycelik.com.tr\/#\/schema\/logo\/image\/\"}}]}<\/script>\n<!-- \/ Yoast SEO plugin. -->","yoast_head_json":{"title":"Roasted Chickpea Fiyatlar\u0131 ve Sipari\u015fi - Baycelik","description":"Toptan leblebi fiyatlar\u0131 hakk\u0131nda bilgi almak ve \u00fcr\u00fcn sipari\u015fi i\u00e7in sayfam\u0131z\u0131 ziyaret edebilirsiniz. En taze leblebiler burada!","robots":{"index":"index","follow":"follow","max-snippet":"max-snippet:-1","max-image-preview":"max-image-preview:large","max-video-preview":"max-video-preview:-1"},"canonical":"https:\/\/baycelik.com.tr\/en\/roasted-chickpea\/","og_locale":"en_US","og_type":"article","og_title":"Roasted Chickpea Fiyatlar\u0131 ve Sipari\u015fi - Baycelik","og_description":"Toptan leblebi fiyatlar\u0131 hakk\u0131nda bilgi almak ve \u00fcr\u00fcn sipari\u015fi i\u00e7in sayfam\u0131z\u0131 ziyaret edebilirsiniz. En taze leblebiler burada!","og_url":"https:\/\/baycelik.com.tr\/en\/roasted-chickpea\/","og_site_name":"Baycelik","article_modified_time":"2023-09-28T07:25:45+00:00","twitter_card":"summary_large_image","twitter_misc":{"Est. reading time":"5 minutes"},"schema":{"@context":"https:\/\/schema.org","@graph":[{"@type":"WebPage","@id":"https:\/\/baycelik.com.tr\/en\/roasted-chickpea\/","url":"https:\/\/baycelik.com.tr\/en\/roasted-chickpea\/","name":"Roasted Chickpea Fiyatlar\u0131 ve Sipari\u015fi - Baycelik","isPartOf":{"@id":"https:\/\/baycelik.com.tr\/#website"},"datePublished":"2023-09-06T08:48:39+00:00","dateModified":"2023-09-28T07:25:45+00:00","description":"Toptan leblebi fiyatlar\u0131 hakk\u0131nda bilgi almak ve \u00fcr\u00fcn sipari\u015fi i\u00e7in sayfam\u0131z\u0131 ziyaret edebilirsiniz. En taze leblebiler burada!","breadcrumb":{"@id":"https:\/\/baycelik.com.tr\/en\/roasted-chickpea\/#breadcrumb"},"inLanguage":"en-US","potentialAction":[{"@type":"ReadAction","target":["https:\/\/baycelik.com.tr\/en\/roasted-chickpea\/"]}]},{"@type":"BreadcrumbList","@id":"https:\/\/baycelik.com.tr\/en\/roasted-chickpea\/#breadcrumb","itemListElement":[{"@type":"ListItem","position":1,"name":"Anasayfa","item":"https:\/\/baycelik.com.tr\/en\/"},{"@type":"ListItem","position":2,"name":"Roasted Chickpea"}]},{"@type":"WebSite","@id":"https:\/\/baycelik.com.tr\/#website","url":"https:\/\/baycelik.com.tr\/","name":"Baycelik","description":"Ay\u00e7ekirde\u011fi ve Tar\u0131m \u00dcr\u00fcnleri","publisher":{"@id":"https:\/\/baycelik.com.tr\/#organization"},"potentialAction":[{"@type":"SearchAction","target":{"@type":"EntryPoint","urlTemplate":"https:\/\/baycelik.com.tr\/?s={search_term_string}"},"query-input":{"@type":"PropertyValueSpecification","valueRequired":true,"valueName":"search_term_string"}}],"inLanguage":"en-US"},{"@type":"Organization","@id":"https:\/\/baycelik.com.tr\/#organization","name":"Baycelik","url":"https:\/\/baycelik.com.tr\/","logo":{"@type":"ImageObject","inLanguage":"en-US","@id":"https:\/\/baycelik.com.tr\/#\/schema\/logo\/image\/","url":"","contentUrl":"","caption":"Baycelik"},"image":{"@id":"https:\/\/baycelik.com.tr\/#\/schema\/logo\/image\/"}}]}},"_links":{"self":[{"href":"https:\/\/baycelik.com.tr\/en\/wp-json\/wp\/v2\/pages\/16183","targetHints":{"allow":["GET"]}}],"collection":[{"href":"https:\/\/baycelik.com.tr\/en\/wp-json\/wp\/v2\/pages"}],"about":[{"href":"https:\/\/baycelik.com.tr\/en\/wp-json\/wp\/v2\/types\/page"}],"author":[{"embeddable":true,"href":"https:\/\/baycelik.com.tr\/en\/wp-json\/wp\/v2\/users\/1"}],"replies":[{"embeddable":true,"href":"https:\/\/baycelik.com.tr\/en\/wp-json\/wp\/v2\/comments?post=16183"}],"version-history":[{"count":2,"href":"https:\/\/baycelik.com.tr\/en\/wp-json\/wp\/v2\/pages\/16183\/revisions"}],"predecessor-version":[{"id":16196,"href":"https:\/\/baycelik.com.tr\/en\/wp-json\/wp\/v2\/pages\/16183\/revisions\/16196"}],"wp:attachment":[{"href":"https:\/\/baycelik.com.tr\/en\/wp-json\/wp\/v2\/media?parent=16183"}],"curies":[{"name":"wp","href":"https:\/\/api.w.org\/{rel}","templated":true}]}}