{"id":16185,"date":"2023-07-19T17:02:57","date_gmt":"2023-07-19T14:02:57","guid":{"rendered":"https:\/\/baycelik.com.tr\/toptan-badem\/"},"modified":"2023-09-28T10:24:11","modified_gmt":"2023-09-28T07:24:11","slug":"wholesale-almonds","status":"publish","type":"page","link":"https:\/\/baycelik.com.tr\/en\/wholesale-almonds\/","title":{"rendered":"Wholesale Almonds"},"content":{"rendered":"<p>[vc_row][vc_column width=&#8221;1\/3&#8243;][\/vc_column][vc_column width=&#8221;1\/3&#8243;]<div class=\"button-wrap icon-right\" style=\"\" ><a href=\"https:\/\/wa.me\/+905332584577\" target=\"_blank\" class=\"agrikole-button btn-1746721323 medium no_icon custom custom outline solid custom\" style=\"border-radius:20px;border-width:0px;\"  data-background=\"#dd9933\" data-text=\"#ffffff\" data-border=\"\">\r\n\t\t<span style=\"\">Toptan Badem Sipari\u015fi <\/span>\r\n\t<\/a><\/div>[\/vc_column][vc_column width=&#8221;1\/3&#8243;][\/vc_column][\/vc_row][vc_row][vc_column]\r\n\t<div class=\"agrikole-spacer clearfix\" data-desktop=\"20\" data-mobi=\"20\" data-smobi=\"20\"><\/div>[vc_column_text]<\/p>\n<p style=\"text-align: center;\"><em><strong><span style=\"vertical-align: inherit;\">Toptan badem sipari\u015fi i\u00e7in yukar\u0131daki butona t\u0131klayabilirsiniz. Ayr\u0131ca ileti\u015fim formu \u00fczerinden taleplerinizi taraf\u0131m\u0131za iletebilirsiniz.<\/span><\/strong><\/em><\/p>\n<p>[\/vc_column_text]\r\n\t<div class=\"agrikole-spacer clearfix\" data-desktop=\"40\" data-mobi=\"40\" data-smobi=\"40\"><\/div><div class=\"agrikole-cf7  bg- btn-accent\">\n<div class=\"wpcf7 no-js\" id=\"wpcf7-f4437-o1\" lang=\"en-US\" dir=\"ltr\" data-wpcf7-id=\"4437\">\n<div class=\"screen-reader-response\"><p role=\"status\" aria-live=\"polite\" aria-atomic=\"true\"><\/p> <ul><\/ul><\/div>\n<form action=\"\/en\/wp-json\/wp\/v2\/pages\/16185#wpcf7-f4437-o1\" method=\"post\" class=\"wpcf7-form init\" aria-label=\"Contact form\" novalidate=\"novalidate\" data-status=\"init\">\n<fieldset class=\"hidden-fields-container\"><input type=\"hidden\" name=\"_wpcf7\" value=\"4437\" \/><input type=\"hidden\" name=\"_wpcf7_version\" value=\"6.1.3\" \/><input type=\"hidden\" name=\"_wpcf7_locale\" value=\"en_US\" \/><input type=\"hidden\" name=\"_wpcf7_unit_tag\" value=\"wpcf7-f4437-o1\" \/><input type=\"hidden\" name=\"_wpcf7_container_post\" value=\"0\" \/><input type=\"hidden\" name=\"_wpcf7_posted_data_hash\" value=\"\" \/>\n<\/fieldset>\n<div class=\"input-wrap clearfix\">\n\t<div class=\"name-wrap\">\n\t\t<p><span class=\"wpcf7-form-control-wrap\" data-name=\"your-name\"><input size=\"40\" maxlength=\"400\" class=\"wpcf7-form-control wpcf7-text wpcf7-validates-as-required\" aria-required=\"true\" aria-invalid=\"false\" placeholder=\"Ad ve Soyad\" value=\"\" type=\"text\" name=\"your-name\" \/><\/span>\n\t\t<\/p>\n\t<\/div>\n\t<div class=\"email-wrap\">\n\t\t<p><span class=\"wpcf7-form-control-wrap\" data-name=\"your-email\"><input size=\"40\" maxlength=\"400\" class=\"wpcf7-form-control wpcf7-email wpcf7-validates-as-required wpcf7-text wpcf7-validates-as-email\" aria-required=\"true\" aria-invalid=\"false\" placeholder=\"Email Adresi\" value=\"\" type=\"email\" name=\"your-email\" \/><\/span>\n\t\t<\/p>\n\t<\/div>\n<\/div>\n<div class=\"input-wrap clearfix\">\n\t<div class=\"phone-wrap\">\n\t\t<p><span class=\"wpcf7-form-control-wrap\" data-name=\"your-phone\"><input size=\"40\" maxlength=\"400\" class=\"wpcf7-form-control wpcf7-text wpcf7-validates-as-required\" aria-required=\"true\" aria-invalid=\"false\" placeholder=\"Telefon\" value=\"\" type=\"text\" name=\"your-phone\" \/><\/span>\n\t\t<\/p>\n\t<\/div>\n\t<div class=\"subject-wrap\">\n\t\t<p><span class=\"wpcf7-form-control-wrap\" data-name=\"your-subject\"><input size=\"40\" maxlength=\"400\" class=\"wpcf7-form-control wpcf7-text wpcf7-validates-as-required\" aria-required=\"true\" aria-invalid=\"false\" placeholder=\"Konu\" value=\"\" type=\"text\" name=\"your-subject\" \/><\/span>\n\t\t<\/p>\n\t<\/div>\n<\/div>\n<div class=\"message-wrap\">\n\t<p><span class=\"wpcf7-form-control-wrap\" data-name=\"your-message\"><textarea cols=\"40\" rows=\"10\" maxlength=\"2000\" class=\"wpcf7-form-control wpcf7-textarea\" aria-invalid=\"false\" placeholder=\"Mesaj\u0131n\u0131z\" name=\"your-message\"><\/textarea><\/span>\n\t<\/p>\n<\/div>\n<div class=\"submit-wrap\">\n\t<p><span><input class=\"wpcf7-form-control wpcf7-submit has-spinner\" type=\"submit\" value=\"G\u00f6nder\" \/><\/span>\n\t<\/p>\n<\/div><div class=\"wpcf7-response-output\" aria-hidden=\"true\"><\/div>\n<\/form>\n<\/div>\n<\/div>[vc_column_text]<span style=\"font-weight: 400;\">Sadece kuruyemi\u015f olarak de\u011fil \u00e7e\u015fitli yemekler ve salatalarda, kahvalt\u0131l\u0131k lezzetlerde, tatl\u0131larda kullan\u0131lan badem, insan sa\u011fl\u0131\u011f\u0131na da fayda sa\u011flar. K\u0131sacas\u0131 lezzeti kadar faydalar\u0131 ile de sofralar\u0131n vazge\u00e7ilmez \u00fcr\u00fcnlerinden biri olmu\u015ftur. Son zamanlarda farkl\u0131 t\u00fcketim tercihleri olan bireyler taraf\u0131ndan badem s\u00fct\u00fc gibi \u00e7e\u015fitleriyle de t\u00fcketilmektedir.\u00a0<\/span><\/p>\n<p><span style=\"font-weight: 400;\">\u00dclkemizde en fazla yeti\u015ftirildi\u011fi b\u00f6lge Ege B\u00f6lgesi\u2019dir. G\u00fclgiller familyas\u0131ndan gelir ve a\u011fa\u00e7ta yeti\u015fir \u00fcr\u00fcnlerdir. D\u00fcnya \u00e7ap\u0131nda y\u0131ll\u0131k \u00fcretimi 1,5 milyon tonu ge\u00e7er. En b\u00fcy\u00fck \u00fcretici \u00fclkeleri ise T\u00fcrkiye haricinde Yunanistan, L\u00fcbnan, Suriye, \u00c7in, \u0130ran, Fas, \u0130talya, Portekiz, \u0130spanya, Amerika olmaktad\u0131r.\u00a0<\/span><\/p>\n<p><span style=\"font-weight: 400;\">Farkl\u0131 co\u011frafya \u00f6zelliklerinde yeti\u015fiyor gibi dursa da bademin \u00fcretildi\u011fi iklim hemen hemen s\u0131cak ve kurak iklimdir. So\u011fuk r\u00fczgar ve nemli havalar\u0131 sevmezler. Badem a\u011fa\u00e7lar\u0131nda yeti\u015ftirme y\u00f6ntemi genelde a\u015f\u0131 ile olur. Bir a\u011fac\u0131n meyve verme s\u00fcresi de 50 y\u0131l\u0131 bulabilir.\u00a0<\/span><\/p>\n<h2><span style=\"font-weight: 400;\">Badem \u00c7e\u015fitleri<\/span><\/h2>\n<p><span style=\"font-weight: 400;\">Kuruyemi\u015f badem \u00e7e\u015fitleri genel olarak \u00e7i\u011f badem (taze badem) ve kuru badem olarak bilinir. Ancak bu \u00e7e\u015fitlili\u011fi biraz daha a\u00e7abiliriz.\u00a0<\/span><\/p>\n<ul>\n<li style=\"font-weight: 400;\" aria-level=\"1\"><span style=\"font-weight: 400;\">Ac\u0131payam Badem<\/span><\/li>\n<li style=\"font-weight: 400;\" aria-level=\"1\"><span style=\"font-weight: 400;\">Ta\u015f Bademi<\/span><\/li>\n<li style=\"font-weight: 400;\" aria-level=\"1\"><span style=\"font-weight: 400;\">Di\u015f Bademi<\/span><\/li>\n<li style=\"font-weight: 400;\" aria-level=\"1\"><span style=\"font-weight: 400;\">Nurlu Bademi<\/span><\/li>\n<li style=\"font-weight: 400;\" aria-level=\"1\"><span style=\"font-weight: 400;\">\u015eeytan Payam\u0131 Badem<\/span><\/li>\n<li style=\"font-weight: 400;\" aria-level=\"1\"><span style=\"font-weight: 400;\">Gababa\u011f Badem<\/span><\/li>\n<\/ul>\n<p><span style=\"font-weight: 400;\">Bu \u00e7e\u015fitlilik daha \u00e7ok \u00fcretim \u015fekli ve bademin hangi alanda kullan\u0131laca\u011f\u0131 noktas\u0131nda dikkat edilir. Mesela badem ya\u011f\u0131 \u00fcretimi i\u00e7in ac\u0131payam bademi tercih edilir. Di\u011fer se\u00e7enekler i\u00e7in ise farkl\u0131 olgunla\u015fma s\u00fcreci ve tat durumundan bahsedebiliriz.<\/span><\/p>\n<p><span style=\"font-weight: 400;\">Ancak bizler sofralar\u0131m\u0131zda tercih ederken elbette daha \u00e7ok taze bademi ya da kavrulmu\u015f bademi tercih etmekteyiz. Kavrulmu\u015f olanlar daha \u00e7ok k\u0131sa s\u00fcrede t\u00fcketimler i\u00e7in \u00f6nerilir. Taze bademlerde de e\u011fer iyi bir \u015fekilde muhafaza edilecekse t\u00fcketim s\u00fcreci uzayabilir.\u00a0<\/span><\/p>\n<h2><span style=\"font-weight: 400;\">Badem Faydalar\u0131 Nelerdir?<\/span><\/h2>\n<p><span style=\"font-weight: 400;\">Bademi sadece bir lezzet se\u00e7ene\u011fi olarak de\u011fil vitamin deposu olarak g\u00f6rebilirsiniz. \u00c7\u00fcnk\u00fc bu kuruyemi\u015f \u00e7e\u015fidinin sa\u011fl\u0131\u011f\u0131n\u0131z i\u00e7in faydas\u0131 \u00e7ok y\u00f6nl\u00fcd\u00fcr.\u00a0<\/span><\/p>\n<p><span style=\"font-weight: 400;\">Badem kuruyemi\u015f faydalar\u0131;<\/span><\/p>\n<ul>\n<li style=\"font-weight: 400;\" aria-level=\"1\"><span style=\"font-weight: 400;\">Cilt i\u00e7in olduk\u00e7a b\u00fcy\u00fck bir gereksinim olan E vitamini bak\u0131m\u0131ndan zengindir.<\/span><\/li>\n<li style=\"font-weight: 400;\" aria-level=\"1\"><span style=\"font-weight: 400;\">K\u00f6t\u00fc kolesterol\u00fc \u00f6nler.\u00a0<\/span><\/li>\n<li style=\"font-weight: 400;\" aria-level=\"1\"><span style=\"font-weight: 400;\">\u0130\u00e7eri\u011findeki ya\u011f ve posa zenginli\u011fi sayesinde tok tutma \u00f6zelli\u011fi vard\u0131r.\u00a0<\/span><\/li>\n<li style=\"font-weight: 400;\" aria-level=\"1\"><span style=\"font-weight: 400;\">Lif zenginli\u011fiyle hem tok tutar hem de kandaki \u015fekeri dengeler, kab\u0131zl\u0131\u011f\u0131 \u00f6nler.\u00a0<\/span><\/li>\n<li style=\"font-weight: 400;\" aria-level=\"1\"><span style=\"font-weight: 400;\">Magnezyum eksikli\u011fini gidermede yard\u0131mc\u0131 bir lezzettir.<\/span><\/li>\n<li style=\"font-weight: 400;\" aria-level=\"1\"><span style=\"font-weight: 400;\">Ba\u011f\u0131rsak sa\u011fl\u0131\u011f\u0131 i\u00e7in iyidir. Ba\u011f\u0131rsak hareketlerini d\u00fczenlemeye yard\u0131mc\u0131 olur.<\/span><\/li>\n<li style=\"font-weight: 400;\" aria-level=\"1\"><span style=\"font-weight: 400;\">Magnezyum ve kalsiyum i\u00e7eri\u011fiyle kemiklerin g\u00fc\u00e7lenmesini sa\u011flar.\u00a0<\/span><\/li>\n<li style=\"font-weight: 400;\" aria-level=\"1\"><span style=\"font-weight: 400;\">Antioksidan \u00f6zelli\u011fiyle de kanser gibi hastal\u0131klara kar\u015f\u0131 m\u00fccadelede yard\u0131mc\u0131 eder.\u00a0<\/span><\/li>\n<li style=\"font-weight: 400;\" aria-level=\"1\"><span style=\"font-weight: 400;\">Vegan ya da vejetaryenlerin t\u00fcketimine uygundur. Hayvansal \u00fcr\u00fcnleri t\u00fcketmeyenler i\u00e7in badem unu, badem s\u00fct\u00fc gibi se\u00e7enekleriyle de sofralarda yer alabilir.<\/span><\/li>\n<\/ul>\n<h2><span style=\"font-weight: 400;\">Badem G\u00fcnl\u00fck Ne Kadar T\u00fcketilmeli?<\/span><\/h2>\n<p><span style=\"font-weight: 400;\">Sa\u011fl\u0131k tamamen denge \u00fczerine kuruludur. Bir \u00fcr\u00fcn\u00fcn sa\u011fl\u0131kl\u0131 olmas\u0131 onu \u00e7ok fazla t\u00fcketmeniz gerekti\u011fi anlam\u0131na gelmez. Bademi t\u00fcketirken de \u00f6nerilen gramaja dikkat etmek gerekir.\u00a0<\/span><\/p>\n<p><span style=\"font-weight: 400;\">Badem t\u00fcketiminde genel olarak g\u00fcnde bir avu\u00e7, yani hemen hemen 15-20 adet yeterli olacakt\u0131r. Ancak bu ya\u015f ve sa\u011fl\u0131k durumu do\u011frultusunda de\u011fi\u015febilir. Bir \u00e7ocuk veya ileri ya\u015ftaki bireyler i\u00e7in uzman g\u00f6r\u00fc\u015f\u00fc almak daha iyi olur. Bu do\u011frultuda g\u00fcnl\u00fck \u00f6\u011f\u00fcnlerinizde daha do\u011fru \u015fekilde t\u00fcketebilirsiniz.\u00a0\u00a0<\/span><\/p>\n<h3><span style=\"font-weight: 400;\">Badem Kalori De\u011feri<\/span><\/h3>\n<p><span style=\"font-weight: 400;\">100 graml\u0131k bir badem 575 kaloriye sahiptir. Bu rakam bireylerin g\u00fcnl\u00fck almas\u0131 gereken kalori miktar\u0131nda \u00f6nemli bir yer tutacakt\u0131r. Bu y\u00fczden bu gramaj\u0131n biraz daha alt\u0131nda bir t\u00fcketim do\u011fru olur.\u00a0<\/span><\/p>\n<p>Tavsiye kuruyemi\u015f : <a href=\"https:\/\/baycelik.com.tr\/en\/yer-fistigi\/\"><strong>Yer f\u0131st\u0131\u011f\u0131<\/strong><\/a><\/p>\n<h2><span style=\"font-weight: 400;\">Bademin Kullan\u0131m Alanlar\u0131<\/span><\/h2>\n<p><span style=\"font-weight: 400;\">Bademin kullan\u0131ld\u0131\u011f\u0131 lezzetler ve alanlar olduk\u00e7a geni\u015ftir. Bademi \u00e7e\u015fitli i\u015flemlerden ge\u00e7irerek badem unu olarak da kullanabilirsiniz. Mesela gluten hassasiyeti olanlar i\u00e7in genel de badem veya yulaf unu gibi alternatifler \u00f6nerilir.\u00a0<\/span><\/p>\n<p><span style=\"font-weight: 400;\">Ayn\u0131 zamanda bademi ya\u011f olarak da g\u00f6rmekteyiz. Tarihte \u00e7ok eskilere dayanan g\u00fczellik s\u0131rlar\u0131ndan biri olarak da bilinir. Badem ya\u011f\u0131 sa\u00e7, ka\u015f, kirpik bak\u0131m\u0131nda kullan\u0131labilir ve y\u00fcz haricinde cildin farkl\u0131 noktalar\u0131nda nemlendirici \u00f6zelli\u011fiyle de tercih edilebilir.\u00a0<\/span><\/p>\n<p><span style=\"font-weight: 400;\">T\u00fcketim noktas\u0131nda ise salatalar\u0131n i\u00e7erisinde rendelendi\u011fi bilinir. \u00c7e\u015fitli yemeklere apayr\u0131 bir lezzet katmak i\u00e7in kullan\u0131l\u0131r. Badem ezmesi formuyla tatl\u0131larda, ekmek yap\u0131m\u0131nda da bulunabilir.\u00a0<\/span><\/p>\n<h2><span style=\"font-weight: 400;\">Badem Kuruyemi\u015f Fiyatlar\u0131<\/span><\/h2>\n<p><span style=\"font-weight: 400;\">Hasat edilmesi, bak\u0131m\u0131 ve \u00fcretimi ile t\u00fcketimine kadar giden s\u00fcre\u00e7te badem fiyatlar\u0131 i\u00e7in belirleyici unsurlar \u00e7ok fazlad\u0131r. Bademin \u00e7e\u015fidi, kabuklu veya kabuksuz olarak tercih edilmesi, taze veya \u00e7i\u011f olmas\u0131 gibi unsurlar fiyatlar\u0131na etki eder. Ayr\u0131ca bunlar\u0131n nakliyat k\u0131sm\u0131 da fiyatlar\u0131 belirler. Markan\u0131n sundu\u011fu ayr\u0131cal\u0131klar da badem kuruyemi\u015f fiyatlar\u0131 i\u00e7in belirleyicidir. Bay\u00e7elik, y\u0131llar\u0131n deneyimiyle badem \u00fcretimini de ger\u00e7ekle\u015ftirmektedir. M\u00fc\u015fterilerine bu anlamda hijyenik ko\u015fullardan ge\u00e7erek paketlenen \u00fcr\u00fcnleri sunar. <strong>Toptan badem<\/strong> sipari\u015fi olarak da avantajl\u0131 se\u00e7enekleri vard\u0131r.\u00a0<\/span>[\/vc_column_text][\/vc_column][\/vc_row]<\/p>\n","protected":false},"excerpt":{"rendered":"<p>[vc_row][vc_column width=&#8221;1\/3&#8243;][\/vc_column][vc_column width=&#8221;1\/3&#8243;][\/vc_column][vc_column width=&#8221;1\/3&#8243;][\/vc_column][\/vc_row][vc_row][vc_column][vc_column_text] Toptan badem sipari\u015fi i\u00e7in yukar\u0131daki butona t\u0131klayabilirsiniz. Ayr\u0131ca ileti\u015fim formu \u00fczerinden taleplerinizi taraf\u0131m\u0131za iletebilirsiniz. [\/vc_column_text][vc_column_text]Sadece kuruyemi\u015f olarak de\u011fil \u00e7e\u015fitli yemekler ve salatalarda, kahvalt\u0131l\u0131k lezzetlerde, tatl\u0131larda kullan\u0131lan<\/p>\n","protected":false},"author":1,"featured_media":0,"parent":0,"menu_order":0,"comment_status":"closed","ping_status":"closed","template":"","meta":{"footnotes":""},"class_list":["post-16185","page","type-page","status-publish","hentry"],"yoast_head":"<!-- This site is optimized with the Yoast SEO plugin v26.4 - https:\/\/yoast.com\/wordpress\/plugins\/seo\/ -->\n<title>Wholesale Almonds - Taze Badem \u0130\u00e7i (\u00c7i\u011f) - Baycelik<\/title>\n<meta name=\"description\" content=\"Toptan badem \u00e7e\u015fitleri sipari\u015fi vermek i\u00e7in hemen ileti\u015fimize ge\u00e7iniz. En taze badem i\u00e7i i\u00e7in en do\u011fru adres www.baycelik.com.tr!\" \/>\n<meta name=\"robots\" content=\"index, follow, max-snippet:-1, max-image-preview:large, max-video-preview:-1\" \/>\n<link rel=\"canonical\" href=\"https:\/\/baycelik.com.tr\/en\/wholesale-almonds\/\" \/>\n<meta property=\"og:locale\" content=\"en_US\" \/>\n<meta property=\"og:type\" content=\"article\" \/>\n<meta property=\"og:title\" content=\"Wholesale Almonds - Taze Badem \u0130\u00e7i (\u00c7i\u011f) - Baycelik\" \/>\n<meta property=\"og:description\" content=\"Toptan badem \u00e7e\u015fitleri sipari\u015fi vermek i\u00e7in hemen ileti\u015fimize ge\u00e7iniz. En taze badem i\u00e7i i\u00e7in en do\u011fru adres www.baycelik.com.tr!\" \/>\n<meta property=\"og:url\" content=\"https:\/\/baycelik.com.tr\/en\/wholesale-almonds\/\" \/>\n<meta property=\"og:site_name\" content=\"Baycelik\" \/>\n<meta property=\"article:modified_time\" content=\"2023-09-28T07:24:11+00:00\" \/>\n<meta name=\"twitter:card\" content=\"summary_large_image\" \/>\n<meta name=\"twitter:label1\" content=\"Est. reading time\" \/>\n\t<meta name=\"twitter:data1\" content=\"4 minutes\" \/>\n<script type=\"application\/ld+json\" class=\"yoast-schema-graph\">{\"@context\":\"https:\/\/schema.org\",\"@graph\":[{\"@type\":\"WebPage\",\"@id\":\"https:\/\/baycelik.com.tr\/en\/wholesale-almonds\/\",\"url\":\"https:\/\/baycelik.com.tr\/en\/wholesale-almonds\/\",\"name\":\"Wholesale Almonds - Taze Badem \u0130\u00e7i (\u00c7i\u011f) - Baycelik\",\"isPartOf\":{\"@id\":\"https:\/\/baycelik.com.tr\/#website\"},\"datePublished\":\"2023-07-19T14:02:57+00:00\",\"dateModified\":\"2023-09-28T07:24:11+00:00\",\"description\":\"Toptan badem \u00e7e\u015fitleri sipari\u015fi vermek i\u00e7in hemen ileti\u015fimize ge\u00e7iniz. En taze badem i\u00e7i i\u00e7in en do\u011fru adres www.baycelik.com.tr!\",\"breadcrumb\":{\"@id\":\"https:\/\/baycelik.com.tr\/en\/wholesale-almonds\/#breadcrumb\"},\"inLanguage\":\"en-US\",\"potentialAction\":[{\"@type\":\"ReadAction\",\"target\":[\"https:\/\/baycelik.com.tr\/en\/wholesale-almonds\/\"]}]},{\"@type\":\"BreadcrumbList\",\"@id\":\"https:\/\/baycelik.com.tr\/en\/wholesale-almonds\/#breadcrumb\",\"itemListElement\":[{\"@type\":\"ListItem\",\"position\":1,\"name\":\"Anasayfa\",\"item\":\"https:\/\/baycelik.com.tr\/en\/\"},{\"@type\":\"ListItem\",\"position\":2,\"name\":\"Wholesale Almonds\"}]},{\"@type\":\"WebSite\",\"@id\":\"https:\/\/baycelik.com.tr\/#website\",\"url\":\"https:\/\/baycelik.com.tr\/\",\"name\":\"Baycelik\",\"description\":\"Ay\u00e7ekirde\u011fi ve Tar\u0131m \u00dcr\u00fcnleri\",\"publisher\":{\"@id\":\"https:\/\/baycelik.com.tr\/#organization\"},\"potentialAction\":[{\"@type\":\"SearchAction\",\"target\":{\"@type\":\"EntryPoint\",\"urlTemplate\":\"https:\/\/baycelik.com.tr\/?s={search_term_string}\"},\"query-input\":{\"@type\":\"PropertyValueSpecification\",\"valueRequired\":true,\"valueName\":\"search_term_string\"}}],\"inLanguage\":\"en-US\"},{\"@type\":\"Organization\",\"@id\":\"https:\/\/baycelik.com.tr\/#organization\",\"name\":\"Baycelik\",\"url\":\"https:\/\/baycelik.com.tr\/\",\"logo\":{\"@type\":\"ImageObject\",\"inLanguage\":\"en-US\",\"@id\":\"https:\/\/baycelik.com.tr\/#\/schema\/logo\/image\/\",\"url\":\"\",\"contentUrl\":\"\",\"caption\":\"Baycelik\"},\"image\":{\"@id\":\"https:\/\/baycelik.com.tr\/#\/schema\/logo\/image\/\"}}]}<\/script>\n<!-- \/ Yoast SEO plugin. -->","yoast_head_json":{"title":"Wholesale Almonds - Taze Badem \u0130\u00e7i (\u00c7i\u011f) - Baycelik","description":"Toptan badem \u00e7e\u015fitleri sipari\u015fi vermek i\u00e7in hemen ileti\u015fimize ge\u00e7iniz. En taze badem i\u00e7i i\u00e7in en do\u011fru adres www.baycelik.com.tr!","robots":{"index":"index","follow":"follow","max-snippet":"max-snippet:-1","max-image-preview":"max-image-preview:large","max-video-preview":"max-video-preview:-1"},"canonical":"https:\/\/baycelik.com.tr\/en\/wholesale-almonds\/","og_locale":"en_US","og_type":"article","og_title":"Wholesale Almonds - Taze Badem \u0130\u00e7i (\u00c7i\u011f) - Baycelik","og_description":"Toptan badem \u00e7e\u015fitleri sipari\u015fi vermek i\u00e7in hemen ileti\u015fimize ge\u00e7iniz. En taze badem i\u00e7i i\u00e7in en do\u011fru adres www.baycelik.com.tr!","og_url":"https:\/\/baycelik.com.tr\/en\/wholesale-almonds\/","og_site_name":"Baycelik","article_modified_time":"2023-09-28T07:24:11+00:00","twitter_card":"summary_large_image","twitter_misc":{"Est. reading time":"4 minutes"},"schema":{"@context":"https:\/\/schema.org","@graph":[{"@type":"WebPage","@id":"https:\/\/baycelik.com.tr\/en\/wholesale-almonds\/","url":"https:\/\/baycelik.com.tr\/en\/wholesale-almonds\/","name":"Wholesale Almonds - Taze Badem \u0130\u00e7i (\u00c7i\u011f) - Baycelik","isPartOf":{"@id":"https:\/\/baycelik.com.tr\/#website"},"datePublished":"2023-07-19T14:02:57+00:00","dateModified":"2023-09-28T07:24:11+00:00","description":"Toptan badem \u00e7e\u015fitleri sipari\u015fi vermek i\u00e7in hemen ileti\u015fimize ge\u00e7iniz. En taze badem i\u00e7i i\u00e7in en do\u011fru adres www.baycelik.com.tr!","breadcrumb":{"@id":"https:\/\/baycelik.com.tr\/en\/wholesale-almonds\/#breadcrumb"},"inLanguage":"en-US","potentialAction":[{"@type":"ReadAction","target":["https:\/\/baycelik.com.tr\/en\/wholesale-almonds\/"]}]},{"@type":"BreadcrumbList","@id":"https:\/\/baycelik.com.tr\/en\/wholesale-almonds\/#breadcrumb","itemListElement":[{"@type":"ListItem","position":1,"name":"Anasayfa","item":"https:\/\/baycelik.com.tr\/en\/"},{"@type":"ListItem","position":2,"name":"Wholesale Almonds"}]},{"@type":"WebSite","@id":"https:\/\/baycelik.com.tr\/#website","url":"https:\/\/baycelik.com.tr\/","name":"Baycelik","description":"Ay\u00e7ekirde\u011fi ve Tar\u0131m \u00dcr\u00fcnleri","publisher":{"@id":"https:\/\/baycelik.com.tr\/#organization"},"potentialAction":[{"@type":"SearchAction","target":{"@type":"EntryPoint","urlTemplate":"https:\/\/baycelik.com.tr\/?s={search_term_string}"},"query-input":{"@type":"PropertyValueSpecification","valueRequired":true,"valueName":"search_term_string"}}],"inLanguage":"en-US"},{"@type":"Organization","@id":"https:\/\/baycelik.com.tr\/#organization","name":"Baycelik","url":"https:\/\/baycelik.com.tr\/","logo":{"@type":"ImageObject","inLanguage":"en-US","@id":"https:\/\/baycelik.com.tr\/#\/schema\/logo\/image\/","url":"","contentUrl":"","caption":"Baycelik"},"image":{"@id":"https:\/\/baycelik.com.tr\/#\/schema\/logo\/image\/"}}]}},"_links":{"self":[{"href":"https:\/\/baycelik.com.tr\/en\/wp-json\/wp\/v2\/pages\/16185","targetHints":{"allow":["GET"]}}],"collection":[{"href":"https:\/\/baycelik.com.tr\/en\/wp-json\/wp\/v2\/pages"}],"about":[{"href":"https:\/\/baycelik.com.tr\/en\/wp-json\/wp\/v2\/types\/page"}],"author":[{"embeddable":true,"href":"https:\/\/baycelik.com.tr\/en\/wp-json\/wp\/v2\/users\/1"}],"replies":[{"embeddable":true,"href":"https:\/\/baycelik.com.tr\/en\/wp-json\/wp\/v2\/comments?post=16185"}],"version-history":[{"count":1,"href":"https:\/\/baycelik.com.tr\/en\/wp-json\/wp\/v2\/pages\/16185\/revisions"}],"predecessor-version":[{"id":16193,"href":"https:\/\/baycelik.com.tr\/en\/wp-json\/wp\/v2\/pages\/16185\/revisions\/16193"}],"wp:attachment":[{"href":"https:\/\/baycelik.com.tr\/en\/wp-json\/wp\/v2\/media?parent=16185"}],"curies":[{"name":"wp","href":"https:\/\/api.w.org\/{rel}","templated":true}]}}