{"id":16186,"date":"2023-07-28T11:21:05","date_gmt":"2023-07-28T08:21:05","guid":{"rendered":"https:\/\/baycelik.com.tr\/toptan-antep-fistigi\/"},"modified":"2023-09-28T10:23:45","modified_gmt":"2023-09-28T07:23:45","slug":"wholesale-pistachios","status":"publish","type":"page","link":"https:\/\/baycelik.com.tr\/en\/wholesale-pistachios\/","title":{"rendered":"Wholesale Pistachios"},"content":{"rendered":"<p>[vc_row][vc_column width=&#8221;1\/3&#8243;][\/vc_column][vc_column width=&#8221;1\/3&#8243;]<div class=\"button-wrap icon-right\" style=\"\" ><a href=\"https:\/\/wa.me\/+905332584577\" target=\"_blank\" class=\"agrikole-button btn-1896038702 big no_icon custom custom outline solid custom\" style=\"border-radius:20px;border-width:0px;\"  data-background=\"#dd9933\" data-text=\"#ffffff\" data-border=\"\">\r\n\t\t<span style=\"\">Toptan Antep F\u0131st\u0131\u011f\u0131 Sipari\u015fi <\/span>\r\n\t<\/a><\/div>[\/vc_column][vc_column width=&#8221;1\/3&#8243;][\/vc_column][\/vc_row][vc_row][vc_column]\r\n\t<div class=\"agrikole-spacer clearfix\" data-desktop=\"20\" data-mobi=\"20\" data-smobi=\"20\"><\/div>[vc_column_text]<\/p>\n<p style=\"text-align: center;\"><em><strong><span style=\"vertical-align: inherit;\">Toptan Antep F\u0131st\u0131\u011f\u0131 sipari\u015fi i\u00e7in yukar\u0131daki butona t\u0131klayabilirsiniz. Ayr\u0131ca ileti\u015fim formu \u00fczerinden taleplerinizi taraf\u0131m\u0131za iletebilirsiniz.<\/span><\/strong><\/em><\/p>\n<p>[\/vc_column_text]\r\n\t<div class=\"agrikole-spacer clearfix\" data-desktop=\"40\" data-mobi=\"40\" data-smobi=\"40\"><\/div><div class=\"agrikole-cf7  bg- btn-accent\">\n<div class=\"wpcf7 no-js\" id=\"wpcf7-f4437-o1\" lang=\"en-US\" dir=\"ltr\" data-wpcf7-id=\"4437\">\n<div class=\"screen-reader-response\"><p role=\"status\" aria-live=\"polite\" aria-atomic=\"true\"><\/p> <ul><\/ul><\/div>\n<form action=\"\/en\/wp-json\/wp\/v2\/pages\/16186#wpcf7-f4437-o1\" method=\"post\" class=\"wpcf7-form init\" aria-label=\"Contact form\" novalidate=\"novalidate\" data-status=\"init\">\n<fieldset class=\"hidden-fields-container\"><input type=\"hidden\" name=\"_wpcf7\" value=\"4437\" \/><input type=\"hidden\" name=\"_wpcf7_version\" value=\"6.1.3\" \/><input type=\"hidden\" name=\"_wpcf7_locale\" value=\"en_US\" \/><input type=\"hidden\" name=\"_wpcf7_unit_tag\" value=\"wpcf7-f4437-o1\" \/><input type=\"hidden\" name=\"_wpcf7_container_post\" value=\"0\" \/><input type=\"hidden\" name=\"_wpcf7_posted_data_hash\" value=\"\" \/>\n<\/fieldset>\n<div class=\"input-wrap clearfix\">\n\t<div class=\"name-wrap\">\n\t\t<p><span class=\"wpcf7-form-control-wrap\" data-name=\"your-name\"><input size=\"40\" maxlength=\"400\" class=\"wpcf7-form-control wpcf7-text wpcf7-validates-as-required\" aria-required=\"true\" aria-invalid=\"false\" placeholder=\"Ad ve Soyad\" value=\"\" type=\"text\" name=\"your-name\" \/><\/span>\n\t\t<\/p>\n\t<\/div>\n\t<div class=\"email-wrap\">\n\t\t<p><span class=\"wpcf7-form-control-wrap\" data-name=\"your-email\"><input size=\"40\" maxlength=\"400\" class=\"wpcf7-form-control wpcf7-email wpcf7-validates-as-required wpcf7-text wpcf7-validates-as-email\" aria-required=\"true\" aria-invalid=\"false\" placeholder=\"Email Adresi\" value=\"\" type=\"email\" name=\"your-email\" \/><\/span>\n\t\t<\/p>\n\t<\/div>\n<\/div>\n<div class=\"input-wrap clearfix\">\n\t<div class=\"phone-wrap\">\n\t\t<p><span class=\"wpcf7-form-control-wrap\" data-name=\"your-phone\"><input size=\"40\" maxlength=\"400\" class=\"wpcf7-form-control wpcf7-text wpcf7-validates-as-required\" aria-required=\"true\" aria-invalid=\"false\" placeholder=\"Telefon\" value=\"\" type=\"text\" name=\"your-phone\" \/><\/span>\n\t\t<\/p>\n\t<\/div>\n\t<div class=\"subject-wrap\">\n\t\t<p><span class=\"wpcf7-form-control-wrap\" data-name=\"your-subject\"><input size=\"40\" maxlength=\"400\" class=\"wpcf7-form-control wpcf7-text wpcf7-validates-as-required\" aria-required=\"true\" aria-invalid=\"false\" placeholder=\"Konu\" value=\"\" type=\"text\" name=\"your-subject\" \/><\/span>\n\t\t<\/p>\n\t<\/div>\n<\/div>\n<div class=\"message-wrap\">\n\t<p><span class=\"wpcf7-form-control-wrap\" data-name=\"your-message\"><textarea cols=\"40\" rows=\"10\" maxlength=\"2000\" class=\"wpcf7-form-control wpcf7-textarea\" aria-invalid=\"false\" placeholder=\"Mesaj\u0131n\u0131z\" name=\"your-message\"><\/textarea><\/span>\n\t<\/p>\n<\/div>\n<div class=\"submit-wrap\">\n\t<p><span><input class=\"wpcf7-form-control wpcf7-submit has-spinner\" type=\"submit\" value=\"G\u00f6nder\" \/><\/span>\n\t<\/p>\n<\/div><div class=\"wpcf7-response-output\" aria-hidden=\"true\"><\/div>\n<\/form>\n<\/div>\n<\/div>[vc_column_text]<span style=\"font-weight: 400;\">Antep f\u0131st\u0131\u011f\u0131, Orta Do\u011fu ve Orta Asya k\u00f6kenli bir kuruyemi\u015f t\u00fcr\u00fc olup \u00fclkemizde G\u00fcneydo\u011fu Anadolu B\u00f6lgesi&#8217;nde yeti\u015fmektedir. Bilimsel ad\u0131 Pistacia vera olan Antep f\u0131st\u0131\u011f\u0131, Anacardiaceae yani Sak\u0131z a\u011fac\u0131giller familyas\u0131na ait bir bitki t\u00fcr\u00fcd\u00fcr. Antep f\u0131st\u0131\u011f\u0131, \u00fclkemizde \u00f6zellikle Gaziantep \u015fehrine \u00f6zg\u00fc oldu\u011fundan ad\u0131n\u0131 bu \u015fehirden alm\u0131\u015ft\u0131r. \u015eam f\u0131st\u0131\u011f\u0131 olarak da bilinen bu yemi\u015f t\u00fcr\u00fc, tek ba\u015f\u0131na t\u00fcketilebildi\u011fi gibi bir\u00e7ok tarifi lezzetlendiren \u00f6nemli bir besindir.<\/span><\/p>\n<p><span style=\"font-weight: 400;\">Kabuklu bir yemi\u015f t\u00fcr\u00fc olan Antep f\u0131st\u0131\u011f\u0131,\u00a0 5-7 metre y\u00fcksekli\u011fe kadar b\u00fcy\u00fcyebilen ve genellikle \u00e7ok y\u0131ll\u0131k bir bitki olan Antep f\u0131st\u0131\u011f\u0131 a\u011fac\u0131ndan elde edilir. Birle\u015fik ve ye\u015fil renkte yapraklara sahip olan bu bitkinin \u00e7i\u00e7ekleri ise ilkbahar aylar\u0131nda a\u00e7an k\u00fc\u00e7\u00fck ve ye\u015filimsi renklerdedir. Meyve olu\u015fumunu sa\u011flayan bu \u00e7i\u00e7eklerden daha sonra Antep f\u0131st\u0131\u011f\u0131 meyveleri elde edilir. Kabuk i\u00e7erisinde bulunan tohumlar, as\u0131l Antep f\u0131st\u0131\u011f\u0131 olarak t\u00fcketilen k\u0131sm\u0131 olu\u015fturur.<\/span><\/p>\n<p><span style=\"font-weight: 400;\">K\u00fc\u00e7\u00fck boyutlar\u0131, oval \u015fekilleri ve i\u00e7indeki k\u0131rm\u0131z\u0131ms\u0131-kahverengi renkte f\u0131st\u0131k tanesi ile karakteristik bir lezzete sahip olan Antep f\u0131st\u0131\u011f\u0131nda bu lezzet, onu di\u011fer f\u0131st\u0131k t\u00fcrlerinden ay\u0131ran en \u00f6nemli \u00f6zelliklerin ba\u015f\u0131nda geliyor. E\u015fsiz tad\u0131, kolay t\u00fcketilebilir olmas\u0131 ve besleyici de\u011ferleri ile neredeyse her ya\u015ftan insan\u0131n s\u0131kl\u0131kla t\u00fcketti\u011fi kuruyemi\u015flerden biridir.<\/span><\/p>\n<h2><span style=\"font-weight: 400;\">Antep F\u0131st\u0131\u011f\u0131 Faydalar\u0131<\/span><\/h2>\n<p><span style=\"font-weight: 400;\">Her damak tad\u0131na hitap eden lezzetleri ile \u00f6ne \u00e7\u0131kan Antep f\u0131st\u0131k \u00e7e\u015fitleri, ayn\u0131 zamanda zengin protein i\u00e7eri\u011fi ile \u00f6zellikle sporcular taraf\u0131ndan ara ve ana \u00f6\u011f\u00fcnlere eklenen bir besin olarak biliniyor. Sa\u011fl\u0131kl\u0131 ya\u011flar, protein, lif, vitaminler ve mineraller gibi bir\u00e7ok besin \u00f6\u011fesi i\u00e7eren Antep f\u0131st\u0131\u011f\u0131, \u00f6zellikle ya\u011f asitleri bak\u0131m\u0131ndan zengin olmas\u0131 sayesinde kalp sa\u011fl\u0131\u011f\u0131n\u0131 destekler. Detayl\u0131 \u015fekilde ele al\u0131nd\u0131\u011f\u0131nda Antep f\u0131st\u0131\u011f\u0131 faydalar\u0131 aras\u0131nda;<\/span><\/p>\n<ul>\n<li style=\"font-weight: 400;\" aria-level=\"1\"><span style=\"font-weight: 400;\">\u0130\u00e7erisinde bulunan zengin antioksidan oran\u0131 sayesinde v\u00fccuttaki serbest radikallerle sava\u015farak ya\u015flanma s\u00fcrecini yava\u015flat\u0131r ve ba\u011f\u0131\u015f\u0131kl\u0131k sistemini g\u00fc\u00e7lendirir.<\/span><\/li>\n<li style=\"font-weight: 400;\" aria-level=\"1\"><span style=\"font-weight: 400;\">Zengin protein de\u011ferleri ile g\u00fcnl\u00fck protein ihtiyac\u0131n\u0131n \u00f6nemli bir k\u0131sm\u0131n\u0131 kar\u015f\u0131lamaya yard\u0131mc\u0131 olur.<\/span><\/li>\n<li style=\"font-weight: 400;\" aria-level=\"1\"><span style=\"font-weight: 400;\">Antep f\u0131st\u0131\u011f\u0131, do\u011fal olarak y\u00fcksek oranda sa\u011fl\u0131kl\u0131 ya\u011flar i\u00e7erir. \u00d6zellikle omega-3 ve omega-6 ya\u011f asitleri bak\u0131m\u0131ndan zengin olmas\u0131, kalp sa\u011fl\u0131\u011f\u0131n\u0131 destekler ve kolesterol seviyelerini d\u00fc\u015f\u00fcrmeye yard\u0131mc\u0131 olur.<\/span><\/li>\n<li style=\"font-weight: 400;\" aria-level=\"1\"><span style=\"font-weight: 400;\">Ya\u015fl\u0131l\u0131\u011fa ba\u011fl\u0131 olu\u015fan g\u00f6z problemlerini minimuma indirmede etkilidir.<\/span><\/li>\n<li style=\"font-weight: 400;\" aria-level=\"1\"><span style=\"font-weight: 400;\">Lif bak\u0131m\u0131ndan zengin Antep fistik ve \u00e7e\u015fitleri, sindirim sistemini d\u00fczenlemeye yard\u0131mc\u0131 olur.<\/span><\/li>\n<li style=\"font-weight: 400;\" aria-level=\"1\"><span style=\"font-weight: 400;\">Damar t\u0131kan\u0131kl\u0131\u011f\u0131n\u0131n \u00f6nlenmesinde ve kan bas\u0131nc\u0131n\u0131n d\u00fczenlenmesinde yard\u0131mc\u0131 bir besin olarak kullan\u0131l\u0131r.<\/span><\/li>\n<li style=\"font-weight: 400;\" aria-level=\"1\"><span style=\"font-weight: 400;\">\u0130\u00e7erisinde bulunan B6 vitamini, kandaki oksijenin ta\u015f\u0131nmas\u0131na yard\u0131mc\u0131 olurken ayn\u0131 sinir sisteminin d\u00fczenli \u00e7al\u0131\u015fmas\u0131nda etkilidir.<\/span><\/li>\n<\/ul>\n<h2><span style=\"font-weight: 400;\">Antep F\u0131st\u0131\u011f\u0131 \u00c7e\u015fitleri<\/span><\/h2>\n<p><span style=\"font-weight: 400;\">G\u00fcn\u00fcm\u00fczde bir\u00e7ok kuruyemi\u015f t\u00fcr\u00fcnde oldu\u011fu gibi Antep f\u0131st\u0131\u011f\u0131 da \u00fcretildi\u011fi b\u00f6lgeye ve i\u015flenme bi\u00e7imlerine g\u00f6re \u00e7e\u015fitlilik g\u00f6sterebilmektedir. Standart bir Antep f\u0131st\u0131\u011f\u0131n\u0131n yan\u0131 s\u0131ra kabuklu, kabuksuz, taze ya da kavrulmu\u015f Antep f\u0131st\u0131\u011f\u0131 gibi \u00e7e\u015fitleri ile her damak tad\u0131na hitap edilebilir. Antep f\u0131st\u0131\u011f\u0131 \u00e7e\u015fitleri aras\u0131nda genellikle kabuklu Antep f\u0131st\u0131\u011f\u0131 \u00f6ne \u00e7\u0131kmaktad\u0131r. Genellikle taze olarak t\u00fcketilen bu yemi\u015f, kabu\u011funu k\u0131rmak i\u00e7in biraz \u00e7aba gerektirse de t\u00fcketiciler, i\u00e7indeki lezzet ve besin de\u011ferlerinin buna de\u011fer oldu\u011funu d\u00fc\u015f\u00fcnmektedir.\u00a0<\/span><\/p>\n<p><span style=\"font-weight: 400;\">Kabuklu Antep f\u0131st\u0131\u011f\u0131n\u0131n d\u0131\u015f\u0131nda f\u0131st\u0131klar, kabu\u011fundan ayr\u0131larak i\u00e7 Antep f\u0131st\u0131\u011f\u0131 olarak da t\u00fcketiciye sunuluyor. \u0130\u00e7 f\u0131st\u0131klar ayr\u0131ca tuzlu Antep f\u0131st\u0131\u011f\u0131 ya da tuzsuz Antep f\u0131st\u0131\u011f\u0131 olarak da haz\u0131rlanabilmektedir. Bu \u00e7e\u015fitlere ek olarak \u00e7i\u011f Antep f\u0131st\u0131\u011f\u0131 toz haline getirilerek tatl\u0131 ve \u00e7e\u015fitli tariflerde kullan\u0131labilmektedir. Bunun i\u00e7in toz antep f\u0131st\u0131\u011f\u0131 temin edebilir ve taze olarak diledi\u011finiz \u015fekilde t\u00fcketebilirsiniz.<\/span><\/p>\n<p>Tavsiye : <a href=\"https:\/\/baycelik.com.tr\/en\/yer-fistigi\/\"><strong>Yer F\u0131st\u0131\u011f\u0131<\/strong><\/a><\/p>\n<p><span style=\"font-weight: 400;\">.\u00a0<\/span><\/p>\n<h2><span style=\"font-weight: 400;\">Antep F\u0131st\u0131\u011f\u0131 Kalori De\u011feri<\/span><\/h2>\n<p><span style=\"font-weight: 400;\">Antep f\u0131st\u0131\u011f\u0131n\u0131n en \u00f6nemli \u00f6zelliklerinden biri, zengin mineral ve vitamin i\u00e7eri\u011fidir. Magnezyum, fosfor, potasyum, kalsiyum ve demir gibi minerallerin yan\u0131 s\u0131ra A, E, B6 ve K vitaminlerini de i\u00e7erir. Sahip oldu\u011fu besleyici de\u011ferleri sayesinde antep f\u0131st\u0131\u011f\u0131n\u0131n sa\u011fl\u0131kl\u0131 bir besin oldu\u011funu vurgulamak m\u00fcmk\u00fcn. Bunun d\u0131\u015f\u0131nda Antep f\u0131st\u0131\u011f\u0131 kalori de\u011feri incelendi\u011finde ortalama 1 avu\u00e7 Antep f\u0131st\u0131\u011f\u0131 yakla\u015f\u0131k 101 kcal i\u00e7erir.<\/span><\/p>\n<p><span style=\"font-weight: 400;\">Antep f\u0131st\u0131\u011f\u0131, i\u00e7erdi\u011fi y\u00fcksek miktarda protein, lif ve sa\u011fl\u0131kl\u0131 ya\u011flarla da dikkat \u00e7eker. Protein, kas geli\u015fimine ve onar\u0131m\u0131na yard\u0131mc\u0131 olurken, lif sindirim sistemini d\u00fczenler ve tokluk hissi sa\u011flar. Sa\u011fl\u0131kl\u0131 ya\u011flar ise kalp sa\u011fl\u0131\u011f\u0131n\u0131 destekler ve v\u00fccut i\u00e7in \u00f6nemli olan enerji kayna\u011f\u0131d\u0131r.<\/span><\/p>\n<p><span style=\"font-weight: 400;\">Ayr\u0131ca E vitamini, B vitaminleri, magnezyum, demir, \u00e7inko ve potasyum gibi \u00f6nemli vitamin ve mineralleri de i\u00e7erir. Bu besin \u00f6\u011feleri, ba\u011f\u0131\u015f\u0131kl\u0131k sistemi fonksiyonlar\u0131n\u0131 destekledi\u011fi gibi enerji \u00fcretimine de katk\u0131da bulunur ve v\u00fccutta bir\u00e7ok biyokimyasal reaksiyonun ger\u00e7ekle\u015fmesine yard\u0131mc\u0131 olur.<\/span><\/p>\n<h2><span style=\"font-weight: 400;\">Antep F\u0131st\u0131\u011f\u0131 T\u00fcketimi<\/span><\/h2>\n<p><span style=\"font-weight: 400;\">Antep f\u0131st\u0131\u011f\u0131, pop\u00fcler bir at\u0131\u015ft\u0131rmal\u0131k olarak bilinir ve hem lezzeti hem de sa\u011fl\u0131\u011fa sundu\u011fu faydalar\u0131 nedeniyle tercih edilir. Lezzeti ve besin de\u011feriyle \u00f6n plana \u00e7\u0131kan bu de\u011ferli at\u0131\u015ft\u0131rmal\u0131klar taze, ezme, ya\u011f veya un \u015feklinde kullan\u0131labilmektedir. Bunun d\u0131\u015f\u0131nda \u00f6zellikle g\u00fcn\u00fcm\u00fczde, ara \u00f6\u011f\u00fcn olarak antep f\u0131st\u0131kl\u0131 bar tercih edilmekte, protein ve enerji ihtiyac\u0131n\u0131n \u00f6nemli bir k\u0131sm\u0131 kar\u015f\u0131lanmaktad\u0131r.\u00a0<\/span><\/p>\n<p><span style=\"font-weight: 400;\">\u00d6zellikle tatl\u0131 ve tuzlu at\u0131\u015ft\u0131rmal\u0131klar, \u00e7ikolata, dondurma, kurabiye ve baklavalar gibi bir\u00e7ok tarifte Antep f\u0131st\u0131\u011f\u0131 kullan\u0131lmaktad\u0131r. Ayn\u0131 zamanda salatalar, pilavlar, kebaplar ve mezeler gibi yemeklerde de s\u0131kl\u0131kla tercih edilen bir malzemedir. Elbette Antep f\u0131st\u0131\u011f\u0131 y\u00fcksek kalori i\u00e7eri\u011fi nedeniyle a\u015f\u0131r\u0131 t\u00fcketilmemelidir. Porsiyon kontrol\u00fc \u00f6nemli olup sa\u011fl\u0131kl\u0131 bir beslenme plan\u0131 i\u00e7inde dengeli bir \u015fekilde t\u00fcketilmelidir. Ayr\u0131ca, Antep f\u0131st\u0131\u011f\u0131 alerjisi olan ki\u015filerin f\u0131st\u0131k t\u00fcketiminde dikkatli olmas\u0131 \u00f6nemli ve gereklidir.\u00a0<\/span><\/p>\n<h2><span style=\"font-weight: 400;\">Antep F\u0131st\u0131\u011f\u0131 Fiyatlar\u0131<\/span><\/h2>\n<p><span style=\"font-weight: 400;\">Orta Do\u011fu ve Orta Asya \u00fclkelerinin yan\u0131 s\u0131ra \u00fclkemizin de ihracat\u0131nda \u00f6nemli bir paya sahip olan Antep f\u0131st\u0131\u011f\u0131, \u2018ye\u015fil alt\u0131n\u2019 olarak ifade edilmektedir. Neredeyse bir\u00e7ok alanda kullan\u0131labilmesi ve zengin besleyici de\u011ferleri ile g\u00fcnl\u00fck hayatta en s\u0131k t\u00fcketilen yemi\u015f t\u00fcr\u00fc olmas\u0131, Antep f\u0131st\u0131\u011f\u0131na olan talebi de her ge\u00e7en g\u00fcn art\u0131rmaktad\u0131r. Bu kapsamda Antep f\u0131st\u0131\u011f\u0131 kilosu, geni\u015f bir fiyat aral\u0131\u011f\u0131na sahiptir.-<\/span><\/p>\n<p><span style=\"font-weight: 400;\">Ba\u015fta f\u0131st\u0131k \u00e7e\u015fitleri olmak \u00fczere paket ebatlar\u0131 ve farkl\u0131 damak tatlar\u0131na hitap etmek \u00fczere \u00e7e\u015fitlilik g\u00f6steren \u00fcretim a\u015famalar\u0131, Antep f\u0131st\u0131k fiyatlar\u0131 \u00fczerinde etkilidir. B\u00fct\u00e7enize hitap eden Antep f\u0131st\u0131\u011f\u0131 fiyat\u0131 i\u00e7in ihtiya\u00e7 duydu\u011funuz gramajlarda sipari\u015f olu\u015fturarak b\u00fct\u00e7enize dost, taze ve lezzetli 1. kalite Antep f\u0131st\u0131\u011f\u0131 temin edebilirsiniz.<\/span>[\/vc_column_text][\/vc_column][\/vc_row]<\/p>\n","protected":false},"excerpt":{"rendered":"<p>[vc_row][vc_column width=&#8221;1\/3&#8243;][\/vc_column][vc_column width=&#8221;1\/3&#8243;][\/vc_column][vc_column width=&#8221;1\/3&#8243;][\/vc_column][\/vc_row][vc_row][vc_column][vc_column_text] Toptan Antep F\u0131st\u0131\u011f\u0131 sipari\u015fi i\u00e7in yukar\u0131daki butona t\u0131klayabilirsiniz. Ayr\u0131ca ileti\u015fim formu \u00fczerinden taleplerinizi taraf\u0131m\u0131za iletebilirsiniz. [\/vc_column_text][vc_column_text]Antep f\u0131st\u0131\u011f\u0131, Orta Do\u011fu ve Orta Asya k\u00f6kenli bir kuruyemi\u015f t\u00fcr\u00fc<\/p>\n","protected":false},"author":1,"featured_media":0,"parent":0,"menu_order":0,"comment_status":"closed","ping_status":"closed","template":"","meta":{"footnotes":""},"class_list":["post-16186","page","type-page","status-publish","hentry"],"yoast_head":"<!-- This site is optimized with the Yoast SEO plugin v26.4 - https:\/\/yoast.com\/wordpress\/plugins\/seo\/ -->\n<title>Wholesale Pistachios - Baycelik<\/title>\n<meta name=\"description\" content=\"Toptan antep f\u0131st\u0131\u011f\u0131 fiyatlar\u0131 hakk\u0131nda bilgi almak i\u00e7in bizimle ileti\u015fime ge\u00e7ebilirsiniz. En taze f\u0131st\u0131k \u00e7e\u015fitleri i\u00e7in hemen t\u0131klay\u0131n!\" \/>\n<meta name=\"robots\" content=\"index, follow, max-snippet:-1, max-image-preview:large, max-video-preview:-1\" \/>\n<link rel=\"canonical\" href=\"https:\/\/baycelik.com.tr\/en\/wholesale-pistachios\/\" \/>\n<meta property=\"og:locale\" content=\"en_US\" \/>\n<meta property=\"og:type\" content=\"article\" \/>\n<meta property=\"og:title\" content=\"Wholesale Pistachios - Baycelik\" \/>\n<meta property=\"og:description\" content=\"Toptan antep f\u0131st\u0131\u011f\u0131 fiyatlar\u0131 hakk\u0131nda bilgi almak i\u00e7in bizimle ileti\u015fime ge\u00e7ebilirsiniz. En taze f\u0131st\u0131k \u00e7e\u015fitleri i\u00e7in hemen t\u0131klay\u0131n!\" \/>\n<meta property=\"og:url\" content=\"https:\/\/baycelik.com.tr\/en\/wholesale-pistachios\/\" \/>\n<meta property=\"og:site_name\" content=\"Baycelik\" \/>\n<meta property=\"article:modified_time\" content=\"2023-09-28T07:23:45+00:00\" \/>\n<meta name=\"twitter:card\" content=\"summary_large_image\" \/>\n<meta name=\"twitter:label1\" content=\"Est. reading time\" \/>\n\t<meta name=\"twitter:data1\" content=\"6 minutes\" \/>\n<script type=\"application\/ld+json\" class=\"yoast-schema-graph\">{\"@context\":\"https:\/\/schema.org\",\"@graph\":[{\"@type\":\"WebPage\",\"@id\":\"https:\/\/baycelik.com.tr\/en\/wholesale-pistachios\/\",\"url\":\"https:\/\/baycelik.com.tr\/en\/wholesale-pistachios\/\",\"name\":\"Wholesale Pistachios - Baycelik\",\"isPartOf\":{\"@id\":\"https:\/\/baycelik.com.tr\/#website\"},\"datePublished\":\"2023-07-28T08:21:05+00:00\",\"dateModified\":\"2023-09-28T07:23:45+00:00\",\"description\":\"Toptan antep f\u0131st\u0131\u011f\u0131 fiyatlar\u0131 hakk\u0131nda bilgi almak i\u00e7in bizimle ileti\u015fime ge\u00e7ebilirsiniz. En taze f\u0131st\u0131k \u00e7e\u015fitleri i\u00e7in hemen t\u0131klay\u0131n!\",\"breadcrumb\":{\"@id\":\"https:\/\/baycelik.com.tr\/en\/wholesale-pistachios\/#breadcrumb\"},\"inLanguage\":\"en-US\",\"potentialAction\":[{\"@type\":\"ReadAction\",\"target\":[\"https:\/\/baycelik.com.tr\/en\/wholesale-pistachios\/\"]}]},{\"@type\":\"BreadcrumbList\",\"@id\":\"https:\/\/baycelik.com.tr\/en\/wholesale-pistachios\/#breadcrumb\",\"itemListElement\":[{\"@type\":\"ListItem\",\"position\":1,\"name\":\"Anasayfa\",\"item\":\"https:\/\/baycelik.com.tr\/en\/\"},{\"@type\":\"ListItem\",\"position\":2,\"name\":\"Wholesale Pistachios\"}]},{\"@type\":\"WebSite\",\"@id\":\"https:\/\/baycelik.com.tr\/#website\",\"url\":\"https:\/\/baycelik.com.tr\/\",\"name\":\"Baycelik\",\"description\":\"Ay\u00e7ekirde\u011fi ve Tar\u0131m \u00dcr\u00fcnleri\",\"publisher\":{\"@id\":\"https:\/\/baycelik.com.tr\/#organization\"},\"potentialAction\":[{\"@type\":\"SearchAction\",\"target\":{\"@type\":\"EntryPoint\",\"urlTemplate\":\"https:\/\/baycelik.com.tr\/?s={search_term_string}\"},\"query-input\":{\"@type\":\"PropertyValueSpecification\",\"valueRequired\":true,\"valueName\":\"search_term_string\"}}],\"inLanguage\":\"en-US\"},{\"@type\":\"Organization\",\"@id\":\"https:\/\/baycelik.com.tr\/#organization\",\"name\":\"Baycelik\",\"url\":\"https:\/\/baycelik.com.tr\/\",\"logo\":{\"@type\":\"ImageObject\",\"inLanguage\":\"en-US\",\"@id\":\"https:\/\/baycelik.com.tr\/#\/schema\/logo\/image\/\",\"url\":\"\",\"contentUrl\":\"\",\"caption\":\"Baycelik\"},\"image\":{\"@id\":\"https:\/\/baycelik.com.tr\/#\/schema\/logo\/image\/\"}}]}<\/script>\n<!-- \/ Yoast SEO plugin. -->","yoast_head_json":{"title":"Wholesale Pistachios - Baycelik","description":"Toptan antep f\u0131st\u0131\u011f\u0131 fiyatlar\u0131 hakk\u0131nda bilgi almak i\u00e7in bizimle ileti\u015fime ge\u00e7ebilirsiniz. En taze f\u0131st\u0131k \u00e7e\u015fitleri i\u00e7in hemen t\u0131klay\u0131n!","robots":{"index":"index","follow":"follow","max-snippet":"max-snippet:-1","max-image-preview":"max-image-preview:large","max-video-preview":"max-video-preview:-1"},"canonical":"https:\/\/baycelik.com.tr\/en\/wholesale-pistachios\/","og_locale":"en_US","og_type":"article","og_title":"Wholesale Pistachios - Baycelik","og_description":"Toptan antep f\u0131st\u0131\u011f\u0131 fiyatlar\u0131 hakk\u0131nda bilgi almak i\u00e7in bizimle ileti\u015fime ge\u00e7ebilirsiniz. En taze f\u0131st\u0131k \u00e7e\u015fitleri i\u00e7in hemen t\u0131klay\u0131n!","og_url":"https:\/\/baycelik.com.tr\/en\/wholesale-pistachios\/","og_site_name":"Baycelik","article_modified_time":"2023-09-28T07:23:45+00:00","twitter_card":"summary_large_image","twitter_misc":{"Est. reading time":"6 minutes"},"schema":{"@context":"https:\/\/schema.org","@graph":[{"@type":"WebPage","@id":"https:\/\/baycelik.com.tr\/en\/wholesale-pistachios\/","url":"https:\/\/baycelik.com.tr\/en\/wholesale-pistachios\/","name":"Wholesale Pistachios - Baycelik","isPartOf":{"@id":"https:\/\/baycelik.com.tr\/#website"},"datePublished":"2023-07-28T08:21:05+00:00","dateModified":"2023-09-28T07:23:45+00:00","description":"Toptan antep f\u0131st\u0131\u011f\u0131 fiyatlar\u0131 hakk\u0131nda bilgi almak i\u00e7in bizimle ileti\u015fime ge\u00e7ebilirsiniz. En taze f\u0131st\u0131k \u00e7e\u015fitleri i\u00e7in hemen t\u0131klay\u0131n!","breadcrumb":{"@id":"https:\/\/baycelik.com.tr\/en\/wholesale-pistachios\/#breadcrumb"},"inLanguage":"en-US","potentialAction":[{"@type":"ReadAction","target":["https:\/\/baycelik.com.tr\/en\/wholesale-pistachios\/"]}]},{"@type":"BreadcrumbList","@id":"https:\/\/baycelik.com.tr\/en\/wholesale-pistachios\/#breadcrumb","itemListElement":[{"@type":"ListItem","position":1,"name":"Anasayfa","item":"https:\/\/baycelik.com.tr\/en\/"},{"@type":"ListItem","position":2,"name":"Wholesale Pistachios"}]},{"@type":"WebSite","@id":"https:\/\/baycelik.com.tr\/#website","url":"https:\/\/baycelik.com.tr\/","name":"Baycelik","description":"Ay\u00e7ekirde\u011fi ve Tar\u0131m \u00dcr\u00fcnleri","publisher":{"@id":"https:\/\/baycelik.com.tr\/#organization"},"potentialAction":[{"@type":"SearchAction","target":{"@type":"EntryPoint","urlTemplate":"https:\/\/baycelik.com.tr\/?s={search_term_string}"},"query-input":{"@type":"PropertyValueSpecification","valueRequired":true,"valueName":"search_term_string"}}],"inLanguage":"en-US"},{"@type":"Organization","@id":"https:\/\/baycelik.com.tr\/#organization","name":"Baycelik","url":"https:\/\/baycelik.com.tr\/","logo":{"@type":"ImageObject","inLanguage":"en-US","@id":"https:\/\/baycelik.com.tr\/#\/schema\/logo\/image\/","url":"","contentUrl":"","caption":"Baycelik"},"image":{"@id":"https:\/\/baycelik.com.tr\/#\/schema\/logo\/image\/"}}]}},"_links":{"self":[{"href":"https:\/\/baycelik.com.tr\/en\/wp-json\/wp\/v2\/pages\/16186","targetHints":{"allow":["GET"]}}],"collection":[{"href":"https:\/\/baycelik.com.tr\/en\/wp-json\/wp\/v2\/pages"}],"about":[{"href":"https:\/\/baycelik.com.tr\/en\/wp-json\/wp\/v2\/types\/page"}],"author":[{"embeddable":true,"href":"https:\/\/baycelik.com.tr\/en\/wp-json\/wp\/v2\/users\/1"}],"replies":[{"embeddable":true,"href":"https:\/\/baycelik.com.tr\/en\/wp-json\/wp\/v2\/comments?post=16186"}],"version-history":[{"count":1,"href":"https:\/\/baycelik.com.tr\/en\/wp-json\/wp\/v2\/pages\/16186\/revisions"}],"predecessor-version":[{"id":16192,"href":"https:\/\/baycelik.com.tr\/en\/wp-json\/wp\/v2\/pages\/16186\/revisions\/16192"}],"wp:attachment":[{"href":"https:\/\/baycelik.com.tr\/en\/wp-json\/wp\/v2\/media?parent=16186"}],"curies":[{"name":"wp","href":"https:\/\/api.w.org\/{rel}","templated":true}]}}