{"id":16188,"date":"2023-08-31T11:26:27","date_gmt":"2023-08-31T08:26:27","guid":{"rendered":"https:\/\/baycelik.com.tr\/toptan-findik\/"},"modified":"2023-09-28T10:24:35","modified_gmt":"2023-09-28T07:24:35","slug":"wholesale-hazelnuts","status":"publish","type":"page","link":"https:\/\/baycelik.com.tr\/en\/wholesale-hazelnuts\/","title":{"rendered":"Wholesale Hazelnuts"},"content":{"rendered":"<p>[vc_row][vc_column][vc_row_inner][vc_column_inner width=&#8221;1\/3&#8243;][\/vc_column_inner][vc_column_inner width=&#8221;1\/3&#8243;]<div class=\"button-wrap icon-right\" style=\"\" ><a href=\"https:\/\/wa.me\/+905332584577\" target=\"_blank\" class=\"agrikole-button btn-875636078 big no_icon custom custom outline solid custom\" style=\"border-radius:20px;border-width:0px;\"  data-background=\"#dd9933\" data-text=\"#ffffff\" data-border=\"\">\r\n\t\t<span style=\"\">TOPTAN FINDIK S\u0130PAR\u0130\u015e\u0130 <\/span>\r\n\t<\/a><\/div>[\/vc_column_inner][vc_column_inner width=&#8221;1\/3&#8243;][\/vc_column_inner][\/vc_row_inner]\r\n\t<div class=\"agrikole-spacer clearfix\" data-desktop=\"20\" data-mobi=\"20\" data-smobi=\"20\"><\/div>[vc_column_text]<\/p>\n<p style=\"text-align: center;\"><em><strong><span style=\"vertical-align: inherit;\">Toptan f\u0131nd\u0131k sipari\u015fi i\u00e7in yukar\u0131daki butona t\u0131klayabilirsiniz. Ayr\u0131ca ileti\u015fim formu \u00fczerinden taleplerinizi taraf\u0131m\u0131za iletebilirsiniz.<\/span><\/strong><\/em><\/p>\n<p>[\/vc_column_text]\r\n\t<div class=\"agrikole-spacer clearfix\" data-desktop=\"40\" data-mobi=\"40\" data-smobi=\"40\"><\/div><div class=\"agrikole-cf7  bg- btn-accent\">\n<div class=\"wpcf7 no-js\" id=\"wpcf7-f4437-o1\" lang=\"en-US\" dir=\"ltr\" data-wpcf7-id=\"4437\">\n<div class=\"screen-reader-response\"><p role=\"status\" aria-live=\"polite\" aria-atomic=\"true\"><\/p> <ul><\/ul><\/div>\n<form action=\"\/en\/wp-json\/wp\/v2\/pages\/16188#wpcf7-f4437-o1\" method=\"post\" class=\"wpcf7-form init\" aria-label=\"Contact form\" novalidate=\"novalidate\" data-status=\"init\">\n<fieldset class=\"hidden-fields-container\"><input type=\"hidden\" name=\"_wpcf7\" value=\"4437\" \/><input type=\"hidden\" name=\"_wpcf7_version\" value=\"6.1.3\" \/><input type=\"hidden\" name=\"_wpcf7_locale\" value=\"en_US\" \/><input type=\"hidden\" name=\"_wpcf7_unit_tag\" value=\"wpcf7-f4437-o1\" \/><input type=\"hidden\" name=\"_wpcf7_container_post\" value=\"0\" \/><input type=\"hidden\" name=\"_wpcf7_posted_data_hash\" value=\"\" \/>\n<\/fieldset>\n<div class=\"input-wrap clearfix\">\n\t<div class=\"name-wrap\">\n\t\t<p><span class=\"wpcf7-form-control-wrap\" data-name=\"your-name\"><input size=\"40\" maxlength=\"400\" class=\"wpcf7-form-control wpcf7-text wpcf7-validates-as-required\" aria-required=\"true\" aria-invalid=\"false\" placeholder=\"Ad ve Soyad\" value=\"\" type=\"text\" name=\"your-name\" \/><\/span>\n\t\t<\/p>\n\t<\/div>\n\t<div class=\"email-wrap\">\n\t\t<p><span class=\"wpcf7-form-control-wrap\" data-name=\"your-email\"><input size=\"40\" maxlength=\"400\" class=\"wpcf7-form-control wpcf7-email wpcf7-validates-as-required wpcf7-text wpcf7-validates-as-email\" aria-required=\"true\" aria-invalid=\"false\" placeholder=\"Email Adresi\" value=\"\" type=\"email\" name=\"your-email\" \/><\/span>\n\t\t<\/p>\n\t<\/div>\n<\/div>\n<div class=\"input-wrap clearfix\">\n\t<div class=\"phone-wrap\">\n\t\t<p><span class=\"wpcf7-form-control-wrap\" data-name=\"your-phone\"><input size=\"40\" maxlength=\"400\" class=\"wpcf7-form-control wpcf7-text wpcf7-validates-as-required\" aria-required=\"true\" aria-invalid=\"false\" placeholder=\"Telefon\" value=\"\" type=\"text\" name=\"your-phone\" \/><\/span>\n\t\t<\/p>\n\t<\/div>\n\t<div class=\"subject-wrap\">\n\t\t<p><span class=\"wpcf7-form-control-wrap\" data-name=\"your-subject\"><input size=\"40\" maxlength=\"400\" class=\"wpcf7-form-control wpcf7-text wpcf7-validates-as-required\" aria-required=\"true\" aria-invalid=\"false\" placeholder=\"Konu\" value=\"\" type=\"text\" name=\"your-subject\" \/><\/span>\n\t\t<\/p>\n\t<\/div>\n<\/div>\n<div class=\"message-wrap\">\n\t<p><span class=\"wpcf7-form-control-wrap\" data-name=\"your-message\"><textarea cols=\"40\" rows=\"10\" maxlength=\"2000\" class=\"wpcf7-form-control wpcf7-textarea\" aria-invalid=\"false\" placeholder=\"Mesaj\u0131n\u0131z\" name=\"your-message\"><\/textarea><\/span>\n\t<\/p>\n<\/div>\n<div class=\"submit-wrap\">\n\t<p><span><input class=\"wpcf7-form-control wpcf7-submit has-spinner\" type=\"submit\" value=\"G\u00f6nder\" \/><\/span>\n\t<\/p>\n<\/div><div class=\"wpcf7-response-output\" aria-hidden=\"true\"><\/div>\n<\/form>\n<\/div>\n<\/div>[vc_column_text]<span style=\"font-weight: 400;\">F\u0131nd\u0131k, hem \u00fclkemizde hem de d\u00fcnyada en \u00e7ok t\u00fcketilen besinlerden biridir. Hu\u015fgiller (Betulaceae) familyas\u0131na ait olan kabuklu bir yemi\u015f t\u00fcr\u00fcd\u00fcr. Ortalama 3 metre boyunca, yaz\u0131n yaprakl\u0131 olan ve k\u0131\u015f\u0131n yapraklar\u0131n\u0131 d\u00f6ken f\u0131nd\u0131k a\u011fac\u0131ndan elde edilir. Kadehi and\u0131ran ye\u015fil yapraklar\u0131n\u0131n i\u00e7erisine gizlenen f\u0131nd\u0131k tohumlar\u0131, olgunla\u015farak sert bir kabu\u011fa sahip olur ve i\u00e7erisinde bulunan f\u0131nd\u0131k i\u00e7i, t\u00fcketime haz\u0131r hale gelir.\u00a0<\/span><\/p>\n<p><span style=\"font-weight: 400;\">K\u0131\u015flar\u0131n \u0131l\u0131k ge\u00e7ti\u011fi ortamlarda nemli ve humuslu bir toprakta yeti\u015fmeye uygun olan f\u0131nd\u0131k, bu y\u00f6n\u00fcyle \u00fclkemizde en \u00e7ok \u00fcretilen tar\u0131m \u00fcr\u00fcnlerinden biri olmaktad\u0131r. Karadeniz b\u00f6lgesinin neredeyse tamam\u0131nda yeti\u015fmesi uygun olan f\u0131nd\u0131k, \u00fcretim b\u00f6lgesi ve yeti\u015fme ko\u015fullar\u0131 ile farkl\u0131 t\u00fcrlere sahip olabilmektedir. F\u0131nd\u0131k t\u00fcrleri ve f\u0131nd\u0131k \u00e7e\u015fitleri, \u015fekil ve boyut olarak birbirinden ayr\u0131l\u0131rken ayn\u0131 zamanda her damak tad\u0131na hitap edebilmektedir.<\/span><\/p>\n<p><span style=\"font-weight: 400;\">Sahip oldu\u011fu kendine has lezzetin yan\u0131 s\u0131ra i\u00e7erdi\u011fi B, E vitaminleri, kalsiyum, demir ve \u00e7inko ile enerji verir, fiziksel ve zihinsel yorgunlu\u011fu gidermeye yard\u0131mc\u0131 olur. Bu y\u00f6n\u00fcyle uzmanlar taraf\u0131ndan d\u00fczenli t\u00fcketilmesi \u00f6nerilen f\u0131nd\u0131k ve \u00e7e\u015fitlerini, dilerseniz <\/span><b>toptan f\u0131nd\u0131k<\/b><span style=\"font-weight: 400;\"> sipari\u015fi ile temin edebilir, beslenme rutininizi zenginle\u015ftirebilirsiniz.<\/span><\/p>\n<h2><span style=\"font-weight: 400;\">F\u0131nd\u0131k \u00c7e\u015fitleri<\/span><\/h2>\n<p><span style=\"font-weight: 400;\">F\u0131nd\u0131k, sahip oldu\u011fu onlarca \u00e7e\u015fidi ile farkl\u0131 t\u00fcketim \u015fekilleri ve farkl\u0131 damak tatlar\u0131na hitap edebilen lezzetli bir kuruyemi\u015f t\u00fcr\u00fcd\u00fcr. \u00d6zellikle \u00fclkemizde t\u00fcketim oranlar\u0131 olduk\u00e7a y\u00fcksek olan f\u0131nd\u0131k, kabuklu f\u0131nd\u0131k ve kabuksuz f\u0131nd\u0131k yani f\u0131nd\u0131k i\u00e7i olarak iki temel \u00e7e\u015fidinin yan\u0131 s\u0131ra taze ya da kuru olmas\u0131yla da \u00e7e\u015fitlenir. Bu \u00e7e\u015fitlilik fiyat \u00fczerinde de etkili olup f\u0131nd\u0131k i\u00e7i fiyatlar\u0131 ile kabuklu toptan f\u0131nd\u0131k fiyatlar\u0131 farkl\u0131 skalaya sahiptir. Ayn\u0131 zamanda f\u0131nd\u0131k t\u00fcrleri, genellikle \u00fcretildi\u011fi b\u00f6lgeye farkl\u0131 lezzet ve g\u00f6r\u00fcn\u00fcm kazanmaktad\u0131r. Yuvarlak f\u0131nd\u0131k yani tombul f\u0131nd\u0131k \u00e7e\u015fitlerinin yan\u0131 s\u0131ra uzun f\u0131nd\u0131k yani sivri f\u0131nd\u0131k t\u00fcr\u00fc de \u00fclkemizde \u00fcretilmekte olup bu t\u00fcrler kendi i\u00e7inde de \u00e7e\u015fitlilik g\u00f6sterir. Ge\u00e7mi\u015ften g\u00fcn\u00fcm\u00fcze en \u00e7ok tercih edilen ve t\u00fcketilen f\u0131nd\u0131k \u00e7e\u015fitleri; kavrulmu\u015f f\u0131nd\u0131k, kabuklu f\u0131nd\u0131k, tuzlu f\u0131nd\u0131k, taze f\u0131nd\u0131k ve \u00e7ifte kavrulmu\u015f f\u0131nd\u0131k olarak s\u0131ralanabilir.\u00a0<\/span><\/p>\n<h2><span style=\"font-weight: 400;\">F\u0131nd\u0131k Faydalar\u0131<\/span><\/h2>\n<p><span style=\"font-weight: 400;\">At\u0131\u015ft\u0131rmal\u0131k tercihinde \u00f6ne \u00e7\u0131kan se\u00e7eneklerden biri olan f\u0131nd\u0131k; sporcular\u0131n ara \u00f6\u011f\u00fcnlerinde, diyet ve sa\u011fl\u0131kl\u0131 ya\u015fam listelerinde s\u0131kl\u0131kla yerini almaktad\u0131r. Bunun en \u00f6nemli nedeni, i\u00e7eri\u011finde bulunan i\u00e7eri\u011finde bulunan besin de\u011ferleri ve g\u00fcnl\u00fck al\u0131nmas\u0131 gereken enerji miktar\u0131n\u0131 kar\u015f\u0131l\u0131yor olmas\u0131d\u0131r. Detayl\u0131 \u015fekilde ele al\u0131nd\u0131\u011f\u0131nda f\u0131nd\u0131k faydalar\u0131 a\u015fa\u011f\u0131daki gibi s\u0131ralanabilir;<\/span><\/p>\n<ul>\n<li style=\"font-weight: 400;\" aria-level=\"1\"><span style=\"font-weight: 400;\">Proantosiyanidin i\u00e7eren f\u0131nd\u0131k, do\u011fal bir antioksidan kayna\u011f\u0131 oldu\u011fundan kanseri \u00f6nlemeye yard\u0131mc\u0131 bir etki sunar.<\/span><\/li>\n<li style=\"font-weight: 400;\" aria-level=\"1\"><span style=\"font-weight: 400;\">D\u00fczenli f\u0131nd\u0131k t\u00fcketimi ile iltihap ve buna ba\u011fl\u0131 olu\u015fan hastal\u0131klar\u0131n tedavisinde olumlu rol oynar.<\/span><\/li>\n<li style=\"font-weight: 400;\" aria-level=\"1\"><span style=\"font-weight: 400;\">Kan \u015fekerini dengeleyen bile\u015fenler i\u00e7eren f\u0131nd\u0131k, y\u00fcksek kan \u015fekeri seviyesinin dengelenmesini sa\u011flar.<\/span><\/li>\n<li style=\"font-weight: 400;\" aria-level=\"1\"><span style=\"font-weight: 400;\">Tekli doymam\u0131\u015f ya\u011f ve omega 3 ya\u011f asitleri i\u00e7eren f\u0131nd\u0131k, kolesterol seviyesini dengeler, kalp damar rahats\u0131zl\u0131klar\u0131n\u0131n tedavisine yard\u0131mc\u0131 olur.<\/span><\/li>\n<li style=\"font-weight: 400;\" aria-level=\"1\"><span style=\"font-weight: 400;\">Zengin lif kayna\u011f\u0131 olmakla birlikte sindirim sisteminin d\u00fczenli \u00e7al\u0131\u015fmas\u0131n\u0131 sa\u011flar.<\/span><\/li>\n<li style=\"font-weight: 400;\" aria-level=\"1\"><span style=\"font-weight: 400;\">\u0130\u00e7erdi\u011fi protein, E vitamini, \u00e7inko ve antioksidanlar sayesinde \u00fcreme sa\u011fl\u0131\u011f\u0131 \u00fczerinde olumlu etki sa\u011flad\u0131\u011f\u0131 saptanm\u0131\u015ft\u0131r.<\/span><\/li>\n<li style=\"font-weight: 400;\" aria-level=\"1\"><span style=\"font-weight: 400;\">Kavrulmu\u015f i\u00e7 f\u0131nd\u0131k olarak t\u00fcketiminde salmonella gibi zararl\u0131 bakterilere kar\u015f\u0131 v\u00fccut sa\u011fl\u0131\u011f\u0131n\u0131 korur.<\/span><\/li>\n<li style=\"font-weight: 400;\" aria-level=\"1\"><span style=\"font-weight: 400;\">Sahip oldu\u011fu antioksidan \u00f6zelli\u011fi sayesinde ya\u015flanma belirtilerini yava\u015flatan f\u0131nd\u0131k, cildi nemlendirir, cilt sa\u011fl\u0131\u011f\u0131n\u0131 korur ve yara izi gibi kal\u0131c\u0131 izlerin iyile\u015fmesinde s\u00fcreci h\u0131zland\u0131r\u0131r.<\/span><\/li>\n<\/ul>\n<p>Tavsiye : <a href=\"https:\/\/baycelik.com.tr\/en\/toptan-badem\/\"><strong>Toptan Badem<\/strong><\/a><\/p>\n<h2><span style=\"font-weight: 400;\">F\u0131nd\u0131k Besin De\u011ferleri ve Kalorisi<\/span><\/h2>\n<p><span style=\"font-weight: 400;\">Beslenme d\u00fczenine dikkat eden sporcular ba\u015fta olmak \u00fczere kilo problemi bulunan ya da sa\u011fl\u0131kl\u0131 ya\u015fam s\u00fcrme hedefinde olan herkes i\u00e7in t\u00fcketilen besinlerin kalorileri ve i\u00e7erdi\u011fi besin de\u011ferleri \u00f6nemlidir. Bu kapsamda besleyici de\u011ferleri ile f\u0131nd\u0131k, en \u00e7ok tercih edilen kuruyemi\u015flerin ba\u015f\u0131nda geliyor. F\u0131nd\u0131k besin de\u011ferleri genel anlamda kavrulmu\u015f i\u00e7 f\u0131nd\u0131k ve \u00e7i\u011f f\u0131nd\u0131k \u00e7e\u015fitlerinde farkl\u0131l\u0131k g\u00f6sterdi\u011finden ortalama bir de\u011fer vermek gerekirse bir avu\u00e7 f\u0131nd\u0131k ortalama 151 kcal de\u011fere sahiptir. Besin de\u011feri kaybolmadan t\u00fcketildi\u011fi takdirde g\u00fcnl\u00fck al\u0131nmas\u0131 gereken de\u011ferleri alabilmeyi sa\u011flayan f\u0131nd\u0131k sa\u011fl\u0131kl\u0131 bir kar\u0131\u015f\u0131m\u0131n i\u00e7erisinde kullan\u0131larak doyurucu ve besleyici bir ara \u00f6\u011f\u00fcn olarak kullan\u0131labilir. 100 gr f\u0131nd\u0131kta bulunan besin de\u011ferlerine bak\u0131ld\u0131\u011f\u0131nda ise;<\/span><\/p>\n<ul>\n<li><span style=\"font-weight: 400;\">60.75 g ya\u011f<\/span><\/li>\n<li><span style=\"font-weight: 400;\">16.7 g karbonhidrat<\/span><\/li>\n<li><span style=\"font-weight: 400;\">14.95 g protein<\/span><\/li>\n<li><span style=\"font-weight: 400;\">9.7 g lif<\/span><\/li>\n<li><span style=\"font-weight: 400;\">680 mg potasyum<\/span><\/li>\n<li><span style=\"font-weight: 400;\">114 mg kalsiyum<\/span><\/li>\n<li><span style=\"font-weight: 400;\">6.3 mg vitamin C<\/span><\/li>\n<li><span style=\"font-weight: 400;\">4.7 mg demir<\/span><\/li>\n<\/ul>\n<p><span style=\"font-weight: 400;\">F\u0131nd\u0131k Nas\u0131l T\u00fcketilmeli?<\/span><\/p>\n<p><span style=\"font-weight: 400;\">Besleyici de\u011ferleri ile d\u00fczenli t\u00fcketimde sa\u011fl\u0131k i\u00e7in bir\u00e7ok \u00f6nemli fayda sunan f\u0131nd\u0131k, \u00e7o\u011fu zaman \u00e7erez olarak tek ba\u015f\u0131na t\u00fcketiliyor. Bu t\u00fcketim \u015feklinin yan\u0131 s\u0131ra bir\u00e7ok farkl\u0131 kullan\u0131m alan\u0131 bulunmakta olup genellikle bisk\u00fcvi ve kremalarda s\u0131kl\u0131kla kar\u015f\u0131m\u0131za \u00e7\u0131kmaktad\u0131r. F\u0131nd\u0131k kremas\u0131 d\u0131\u015f\u0131nda f\u0131nd\u0131k tozu da keyifli bir t\u00fcketim sunar. Bu t\u00fcketim \u015fekillerinde f\u0131nd\u0131k yo\u011fun olarak \u00f6ne \u00e7\u0131karken dilerseniz k\u0131r\u0131k f\u0131nd\u0131k kullanarak tatl\u0131lar\u0131n i\u00e7erisinde de de\u011ferlendirebilmeniz m\u00fcmk\u00fcnd\u00fcr. Elbette her besinde oldu\u011fu gibi f\u0131nd\u0131klar i\u00e7inde t\u00fcketim oranlar\u0131 \u00f6nemlidir. Herhangi bir istenmeyen etki ile kar\u015f\u0131la\u015fmamak ad\u0131na g\u00fcnl\u00fck bir avu\u00e7 f\u0131nd\u0131\u011f\u0131n \u00fczerine \u00e7\u0131k\u0131lmamas\u0131 tavsiye edilmektedir.\u00a0<\/span><\/p>\n<p>Tavsiye : <a href=\"https:\/\/baycelik.com.tr\/en\/pumpkin-seeds\/\"><strong>Kabak \u00c7ekirde\u011fi<\/strong><\/a><\/p>\n<h2><span style=\"font-weight: 400;\">F\u0131nd\u0131k Saklama Ko\u015fullar\u0131<\/span><\/h2>\n<p><span style=\"font-weight: 400;\">Her ya\u015ftan insan taraf\u0131ndan sevilerek t\u00fcketilen f\u0131nd\u0131k, her besinde oldu\u011fu gibi do\u011fru saklama ko\u015fullar\u0131nda depoland\u0131\u011f\u0131 takdirde uzun bir s\u00fcre besleyici de\u011ferlerini korur. Peki f\u0131nd\u0131k nas\u0131l saklan\u0131r. \u00d6ncelikle kabuklu f\u0131nd\u0131klar i\u00e7 f\u0131nd\u0131klara oranla daha uzun saklama s\u00fcrelerine sahiptir. Kuru ve serin bir ortamda saklanmas\u0131 gereken f\u0131nd\u0131klar, nem ve hava ile temas etmemelidir. Uygun ko\u015fullar sa\u011fland\u0131\u011f\u0131 takdirde kabuklu f\u0131nd\u0131k 2 y\u0131la kadar, i\u00e7 f\u0131nd\u0131k ise ortalama 6 ay &#8211; 12 ay aral\u0131\u011f\u0131nda depolanabilir. Elbette mutfaklarda kullan\u0131lmak \u00fczere verilen f\u0131nd\u0131k sipari\u015fi ile i\u015fletmeler taraf\u0131ndan toptan al\u0131nan f\u0131nd\u0131k sipari\u015fi ve depo ko\u015fullar\u0131 ayn\u0131 olmad\u0131\u011f\u0131ndan, mutfaklar\u0131n\u0131zda kullanmak \u00fczere temin edece\u011finiz f\u0131nd\u0131klar\u0131, t\u00fcketim miktar\u0131na g\u00f6re do\u011fru \u015fekilde belirlemeli, t\u00fcketim oran\u0131ndan fazla f\u0131nd\u0131k sipari\u015fi olu\u015fturmamal\u0131s\u0131n\u0131z. Bu kapsamda f\u0131nd\u0131k borsas\u0131 takip edilerek b\u00fct\u00e7enize uygun fiyatlarda f\u0131nd\u0131k sipari\u015fi olu\u015fturabilir ve t\u00fcketebilece\u011finiz miktarlarda f\u0131nd\u0131k temin ederek taze bir t\u00fcketim ger\u00e7ekle\u015ftirebilirsiniz.<\/span><\/p>\n<h2><span style=\"font-weight: 400;\">F\u0131nd\u0131k Fiyatlar\u0131<\/span><\/h2>\n<p><span style=\"font-weight: 400;\">F\u0131nd\u0131k fiyatlar\u0131 \u00fcr\u00fcn i\u00e7eri\u011fine ve t\u00fcr\u00fcne g\u00f6re de\u011fi\u015fikli g\u00f6sterdi\u011finden 2023 f\u0131nd\u0131k fiyatlar\u0131 olduk\u00e7a geni\u015f bir skalaya sahip olabiliyor. Ancak \u00fcretilen ve toplanan f\u0131nd\u0131k miktarlar\u0131, f\u0131nd\u0131k borsas\u0131nda ortalama bir rakam elde edilebilmesini sa\u011flar. Farkl\u0131 damak tatlar\u0131 ve t\u00fcketim ihtiyac\u0131na g\u00f6re \u00e7e\u015fitlenen f\u0131nd\u0131klarda i\u00e7 f\u0131nd\u0131k yerine kabuklu f\u0131nd\u0131k \u00e7e\u015fitleri daha uygun maliyetlerde sat\u0131n al\u0131nabiliyor. Bunun yan\u0131 s\u0131ra kavrulmu\u015f f\u0131nd\u0131k fiyat\u0131 ile taze f\u0131nd\u0131k fiyat\u0131 da \u00fcretim s\u00fcrecinde g\u00f6rd\u00fc\u011f\u00fc i\u015flemlerin farkl\u0131 olmas\u0131 sebebiyle farkl\u0131 bir fiyatland\u0131rmaya tabiidir. 1 kilo f\u0131nd\u0131k ka\u00e7 tl 2023 senesi i\u00e7in ara\u015ft\u0131rma yapan t\u00fcketici kitlesi, b\u00fct\u00e7esine uygun maliyetlerde 1 kg f\u0131nd\u0131k temin edebilir, daha uygun maliyetlerde sipari\u015f i\u00e7in toptan f\u0131nd\u0131k ayr\u0131cal\u0131klar\u0131ndan yararlanabilir.<\/span>[\/vc_column_text][\/vc_column][\/vc_row]<\/p>\n","protected":false},"excerpt":{"rendered":"<p>[vc_row][vc_column][vc_row_inner][vc_column_inner width=&#8221;1\/3&#8243;][\/vc_column_inner][vc_column_inner width=&#8221;1\/3&#8243;][\/vc_column_inner][vc_column_inner width=&#8221;1\/3&#8243;][\/vc_column_inner][\/vc_row_inner][vc_column_text] Toptan f\u0131nd\u0131k sipari\u015fi i\u00e7in yukar\u0131daki butona t\u0131klayabilirsiniz. Ayr\u0131ca ileti\u015fim formu \u00fczerinden taleplerinizi taraf\u0131m\u0131za iletebilirsiniz. [\/vc_column_text][vc_column_text]F\u0131nd\u0131k, hem \u00fclkemizde hem de d\u00fcnyada en \u00e7ok t\u00fcketilen besinlerden biridir. Hu\u015fgiller<\/p>\n","protected":false},"author":1,"featured_media":0,"parent":0,"menu_order":0,"comment_status":"closed","ping_status":"closed","template":"","meta":{"footnotes":""},"class_list":["post-16188","page","type-page","status-publish","hentry"],"yoast_head":"<!-- This site is optimized with the Yoast SEO plugin v26.4 - https:\/\/yoast.com\/wordpress\/plugins\/seo\/ -->\n<title>Wholesale Hazelnuts Fiyatlar\u0131 &amp; \u00c7e\u015fitleri - Baycelik<\/title>\n<meta name=\"description\" content=\"Toptan f\u0131nd\u0131k fiyatlar\u0131 ve sipari\u015fi i\u00e7in bizimle ileti\u015fime ge\u00e7ebilirsiniz. En taze f\u0131nd\u0131k \u00e7e\u015fitleri \u015fimdi baycelik.com.tr&#039;de!\" \/>\n<meta name=\"robots\" content=\"index, follow, max-snippet:-1, max-image-preview:large, max-video-preview:-1\" \/>\n<link rel=\"canonical\" href=\"https:\/\/baycelik.com.tr\/en\/wholesale-hazelnuts\/\" \/>\n<meta property=\"og:locale\" content=\"en_US\" \/>\n<meta property=\"og:type\" content=\"article\" \/>\n<meta property=\"og:title\" content=\"Wholesale Hazelnuts Fiyatlar\u0131 &amp; \u00c7e\u015fitleri - Baycelik\" \/>\n<meta property=\"og:description\" content=\"Toptan f\u0131nd\u0131k fiyatlar\u0131 ve sipari\u015fi i\u00e7in bizimle ileti\u015fime ge\u00e7ebilirsiniz. En taze f\u0131nd\u0131k \u00e7e\u015fitleri \u015fimdi baycelik.com.tr&#039;de!\" \/>\n<meta property=\"og:url\" content=\"https:\/\/baycelik.com.tr\/en\/wholesale-hazelnuts\/\" \/>\n<meta property=\"og:site_name\" content=\"Baycelik\" \/>\n<meta property=\"article:modified_time\" content=\"2023-09-28T07:24:35+00:00\" \/>\n<meta name=\"twitter:card\" content=\"summary_large_image\" \/>\n<meta name=\"twitter:label1\" content=\"Est. reading time\" \/>\n\t<meta name=\"twitter:data1\" content=\"6 minutes\" \/>\n<script type=\"application\/ld+json\" class=\"yoast-schema-graph\">{\"@context\":\"https:\/\/schema.org\",\"@graph\":[{\"@type\":\"WebPage\",\"@id\":\"https:\/\/baycelik.com.tr\/en\/wholesale-hazelnuts\/\",\"url\":\"https:\/\/baycelik.com.tr\/en\/wholesale-hazelnuts\/\",\"name\":\"Wholesale Hazelnuts Fiyatlar\u0131 & \u00c7e\u015fitleri - Baycelik\",\"isPartOf\":{\"@id\":\"https:\/\/baycelik.com.tr\/#website\"},\"datePublished\":\"2023-08-31T08:26:27+00:00\",\"dateModified\":\"2023-09-28T07:24:35+00:00\",\"description\":\"Toptan f\u0131nd\u0131k fiyatlar\u0131 ve sipari\u015fi i\u00e7in bizimle ileti\u015fime ge\u00e7ebilirsiniz. En taze f\u0131nd\u0131k \u00e7e\u015fitleri \u015fimdi baycelik.com.tr'de!\",\"breadcrumb\":{\"@id\":\"https:\/\/baycelik.com.tr\/en\/wholesale-hazelnuts\/#breadcrumb\"},\"inLanguage\":\"en-US\",\"potentialAction\":[{\"@type\":\"ReadAction\",\"target\":[\"https:\/\/baycelik.com.tr\/en\/wholesale-hazelnuts\/\"]}]},{\"@type\":\"BreadcrumbList\",\"@id\":\"https:\/\/baycelik.com.tr\/en\/wholesale-hazelnuts\/#breadcrumb\",\"itemListElement\":[{\"@type\":\"ListItem\",\"position\":1,\"name\":\"Anasayfa\",\"item\":\"https:\/\/baycelik.com.tr\/en\/\"},{\"@type\":\"ListItem\",\"position\":2,\"name\":\"Wholesale Hazelnuts\"}]},{\"@type\":\"WebSite\",\"@id\":\"https:\/\/baycelik.com.tr\/#website\",\"url\":\"https:\/\/baycelik.com.tr\/\",\"name\":\"Baycelik\",\"description\":\"Ay\u00e7ekirde\u011fi ve Tar\u0131m \u00dcr\u00fcnleri\",\"publisher\":{\"@id\":\"https:\/\/baycelik.com.tr\/#organization\"},\"potentialAction\":[{\"@type\":\"SearchAction\",\"target\":{\"@type\":\"EntryPoint\",\"urlTemplate\":\"https:\/\/baycelik.com.tr\/?s={search_term_string}\"},\"query-input\":{\"@type\":\"PropertyValueSpecification\",\"valueRequired\":true,\"valueName\":\"search_term_string\"}}],\"inLanguage\":\"en-US\"},{\"@type\":\"Organization\",\"@id\":\"https:\/\/baycelik.com.tr\/#organization\",\"name\":\"Baycelik\",\"url\":\"https:\/\/baycelik.com.tr\/\",\"logo\":{\"@type\":\"ImageObject\",\"inLanguage\":\"en-US\",\"@id\":\"https:\/\/baycelik.com.tr\/#\/schema\/logo\/image\/\",\"url\":\"\",\"contentUrl\":\"\",\"caption\":\"Baycelik\"},\"image\":{\"@id\":\"https:\/\/baycelik.com.tr\/#\/schema\/logo\/image\/\"}}]}<\/script>\n<!-- \/ Yoast SEO plugin. -->","yoast_head_json":{"title":"Wholesale Hazelnuts Fiyatlar\u0131 & \u00c7e\u015fitleri - Baycelik","description":"Toptan f\u0131nd\u0131k fiyatlar\u0131 ve sipari\u015fi i\u00e7in bizimle ileti\u015fime ge\u00e7ebilirsiniz. En taze f\u0131nd\u0131k \u00e7e\u015fitleri \u015fimdi baycelik.com.tr'de!","robots":{"index":"index","follow":"follow","max-snippet":"max-snippet:-1","max-image-preview":"max-image-preview:large","max-video-preview":"max-video-preview:-1"},"canonical":"https:\/\/baycelik.com.tr\/en\/wholesale-hazelnuts\/","og_locale":"en_US","og_type":"article","og_title":"Wholesale Hazelnuts Fiyatlar\u0131 & \u00c7e\u015fitleri - Baycelik","og_description":"Toptan f\u0131nd\u0131k fiyatlar\u0131 ve sipari\u015fi i\u00e7in bizimle ileti\u015fime ge\u00e7ebilirsiniz. En taze f\u0131nd\u0131k \u00e7e\u015fitleri \u015fimdi baycelik.com.tr'de!","og_url":"https:\/\/baycelik.com.tr\/en\/wholesale-hazelnuts\/","og_site_name":"Baycelik","article_modified_time":"2023-09-28T07:24:35+00:00","twitter_card":"summary_large_image","twitter_misc":{"Est. reading time":"6 minutes"},"schema":{"@context":"https:\/\/schema.org","@graph":[{"@type":"WebPage","@id":"https:\/\/baycelik.com.tr\/en\/wholesale-hazelnuts\/","url":"https:\/\/baycelik.com.tr\/en\/wholesale-hazelnuts\/","name":"Wholesale Hazelnuts Fiyatlar\u0131 & \u00c7e\u015fitleri - Baycelik","isPartOf":{"@id":"https:\/\/baycelik.com.tr\/#website"},"datePublished":"2023-08-31T08:26:27+00:00","dateModified":"2023-09-28T07:24:35+00:00","description":"Toptan f\u0131nd\u0131k fiyatlar\u0131 ve sipari\u015fi i\u00e7in bizimle ileti\u015fime ge\u00e7ebilirsiniz. En taze f\u0131nd\u0131k \u00e7e\u015fitleri \u015fimdi baycelik.com.tr'de!","breadcrumb":{"@id":"https:\/\/baycelik.com.tr\/en\/wholesale-hazelnuts\/#breadcrumb"},"inLanguage":"en-US","potentialAction":[{"@type":"ReadAction","target":["https:\/\/baycelik.com.tr\/en\/wholesale-hazelnuts\/"]}]},{"@type":"BreadcrumbList","@id":"https:\/\/baycelik.com.tr\/en\/wholesale-hazelnuts\/#breadcrumb","itemListElement":[{"@type":"ListItem","position":1,"name":"Anasayfa","item":"https:\/\/baycelik.com.tr\/en\/"},{"@type":"ListItem","position":2,"name":"Wholesale Hazelnuts"}]},{"@type":"WebSite","@id":"https:\/\/baycelik.com.tr\/#website","url":"https:\/\/baycelik.com.tr\/","name":"Baycelik","description":"Ay\u00e7ekirde\u011fi ve Tar\u0131m \u00dcr\u00fcnleri","publisher":{"@id":"https:\/\/baycelik.com.tr\/#organization"},"potentialAction":[{"@type":"SearchAction","target":{"@type":"EntryPoint","urlTemplate":"https:\/\/baycelik.com.tr\/?s={search_term_string}"},"query-input":{"@type":"PropertyValueSpecification","valueRequired":true,"valueName":"search_term_string"}}],"inLanguage":"en-US"},{"@type":"Organization","@id":"https:\/\/baycelik.com.tr\/#organization","name":"Baycelik","url":"https:\/\/baycelik.com.tr\/","logo":{"@type":"ImageObject","inLanguage":"en-US","@id":"https:\/\/baycelik.com.tr\/#\/schema\/logo\/image\/","url":"","contentUrl":"","caption":"Baycelik"},"image":{"@id":"https:\/\/baycelik.com.tr\/#\/schema\/logo\/image\/"}}]}},"_links":{"self":[{"href":"https:\/\/baycelik.com.tr\/en\/wp-json\/wp\/v2\/pages\/16188","targetHints":{"allow":["GET"]}}],"collection":[{"href":"https:\/\/baycelik.com.tr\/en\/wp-json\/wp\/v2\/pages"}],"about":[{"href":"https:\/\/baycelik.com.tr\/en\/wp-json\/wp\/v2\/types\/page"}],"author":[{"embeddable":true,"href":"https:\/\/baycelik.com.tr\/en\/wp-json\/wp\/v2\/users\/1"}],"replies":[{"embeddable":true,"href":"https:\/\/baycelik.com.tr\/en\/wp-json\/wp\/v2\/comments?post=16188"}],"version-history":[{"count":1,"href":"https:\/\/baycelik.com.tr\/en\/wp-json\/wp\/v2\/pages\/16188\/revisions"}],"predecessor-version":[{"id":16194,"href":"https:\/\/baycelik.com.tr\/en\/wp-json\/wp\/v2\/pages\/16188\/revisions\/16194"}],"wp:attachment":[{"href":"https:\/\/baycelik.com.tr\/en\/wp-json\/wp\/v2\/media?parent=16188"}],"curies":[{"name":"wp","href":"https:\/\/api.w.org\/{rel}","templated":true}]}}