{"id":15700,"date":"2022-10-14T20:56:15","date_gmt":"2022-10-14T17:56:15","guid":{"rendered":"https:\/\/baycelik.com.tr\/%d0%b2%d0%b8%d0%b4%d0%b5%d0%bd%d0%b8%d0%b5-%d0%b8-%d0%bc%d0%b8%d1%81%d1%81%d0%b8%d1%8f\/"},"modified":"2023-05-10T16:33:23","modified_gmt":"2023-05-10T13:33:23","slug":"%d0%b2%d0%b8%d0%b4%d0%b5%d0%bd%d0%b8%d0%b5-%d0%b8-%d0%bc%d0%b8%d1%81%d1%81%d0%b8%d1%8f","status":"publish","type":"page","link":"https:\/\/baycelik.com.tr\/ru\/%d0%b2%d0%b8%d0%b4%d0%b5%d0%bd%d0%b8%d0%b5-%d0%b8-%d0%bc%d0%b8%d1%81%d1%81%d0%b8%d1%8f\/","title":{"rendered":"\u0412\u0438\u0434\u0435\u043d\u0438\u0435 \u0438 \u043c\u0438\u0441\u0441\u0438\u044f"},"content":{"rendered":"<p>[vc_row][vc_column]<div class=\"agrikole-headings clearfix \" data-font=70 data-mfont=60 style=\"\"><div class=\"pre-heading clearfix\" style=\"font-weight:600;font-size:14px;letter-spacing:3px;\">\r\n\t\t\u041a\u041e\u041c\u041c\u0423\u041d\u0418\u041a\u0410\u0426\u0418\u042f\r\n\t<\/div><h2 class=\"heading clearfix \" style=\"line-height:70px;font-size:70px;\">\r\n\t\t\u041e\u0442\u043f\u0440\u0430\u0432\u044c\u0442\u0435 \u043d\u0430\u043c \u0441\u043e\u043e\u0431\u0449\u0435\u043d\u0438\u0435;\r\n\t<\/h2><div class=\"sep clearfix\" style=\"margin:5px 0 0;\">\r\n\t\t\t\t<img decoding=\"async\" alt=\"image\" src=\"https:\/\/baycelik.com.tr\/wp-content\/uploads\/2020\/01\/separator.png\">\r\n\t\t\t<\/div><\/div>[\/vc_column][\/vc_row]<\/p>\n","protected":false},"excerpt":{"rendered":"<p>[vc_row][vc_column][\/vc_column][\/vc_row]<\/p>\n","protected":false},"author":1,"featured_media":0,"parent":0,"menu_order":0,"comment_status":"closed","ping_status":"closed","template":"","meta":{"footnotes":""},"class_list":["post-15700","page","type-page","status-publish","hentry"],"yoast_head":"<!-- This site is optimized with the Yoast SEO plugin v26.4 - https:\/\/yoast.com\/wordpress\/plugins\/seo\/ -->\n<title>\u0412\u0438\u0434\u0435\u043d\u0438\u0435 \u0438 \u043c\u0438\u0441\u0441\u0438\u044f - Baycelik<\/title>\n<meta name=\"robots\" content=\"index, follow, max-snippet:-1, max-image-preview:large, max-video-preview:-1\" \/>\n<link rel=\"canonical\" href=\"https:\/\/baycelik.com.tr\/ru\/\u0432\u0438\u0434\u0435\u043d\u0438\u0435-\u0438-\u043c\u0438\u0441\u0441\u0438\u044f\/\" \/>\n<meta property=\"og:locale\" content=\"ru_RU\" \/>\n<meta property=\"og:type\" content=\"article\" \/>\n<meta property=\"og:title\" content=\"\u0412\u0438\u0434\u0435\u043d\u0438\u0435 \u0438 \u043c\u0438\u0441\u0441\u0438\u044f - Baycelik\" \/>\n<meta property=\"og:description\" content=\"[vc_row][vc_column][\/vc_column][\/vc_row]\" \/>\n<meta property=\"og:url\" content=\"https:\/\/baycelik.com.tr\/ru\/\u0432\u0438\u0434\u0435\u043d\u0438\u0435-\u0438-\u043c\u0438\u0441\u0441\u0438\u044f\/\" \/>\n<meta property=\"og:site_name\" content=\"Baycelik\" \/>\n<meta property=\"article:modified_time\" content=\"2023-05-10T13:33:23+00:00\" \/>\n<meta name=\"twitter:card\" content=\"summary_large_image\" \/>\n<meta name=\"twitter:label1\" content=\"\u041f\u0440\u0438\u043c\u0435\u0440\u043d\u043e\u0435 \u0432\u0440\u0435\u043c\u044f \u0434\u043b\u044f \u0447\u0442\u0435\u043d\u0438\u044f\" \/>\n\t<meta name=\"twitter:data1\" content=\"1 \u043c\u0438\u043d\u0443\u0442\u0430\" \/>\n<script type=\"application\/ld+json\" class=\"yoast-schema-graph\">{\"@context\":\"https:\/\/schema.org\",\"@graph\":[{\"@type\":\"WebPage\",\"@id\":\"https:\/\/baycelik.com.tr\/ru\/%d0%b2%d0%b8%d0%b4%d0%b5%d0%bd%d0%b8%d0%b5-%d0%b8-%d0%bc%d0%b8%d1%81%d1%81%d0%b8%d1%8f\/\",\"url\":\"https:\/\/baycelik.com.tr\/ru\/%d0%b2%d0%b8%d0%b4%d0%b5%d0%bd%d0%b8%d0%b5-%d0%b8-%d0%bc%d0%b8%d1%81%d1%81%d0%b8%d1%8f\/\",\"name\":\"\u0412\u0438\u0434\u0435\u043d\u0438\u0435 \u0438 \u043c\u0438\u0441\u0441\u0438\u044f - Baycelik\",\"isPartOf\":{\"@id\":\"https:\/\/baycelik.com.tr\/#website\"},\"datePublished\":\"2022-10-14T17:56:15+00:00\",\"dateModified\":\"2023-05-10T13:33:23+00:00\",\"breadcrumb\":{\"@id\":\"https:\/\/baycelik.com.tr\/ru\/%d0%b2%d0%b8%d0%b4%d0%b5%d0%bd%d0%b8%d0%b5-%d0%b8-%d0%bc%d0%b8%d1%81%d1%81%d0%b8%d1%8f\/#breadcrumb\"},\"inLanguage\":\"ru-RU\",\"potentialAction\":[{\"@type\":\"ReadAction\",\"target\":[\"https:\/\/baycelik.com.tr\/ru\/%d0%b2%d0%b8%d0%b4%d0%b5%d0%bd%d0%b8%d0%b5-%d0%b8-%d0%bc%d0%b8%d1%81%d1%81%d0%b8%d1%8f\/\"]}]},{\"@type\":\"BreadcrumbList\",\"@id\":\"https:\/\/baycelik.com.tr\/ru\/%d0%b2%d0%b8%d0%b4%d0%b5%d0%bd%d0%b8%d0%b5-%d0%b8-%d0%bc%d0%b8%d1%81%d1%81%d0%b8%d1%8f\/#breadcrumb\",\"itemListElement\":[{\"@type\":\"ListItem\",\"position\":1,\"name\":\"Anasayfa\",\"item\":\"https:\/\/baycelik.com.tr\/ru\/\"},{\"@type\":\"ListItem\",\"position\":2,\"name\":\"\u0412\u0438\u0434\u0435\u043d\u0438\u0435 \u0438 \u043c\u0438\u0441\u0441\u0438\u044f\"}]},{\"@type\":\"WebSite\",\"@id\":\"https:\/\/baycelik.com.tr\/#website\",\"url\":\"https:\/\/baycelik.com.tr\/\",\"name\":\"Baycelik\",\"description\":\"Ay\u00e7ekirde\u011fi ve Tar\u0131m \u00dcr\u00fcnleri\",\"publisher\":{\"@id\":\"https:\/\/baycelik.com.tr\/#organization\"},\"potentialAction\":[{\"@type\":\"SearchAction\",\"target\":{\"@type\":\"EntryPoint\",\"urlTemplate\":\"https:\/\/baycelik.com.tr\/?s={search_term_string}\"},\"query-input\":{\"@type\":\"PropertyValueSpecification\",\"valueRequired\":true,\"valueName\":\"search_term_string\"}}],\"inLanguage\":\"ru-RU\"},{\"@type\":\"Organization\",\"@id\":\"https:\/\/baycelik.com.tr\/#organization\",\"name\":\"Baycelik\",\"url\":\"https:\/\/baycelik.com.tr\/\",\"logo\":{\"@type\":\"ImageObject\",\"inLanguage\":\"ru-RU\",\"@id\":\"https:\/\/baycelik.com.tr\/#\/schema\/logo\/image\/\",\"url\":\"\",\"contentUrl\":\"\",\"caption\":\"Baycelik\"},\"image\":{\"@id\":\"https:\/\/baycelik.com.tr\/#\/schema\/logo\/image\/\"}}]}<\/script>\n<!-- \/ Yoast SEO plugin. -->","yoast_head_json":{"title":"\u0412\u0438\u0434\u0435\u043d\u0438\u0435 \u0438 \u043c\u0438\u0441\u0441\u0438\u044f - Baycelik","robots":{"index":"index","follow":"follow","max-snippet":"max-snippet:-1","max-image-preview":"max-image-preview:large","max-video-preview":"max-video-preview:-1"},"canonical":"https:\/\/baycelik.com.tr\/ru\/\u0432\u0438\u0434\u0435\u043d\u0438\u0435-\u0438-\u043c\u0438\u0441\u0441\u0438\u044f\/","og_locale":"ru_RU","og_type":"article","og_title":"\u0412\u0438\u0434\u0435\u043d\u0438\u0435 \u0438 \u043c\u0438\u0441\u0441\u0438\u044f - Baycelik","og_description":"[vc_row][vc_column][\/vc_column][\/vc_row]","og_url":"https:\/\/baycelik.com.tr\/ru\/\u0432\u0438\u0434\u0435\u043d\u0438\u0435-\u0438-\u043c\u0438\u0441\u0441\u0438\u044f\/","og_site_name":"Baycelik","article_modified_time":"2023-05-10T13:33:23+00:00","twitter_card":"summary_large_image","twitter_misc":{"\u041f\u0440\u0438\u043c\u0435\u0440\u043d\u043e\u0435 \u0432\u0440\u0435\u043c\u044f \u0434\u043b\u044f \u0447\u0442\u0435\u043d\u0438\u044f":"1 \u043c\u0438\u043d\u0443\u0442\u0430"},"schema":{"@context":"https:\/\/schema.org","@graph":[{"@type":"WebPage","@id":"https:\/\/baycelik.com.tr\/ru\/%d0%b2%d0%b8%d0%b4%d0%b5%d0%bd%d0%b8%d0%b5-%d0%b8-%d0%bc%d0%b8%d1%81%d1%81%d0%b8%d1%8f\/","url":"https:\/\/baycelik.com.tr\/ru\/%d0%b2%d0%b8%d0%b4%d0%b5%d0%bd%d0%b8%d0%b5-%d0%b8-%d0%bc%d0%b8%d1%81%d1%81%d0%b8%d1%8f\/","name":"\u0412\u0438\u0434\u0435\u043d\u0438\u0435 \u0438 \u043c\u0438\u0441\u0441\u0438\u044f - Baycelik","isPartOf":{"@id":"https:\/\/baycelik.com.tr\/#website"},"datePublished":"2022-10-14T17:56:15+00:00","dateModified":"2023-05-10T13:33:23+00:00","breadcrumb":{"@id":"https:\/\/baycelik.com.tr\/ru\/%d0%b2%d0%b8%d0%b4%d0%b5%d0%bd%d0%b8%d0%b5-%d0%b8-%d0%bc%d0%b8%d1%81%d1%81%d0%b8%d1%8f\/#breadcrumb"},"inLanguage":"ru-RU","potentialAction":[{"@type":"ReadAction","target":["https:\/\/baycelik.com.tr\/ru\/%d0%b2%d0%b8%d0%b4%d0%b5%d0%bd%d0%b8%d0%b5-%d0%b8-%d0%bc%d0%b8%d1%81%d1%81%d0%b8%d1%8f\/"]}]},{"@type":"BreadcrumbList","@id":"https:\/\/baycelik.com.tr\/ru\/%d0%b2%d0%b8%d0%b4%d0%b5%d0%bd%d0%b8%d0%b5-%d0%b8-%d0%bc%d0%b8%d1%81%d1%81%d0%b8%d1%8f\/#breadcrumb","itemListElement":[{"@type":"ListItem","position":1,"name":"Anasayfa","item":"https:\/\/baycelik.com.tr\/ru\/"},{"@type":"ListItem","position":2,"name":"\u0412\u0438\u0434\u0435\u043d\u0438\u0435 \u0438 \u043c\u0438\u0441\u0441\u0438\u044f"}]},{"@type":"WebSite","@id":"https:\/\/baycelik.com.tr\/#website","url":"https:\/\/baycelik.com.tr\/","name":"Baycelik","description":"Ay\u00e7ekirde\u011fi ve Tar\u0131m \u00dcr\u00fcnleri","publisher":{"@id":"https:\/\/baycelik.com.tr\/#organization"},"potentialAction":[{"@type":"SearchAction","target":{"@type":"EntryPoint","urlTemplate":"https:\/\/baycelik.com.tr\/?s={search_term_string}"},"query-input":{"@type":"PropertyValueSpecification","valueRequired":true,"valueName":"search_term_string"}}],"inLanguage":"ru-RU"},{"@type":"Organization","@id":"https:\/\/baycelik.com.tr\/#organization","name":"Baycelik","url":"https:\/\/baycelik.com.tr\/","logo":{"@type":"ImageObject","inLanguage":"ru-RU","@id":"https:\/\/baycelik.com.tr\/#\/schema\/logo\/image\/","url":"","contentUrl":"","caption":"Baycelik"},"image":{"@id":"https:\/\/baycelik.com.tr\/#\/schema\/logo\/image\/"}}]}},"_links":{"self":[{"href":"https:\/\/baycelik.com.tr\/ru\/wp-json\/wp\/v2\/pages\/15700","targetHints":{"allow":["GET"]}}],"collection":[{"href":"https:\/\/baycelik.com.tr\/ru\/wp-json\/wp\/v2\/pages"}],"about":[{"href":"https:\/\/baycelik.com.tr\/ru\/wp-json\/wp\/v2\/types\/page"}],"author":[{"embeddable":true,"href":"https:\/\/baycelik.com.tr\/ru\/wp-json\/wp\/v2\/users\/1"}],"replies":[{"embeddable":true,"href":"https:\/\/baycelik.com.tr\/ru\/wp-json\/wp\/v2\/comments?post=15700"}],"version-history":[{"count":3,"href":"https:\/\/baycelik.com.tr\/ru\/wp-json\/wp\/v2\/pages\/15700\/revisions"}],"predecessor-version":[{"id":15724,"href":"https:\/\/baycelik.com.tr\/ru\/wp-json\/wp\/v2\/pages\/15700\/revisions\/15724"}],"wp:attachment":[{"href":"https:\/\/baycelik.com.tr\/ru\/wp-json\/wp\/v2\/media?parent=15700"}],"curies":[{"name":"wp","href":"https:\/\/api.w.org\/{rel}","templated":true}]}}