{"id":15751,"date":"2022-10-14T20:43:37","date_gmt":"2022-10-14T17:43:37","guid":{"rendered":"https:\/\/baycelik.com.tr\/%d0%bd%d0%be%d0%b2%d0%be%d1%81%d1%82%d0%b8\/"},"modified":"2023-05-10T16:33:44","modified_gmt":"2023-05-10T13:33:44","slug":"%d0%bd%d0%be%d0%b2%d0%be%d1%81%d1%82%d0%b8","status":"publish","type":"page","link":"https:\/\/baycelik.com.tr\/ru\/%d0%bd%d0%be%d0%b2%d0%be%d1%81%d1%82%d0%b8\/","title":{"rendered":"\u041d\u043e\u0432\u043e\u0441\u0442\u0438"},"content":{"rendered":"<p>[vc_row][vc_column]\r\n<div class=\"agrikole-news style-1 arrow-center offsetcenter offset-v0 arrow50\" data-auto=\"false\" data-column=\"3\" data-column2=\"2\" data-column3=\"1\" data-gap=\"30\">\r\n\t\r\n\t<div class=\"owl-carousel owl-theme\">\r\n    \r\n\t\t\t\t<div class=\"post-item clearfix\">\r\n\t\t\t<div class=\"inner\">\r\n\t\t\t<div class=\"image-wrap\"><div class=\"post-date-custom\"><span>15 \u041e\u043a\u0442, 2022<\/span><\/div><img decoding=\"async\" src=\"https:\/\/baycelik.com.tr\/wp-content\/uploads\/2022\/10\/aycicegi-1-480x400.jpeg\" alt=\"Image\"><\/div><div class=\"content-wrap\"><div class=\"meta\"><span class=\"author\"><a class=\"name\" href=\"https:\/\/baycelik.com.tr\/ru\/author\/baycelik\/\" title=\"View all posts by baycelik\">baycelik<\/a><\/span><span class=\"comment\"><a href=\"https:\/\/baycelik.com.tr\/ru\/%d1%8d%d1%82%d0%b0%d0%bf%d1%8b-%d0%bf%d1%80%d0%be%d0%b8%d0%b7%d0%b2%d0%be%d0%b4%d1%81%d1%82%d0%b2%d0%b0-%d1%81%d0%b5%d0%bc%d1%8f%d0%bd-%d0%bf%d0%be%d0%b4%d1%81%d0%be%d0%bb%d0%bd%d0%b5%d1%87%d0%bd\/#respond\">0 comment<\/a><\/span><\/div><h3 class=\"title\"><span><a href=\"https:\/\/baycelik.com.tr\/ru\/%d1%8d%d1%82%d0%b0%d0%bf%d1%8b-%d0%bf%d1%80%d0%be%d0%b8%d0%b7%d0%b2%d0%be%d0%b4%d1%81%d1%82%d0%b2%d0%b0-%d1%81%d0%b5%d0%bc%d1%8f%d0%bd-%d0%bf%d0%be%d0%b4%d1%81%d0%be%d0%bb%d0%bd%d0%b5%d1%87%d0%bd\/\">\u042d\u0442\u0430\u043f\u044b \u043f\u0440\u043e\u0438\u0437\u0432\u043e\u0434\u0441\u0442\u0432\u0430 \u0441\u0435\u043c\u044f\u043d \u043f\u043e\u0434\u0441\u043e\u043b\u043d\u0435\u0447\u043d\u0438\u043a\u0430<\/a><\/span><\/h3><div class=\"post-link\"><a href=\"https:\/\/baycelik.com.tr\/ru\/%d1%8d%d1%82%d0%b0%d0%bf%d1%8b-%d0%bf%d1%80%d0%be%d0%b8%d0%b7%d0%b2%d0%be%d0%b4%d1%81%d1%82%d0%b2%d0%b0-%d1%81%d0%b5%d0%bc%d1%8f%d0%bd-%d0%bf%d0%be%d0%b4%d1%81%d0%be%d0%bb%d0%bd%d0%b5%d1%87%d0%bd\/\" class=\"\"><span>Read More<\/span><\/a><\/div><\/div>\t        <\/div>\r\n\t    <\/div><!-- \/.posts-item -->\r\n\t    \r\n\t\r\n\t\t\t\t<div class=\"post-item clearfix\">\r\n\t\t\t<div class=\"inner\">\r\n\t\t\t<div class=\"image-wrap\"><div class=\"post-date-custom\"><span>14 \u041e\u043a\u0442, 2022<\/span><\/div><img decoding=\"async\" src=\"https:\/\/baycelik.com.tr\/wp-content\/uploads\/2022\/10\/ayciciegi-480x400.jpeg\" alt=\"Image\"><\/div><div class=\"content-wrap\"><div class=\"meta\"><span class=\"author\"><a class=\"name\" href=\"https:\/\/baycelik.com.tr\/ru\/author\/baycelik\/\" title=\"View all posts by baycelik\">baycelik<\/a><\/span><span class=\"comment\"><a href=\"https:\/\/baycelik.com.tr\/ru\/%d0%bf%d1%80%d0%b5%d0%b8%d0%bc%d1%83%d1%89%d0%b5%d1%81%d1%82%d0%b2%d0%b0-%d1%81%d0%b5%d0%bc%d1%8f%d0%bd-%d0%bf%d0%be%d0%b4%d1%81%d0%be%d0%bb%d0%bd%d0%b5%d1%87%d0%bd%d0%b8%d0%ba%d0%b0\/#respond\">0 comment<\/a><\/span><\/div><h3 class=\"title\"><span><a href=\"https:\/\/baycelik.com.tr\/ru\/%d0%bf%d1%80%d0%b5%d0%b8%d0%bc%d1%83%d1%89%d0%b5%d1%81%d1%82%d0%b2%d0%b0-%d1%81%d0%b5%d0%bc%d1%8f%d0%bd-%d0%bf%d0%be%d0%b4%d1%81%d0%be%d0%bb%d0%bd%d0%b5%d1%87%d0%bd%d0%b8%d0%ba%d0%b0\/\">\u041f\u0440\u0435\u0438\u043c\u0443\u0449\u0435\u0441\u0442\u0432\u0430 \u0441\u0435\u043c\u044f\u043d \u043f\u043e\u0434\u0441\u043e\u043b\u043d\u0435\u0447\u043d\u0438\u043a\u0430<\/a><\/span><\/h3><div class=\"post-link\"><a href=\"https:\/\/baycelik.com.tr\/ru\/%d0%bf%d1%80%d0%b5%d0%b8%d0%bc%d1%83%d1%89%d0%b5%d1%81%d1%82%d0%b2%d0%b0-%d1%81%d0%b5%d0%bc%d1%8f%d0%bd-%d0%bf%d0%be%d0%b4%d1%81%d0%be%d0%bb%d0%bd%d0%b5%d1%87%d0%bd%d0%b8%d0%ba%d0%b0\/\" class=\"\"><span>Read More<\/span><\/a><\/div><\/div>\t        <\/div>\r\n\t    <\/div><!-- \/.posts-item -->\r\n\t    \r\n\t\r\n\t\t\t\t<div class=\"post-item clearfix\">\r\n\t\t\t<div class=\"inner\">\r\n\t\t\t<div class=\"image-wrap\"><div class=\"post-date-custom\"><span>14 \u041e\u043a\u0442, 2022<\/span><\/div><img decoding=\"async\" src=\"https:\/\/baycelik.com.tr\/wp-content\/uploads\/2022\/10\/aycicegi-2-480x400.jpeg\" alt=\"Image\"><\/div><div class=\"content-wrap\"><div class=\"meta\"><span class=\"author\"><a class=\"name\" href=\"https:\/\/baycelik.com.tr\/ru\/author\/baycelik\/\" title=\"View all posts by baycelik\">baycelik<\/a><\/span><span class=\"comment\"><a href=\"https:\/\/baycelik.com.tr\/ru\/%d0%bf%d0%b8%d1%89%d0%b5%d0%b2%d0%b0%d1%8f-%d1%86%d0%b5%d0%bd%d0%bd%d0%be%d1%81%d1%82%d1%8c-%d1%81%d0%b5%d0%bc%d1%8f%d0%bd-%d0%bf%d0%be%d0%b4%d1%81%d0%be%d0%bb%d0%bd%d0%b5%d1%87%d0%bd%d0%b8%d0%ba\/#respond\">0 comment<\/a><\/span><\/div><h3 class=\"title\"><span><a href=\"https:\/\/baycelik.com.tr\/ru\/%d0%bf%d0%b8%d1%89%d0%b5%d0%b2%d0%b0%d1%8f-%d1%86%d0%b5%d0%bd%d0%bd%d0%be%d1%81%d1%82%d1%8c-%d1%81%d0%b5%d0%bc%d1%8f%d0%bd-%d0%bf%d0%be%d0%b4%d1%81%d0%be%d0%bb%d0%bd%d0%b5%d1%87%d0%bd%d0%b8%d0%ba\/\">\u041f\u0438\u0449\u0435\u0432\u0430\u044f \u0446\u0435\u043d\u043d\u043e\u0441\u0442\u044c \u0441\u0435\u043c\u044f\u043d \u043f\u043e\u0434\u0441\u043e\u043b\u043d\u0435\u0447\u043d\u0438\u043a\u0430<\/a><\/span><\/h3><div class=\"post-link\"><a href=\"https:\/\/baycelik.com.tr\/ru\/%d0%bf%d0%b8%d1%89%d0%b5%d0%b2%d0%b0%d1%8f-%d1%86%d0%b5%d0%bd%d0%bd%d0%be%d1%81%d1%82%d1%8c-%d1%81%d0%b5%d0%bc%d1%8f%d0%bd-%d0%bf%d0%be%d0%b4%d1%81%d0%be%d0%bb%d0%bd%d0%b5%d1%87%d0%bd%d0%b8%d0%ba\/\" class=\"\"><span>Read More<\/span><\/a><\/div><\/div>\t        <\/div>\r\n\t    <\/div><!-- \/.posts-item -->\r\n\t    \r\n\t\t<\/div><!-- \/.owl-carousel -->\r\n\r\n\r\n<\/div><!-- \/.agrikole-news -->\r\n[\/vc_column][\/vc_row]<\/p>\n","protected":false},"excerpt":{"rendered":"<p>[vc_row][vc_column][\/vc_column][\/vc_row]<\/p>\n","protected":false},"author":1,"featured_media":0,"parent":0,"menu_order":0,"comment_status":"closed","ping_status":"closed","template":"","meta":{"footnotes":""},"class_list":["post-15751","page","type-page","status-publish","hentry"],"yoast_head":"<!-- This site is optimized with the Yoast SEO plugin v26.4 - https:\/\/yoast.com\/wordpress\/plugins\/seo\/ -->\n<title>\u041d\u043e\u0432\u043e\u0441\u0442\u0438 - Baycelik<\/title>\n<meta name=\"robots\" content=\"index, follow, max-snippet:-1, max-image-preview:large, max-video-preview:-1\" \/>\n<link rel=\"canonical\" href=\"https:\/\/baycelik.com.tr\/ru\/\u043d\u043e\u0432\u043e\u0441\u0442\u0438\/\" \/>\n<meta property=\"og:locale\" content=\"ru_RU\" \/>\n<meta property=\"og:type\" content=\"article\" \/>\n<meta property=\"og:title\" content=\"\u041d\u043e\u0432\u043e\u0441\u0442\u0438 - Baycelik\" \/>\n<meta property=\"og:description\" content=\"[vc_row][vc_column][\/vc_column][\/vc_row]\" \/>\n<meta property=\"og:url\" content=\"https:\/\/baycelik.com.tr\/ru\/\u043d\u043e\u0432\u043e\u0441\u0442\u0438\/\" \/>\n<meta property=\"og:site_name\" content=\"Baycelik\" \/>\n<meta property=\"article:modified_time\" content=\"2023-05-10T13:33:44+00:00\" \/>\n<meta name=\"twitter:card\" content=\"summary_large_image\" \/>\n<meta name=\"twitter:label1\" content=\"\u041f\u0440\u0438\u043c\u0435\u0440\u043d\u043e\u0435 \u0432\u0440\u0435\u043c\u044f \u0434\u043b\u044f \u0447\u0442\u0435\u043d\u0438\u044f\" \/>\n\t<meta name=\"twitter:data1\" content=\"1 \u043c\u0438\u043d\u0443\u0442\u0430\" \/>\n<script type=\"application\/ld+json\" class=\"yoast-schema-graph\">{\"@context\":\"https:\/\/schema.org\",\"@graph\":[{\"@type\":\"WebPage\",\"@id\":\"https:\/\/baycelik.com.tr\/ru\/%d0%bd%d0%be%d0%b2%d0%be%d1%81%d1%82%d0%b8\/\",\"url\":\"https:\/\/baycelik.com.tr\/ru\/%d0%bd%d0%be%d0%b2%d0%be%d1%81%d1%82%d0%b8\/\",\"name\":\"\u041d\u043e\u0432\u043e\u0441\u0442\u0438 - Baycelik\",\"isPartOf\":{\"@id\":\"https:\/\/baycelik.com.tr\/#website\"},\"datePublished\":\"2022-10-14T17:43:37+00:00\",\"dateModified\":\"2023-05-10T13:33:44+00:00\",\"breadcrumb\":{\"@id\":\"https:\/\/baycelik.com.tr\/ru\/%d0%bd%d0%be%d0%b2%d0%be%d1%81%d1%82%d0%b8\/#breadcrumb\"},\"inLanguage\":\"ru-RU\",\"potentialAction\":[{\"@type\":\"ReadAction\",\"target\":[\"https:\/\/baycelik.com.tr\/ru\/%d0%bd%d0%be%d0%b2%d0%be%d1%81%d1%82%d0%b8\/\"]}]},{\"@type\":\"BreadcrumbList\",\"@id\":\"https:\/\/baycelik.com.tr\/ru\/%d0%bd%d0%be%d0%b2%d0%be%d1%81%d1%82%d0%b8\/#breadcrumb\",\"itemListElement\":[{\"@type\":\"ListItem\",\"position\":1,\"name\":\"Anasayfa\",\"item\":\"https:\/\/baycelik.com.tr\/ru\/\"},{\"@type\":\"ListItem\",\"position\":2,\"name\":\"\u041d\u043e\u0432\u043e\u0441\u0442\u0438\"}]},{\"@type\":\"WebSite\",\"@id\":\"https:\/\/baycelik.com.tr\/#website\",\"url\":\"https:\/\/baycelik.com.tr\/\",\"name\":\"Baycelik\",\"description\":\"Ay\u00e7ekirde\u011fi ve Tar\u0131m \u00dcr\u00fcnleri\",\"publisher\":{\"@id\":\"https:\/\/baycelik.com.tr\/#organization\"},\"potentialAction\":[{\"@type\":\"SearchAction\",\"target\":{\"@type\":\"EntryPoint\",\"urlTemplate\":\"https:\/\/baycelik.com.tr\/?s={search_term_string}\"},\"query-input\":{\"@type\":\"PropertyValueSpecification\",\"valueRequired\":true,\"valueName\":\"search_term_string\"}}],\"inLanguage\":\"ru-RU\"},{\"@type\":\"Organization\",\"@id\":\"https:\/\/baycelik.com.tr\/#organization\",\"name\":\"Baycelik\",\"url\":\"https:\/\/baycelik.com.tr\/\",\"logo\":{\"@type\":\"ImageObject\",\"inLanguage\":\"ru-RU\",\"@id\":\"https:\/\/baycelik.com.tr\/#\/schema\/logo\/image\/\",\"url\":\"\",\"contentUrl\":\"\",\"caption\":\"Baycelik\"},\"image\":{\"@id\":\"https:\/\/baycelik.com.tr\/#\/schema\/logo\/image\/\"}}]}<\/script>\n<!-- \/ Yoast SEO plugin. -->","yoast_head_json":{"title":"\u041d\u043e\u0432\u043e\u0441\u0442\u0438 - Baycelik","robots":{"index":"index","follow":"follow","max-snippet":"max-snippet:-1","max-image-preview":"max-image-preview:large","max-video-preview":"max-video-preview:-1"},"canonical":"https:\/\/baycelik.com.tr\/ru\/\u043d\u043e\u0432\u043e\u0441\u0442\u0438\/","og_locale":"ru_RU","og_type":"article","og_title":"\u041d\u043e\u0432\u043e\u0441\u0442\u0438 - Baycelik","og_description":"[vc_row][vc_column][\/vc_column][\/vc_row]","og_url":"https:\/\/baycelik.com.tr\/ru\/\u043d\u043e\u0432\u043e\u0441\u0442\u0438\/","og_site_name":"Baycelik","article_modified_time":"2023-05-10T13:33:44+00:00","twitter_card":"summary_large_image","twitter_misc":{"\u041f\u0440\u0438\u043c\u0435\u0440\u043d\u043e\u0435 \u0432\u0440\u0435\u043c\u044f \u0434\u043b\u044f \u0447\u0442\u0435\u043d\u0438\u044f":"1 \u043c\u0438\u043d\u0443\u0442\u0430"},"schema":{"@context":"https:\/\/schema.org","@graph":[{"@type":"WebPage","@id":"https:\/\/baycelik.com.tr\/ru\/%d0%bd%d0%be%d0%b2%d0%be%d1%81%d1%82%d0%b8\/","url":"https:\/\/baycelik.com.tr\/ru\/%d0%bd%d0%be%d0%b2%d0%be%d1%81%d1%82%d0%b8\/","name":"\u041d\u043e\u0432\u043e\u0441\u0442\u0438 - Baycelik","isPartOf":{"@id":"https:\/\/baycelik.com.tr\/#website"},"datePublished":"2022-10-14T17:43:37+00:00","dateModified":"2023-05-10T13:33:44+00:00","breadcrumb":{"@id":"https:\/\/baycelik.com.tr\/ru\/%d0%bd%d0%be%d0%b2%d0%be%d1%81%d1%82%d0%b8\/#breadcrumb"},"inLanguage":"ru-RU","potentialAction":[{"@type":"ReadAction","target":["https:\/\/baycelik.com.tr\/ru\/%d0%bd%d0%be%d0%b2%d0%be%d1%81%d1%82%d0%b8\/"]}]},{"@type":"BreadcrumbList","@id":"https:\/\/baycelik.com.tr\/ru\/%d0%bd%d0%be%d0%b2%d0%be%d1%81%d1%82%d0%b8\/#breadcrumb","itemListElement":[{"@type":"ListItem","position":1,"name":"Anasayfa","item":"https:\/\/baycelik.com.tr\/ru\/"},{"@type":"ListItem","position":2,"name":"\u041d\u043e\u0432\u043e\u0441\u0442\u0438"}]},{"@type":"WebSite","@id":"https:\/\/baycelik.com.tr\/#website","url":"https:\/\/baycelik.com.tr\/","name":"Baycelik","description":"Ay\u00e7ekirde\u011fi ve Tar\u0131m \u00dcr\u00fcnleri","publisher":{"@id":"https:\/\/baycelik.com.tr\/#organization"},"potentialAction":[{"@type":"SearchAction","target":{"@type":"EntryPoint","urlTemplate":"https:\/\/baycelik.com.tr\/?s={search_term_string}"},"query-input":{"@type":"PropertyValueSpecification","valueRequired":true,"valueName":"search_term_string"}}],"inLanguage":"ru-RU"},{"@type":"Organization","@id":"https:\/\/baycelik.com.tr\/#organization","name":"Baycelik","url":"https:\/\/baycelik.com.tr\/","logo":{"@type":"ImageObject","inLanguage":"ru-RU","@id":"https:\/\/baycelik.com.tr\/#\/schema\/logo\/image\/","url":"","contentUrl":"","caption":"Baycelik"},"image":{"@id":"https:\/\/baycelik.com.tr\/#\/schema\/logo\/image\/"}}]}},"_links":{"self":[{"href":"https:\/\/baycelik.com.tr\/ru\/wp-json\/wp\/v2\/pages\/15751","targetHints":{"allow":["GET"]}}],"collection":[{"href":"https:\/\/baycelik.com.tr\/ru\/wp-json\/wp\/v2\/pages"}],"about":[{"href":"https:\/\/baycelik.com.tr\/ru\/wp-json\/wp\/v2\/types\/page"}],"author":[{"embeddable":true,"href":"https:\/\/baycelik.com.tr\/ru\/wp-json\/wp\/v2\/users\/1"}],"replies":[{"embeddable":true,"href":"https:\/\/baycelik.com.tr\/ru\/wp-json\/wp\/v2\/comments?post=15751"}],"version-history":[{"count":2,"href":"https:\/\/baycelik.com.tr\/ru\/wp-json\/wp\/v2\/pages\/15751\/revisions"}],"predecessor-version":[{"id":15980,"href":"https:\/\/baycelik.com.tr\/ru\/wp-json\/wp\/v2\/pages\/15751\/revisions\/15980"}],"wp:attachment":[{"href":"https:\/\/baycelik.com.tr\/ru\/wp-json\/wp\/v2\/media?parent=15751"}],"curies":[{"name":"wp","href":"https:\/\/api.w.org\/{rel}","templated":true}]}}