{"id":15758,"date":"2022-10-14T20:40:01","date_gmt":"2022-10-14T17:40:01","guid":{"rendered":"https:\/\/baycelik.com.tr\/%d1%81%d0%b5%d0%bc%d0%b5%d1%87%d0%ba%d0%b8-%d0%bf%d0%be%d0%b4%d1%81%d0%be%d0%bb%d0%bd%d1%83%d1%85%d0%b0-%d0%bf%d1%80%d0%be%d1%81%d0%b5%d1%8f%d1%82%d1%8c\/"},"modified":"2023-05-30T17:17:16","modified_gmt":"2023-05-30T14:17:16","slug":"%d1%81%d0%b5%d0%bc%d0%b5%d1%87%d0%ba%d0%b8-%d0%bf%d0%be%d0%b4%d1%81%d0%be%d0%bb%d0%bd%d1%83%d1%85%d0%b0-%d0%bf%d1%80%d0%be%d1%81%d0%b5%d1%8f%d1%82%d1%8c","status":"publish","type":"page","link":"https:\/\/baycelik.com.tr\/ru\/%d1%81%d0%b5%d0%bc%d0%b5%d1%87%d0%ba%d0%b8-%d0%bf%d0%be%d0%b4%d1%81%d0%be%d0%bb%d0%bd%d1%83%d1%85%d0%b0-%d0%bf%d1%80%d0%be%d1%81%d0%b5%d1%8f%d1%82%d1%8c\/","title":{"rendered":"\u0421\u0435\u043c\u0435\u0447\u043a\u0438 \u043f\u043e\u0434\u0441\u043e\u043b\u043d\u0443\u0445\u0430 \u043f\u0440\u043e\u0441\u0435\u044f\u0442\u044c"},"content":{"rendered":"<p>[vc_row full_width=&#187;stretch_row&#187; css=&#187;.vc_custom_1582081388323{background-color: #f5f0e9 !important;}&#187;][vc_column]\r\n\t<div class=\"agrikole-spacer clearfix\" data-desktop=\"120\" data-mobi=\"60\" data-smobi=\"60\"><\/div>[vc_row_inner][vc_column_inner width=&#187;1\/2&#8243;][\/vc_column_inner][vc_column_inner width=&#187;1\/2&#8243;]<div class=\"agrikole-simple-image simple \" style=\"border-radius:5px;overflow:hidden;\">\r\n\t\t\t\t<img decoding=\"async\" alt=\"image\" src=\"https:\/\/baycelik.com.tr\/wp-content\/uploads\/2022\/10\/beyaz-elekalti.jpeg\" \/> \r\n\t\t\t<\/div>[\/vc_column_inner][\/vc_row_inner][\/vc_column][\/vc_row][vc_row][vc_column][vc_row_inner][vc_column_inner width=&#187;1\/2&#8243;]<div class=\"agrikole-content-box clearfix \" data-padding=\"110px 120px 120px\" data-mobipadding=\"60px\" data-margin=\"-543px 0px 0px -150px\" data-mobimargin=\"-443px 0px 0px 0px\" >\r\n\t\t<div class=\"inner ctb-296270369\" style=\"\"  data-background=\"#ffffff\" data-rounded=\"5px\" data-border-style=\"solid\" data-shadow=\" 0px 20px 20px 0px rgba(0,0,0,0.05)\" data-border-style-hover=\"solid\">\r\n\t\t\t<div class=\"agrikole-headings clearfix \" data-font=70 data-mfont=60 style=\"\"><div class=\"pre-heading clearfix\" style=\"font-weight:600;color:#5b8c51;font-size:14px;letter-spacing:3px;\">\r\n\t\tBay\u00e7elik\r\n\t<\/div><h2 class=\"heading clearfix \" style=\"line-height:70px;font-size:70px;\">\r\n\t\t\u0412\u0415\u0429\u0415\u0421\u0422\u0412\u041e\r\n\t<\/h2><div class=\"sep clearfix\" style=\"margin:5px 0 0;\">\r\n\t\t\t\t<img decoding=\"async\" alt=\"image\" src=\"https:\/\/baycelik.com.tr\/wp-content\/uploads\/2020\/01\/separator.png\">\r\n\t\t\t<\/div><\/div>\r\n\t<div class=\"agrikole-spacer clearfix\" data-desktop=\"35\" data-mobi=\"35\" data-smobi=\"35\"><\/div>[vc_column_text]<span>\u041d\u0435\u043e\u0431\u0445\u043e\u0434\u0438\u043c\u0430\u044f \u043e\u0431\u0440\u0430\u0431\u043e\u0442\u043a\u0430 \u043f\u0440\u043e\u0438\u0437\u0432\u043e\u0434\u0438\u0442\u0441\u044f \u043f\u0443\u0442\u0435\u043c \u043f\u0440\u043e\u0441\u0435\u0438\u0432\u0430\u043d\u0438\u044f \u0441\u0435\u043c\u044f\u043d \u043f\u043e\u0434\u0441\u043e\u043b\u043d\u0435\u0447\u043d\u0438\u043a\u0430 \u043f\u043e\u0434 \u0441\u0438\u0442\u043e\u043c.<\/span>[\/vc_column_text]\r\n\t<div class=\"agrikole-spacer clearfix\" data-desktop=\"35\" data-mobi=\"35\" data-smobi=\"35\"><\/div>\r\n\t\t<\/div>\r\n\t<\/div>[\/vc_column_inner][\/vc_row_inner][\/vc_column][\/vc_row]<\/p>\n","protected":false},"excerpt":{"rendered":"<p>[vc_row full_width=&#187;stretch_row&#187; css=&#187;.vc_custom_1582081388323{background-color: #f5f0e9 !important;}&#187;][vc_column][vc_row_inner][vc_column_inner width=&#187;1\/2&#8243;][\/vc_column_inner][vc_column_inner width=&#187;1\/2&#8243;][\/vc_column_inner][\/vc_row_inner][\/vc_column][\/vc_row][vc_row][vc_column][vc_row_inner][vc_column_inner width=&#187;1\/2&#8243;][\/vc_column_inner][\/vc_row_inner][\/vc_column][\/vc_row]<\/p>\n","protected":false},"author":1,"featured_media":0,"parent":0,"menu_order":0,"comment_status":"closed","ping_status":"closed","template":"","meta":{"footnotes":""},"class_list":["post-15758","page","type-page","status-publish","hentry"],"yoast_head":"<!-- This site is optimized with the Yoast SEO plugin v26.4 - https:\/\/yoast.com\/wordpress\/plugins\/seo\/ -->\n<title>\u0421\u0435\u043c\u0435\u0447\u043a\u0438 \u043f\u043e\u0434\u0441\u043e\u043b\u043d\u0443\u0445\u0430 \u043f\u0440\u043e\u0441\u0435\u044f\u0442\u044c - Baycelik<\/title>\n<meta name=\"robots\" content=\"index, follow, max-snippet:-1, max-image-preview:large, max-video-preview:-1\" \/>\n<link rel=\"canonical\" href=\"https:\/\/baycelik.com.tr\/ru\/\u0441\u0435\u043c\u0435\u0447\u043a\u0438-\u043f\u043e\u0434\u0441\u043e\u043b\u043d\u0443\u0445\u0430-\u043f\u0440\u043e\u0441\u0435\u044f\u0442\u044c\/\" \/>\n<meta property=\"og:locale\" content=\"ru_RU\" \/>\n<meta property=\"og:type\" content=\"article\" \/>\n<meta property=\"og:title\" content=\"\u0421\u0435\u043c\u0435\u0447\u043a\u0438 \u043f\u043e\u0434\u0441\u043e\u043b\u043d\u0443\u0445\u0430 \u043f\u0440\u043e\u0441\u0435\u044f\u0442\u044c - Baycelik\" \/>\n<meta property=\"og:description\" content=\"[vc_row full_width=&#187;stretch_row&#187; css=&#187;.vc_custom_1582081388323{background-color: #f5f0e9 !important;}&#187;][vc_column][vc_row_inner][vc_column_inner width=&#187;1\/2&#8243;][\/vc_column_inner][vc_column_inner width=&#187;1\/2&#8243;][\/vc_column_inner][\/vc_row_inner][\/vc_column][\/vc_row][vc_row][vc_column][vc_row_inner][vc_column_inner width=&#187;1\/2&#8243;][\/vc_column_inner][\/vc_row_inner][\/vc_column][\/vc_row]\" \/>\n<meta property=\"og:url\" content=\"https:\/\/baycelik.com.tr\/ru\/\u0441\u0435\u043c\u0435\u0447\u043a\u0438-\u043f\u043e\u0434\u0441\u043e\u043b\u043d\u0443\u0445\u0430-\u043f\u0440\u043e\u0441\u0435\u044f\u0442\u044c\/\" \/>\n<meta property=\"og:site_name\" content=\"Baycelik\" \/>\n<meta property=\"article:modified_time\" content=\"2023-05-30T14:17:16+00:00\" \/>\n<meta name=\"twitter:card\" content=\"summary_large_image\" \/>\n<meta name=\"twitter:label1\" content=\"\u041f\u0440\u0438\u043c\u0435\u0440\u043d\u043e\u0435 \u0432\u0440\u0435\u043c\u044f \u0434\u043b\u044f \u0447\u0442\u0435\u043d\u0438\u044f\" \/>\n\t<meta name=\"twitter:data1\" content=\"1 \u043c\u0438\u043d\u0443\u0442\u0430\" \/>\n<script type=\"application\/ld+json\" class=\"yoast-schema-graph\">{\"@context\":\"https:\/\/schema.org\",\"@graph\":[{\"@type\":\"WebPage\",\"@id\":\"https:\/\/baycelik.com.tr\/ru\/%d1%81%d0%b5%d0%bc%d0%b5%d1%87%d0%ba%d0%b8-%d0%bf%d0%be%d0%b4%d1%81%d0%be%d0%bb%d0%bd%d1%83%d1%85%d0%b0-%d0%bf%d1%80%d0%be%d1%81%d0%b5%d1%8f%d1%82%d1%8c\/\",\"url\":\"https:\/\/baycelik.com.tr\/ru\/%d1%81%d0%b5%d0%bc%d0%b5%d1%87%d0%ba%d0%b8-%d0%bf%d0%be%d0%b4%d1%81%d0%be%d0%bb%d0%bd%d1%83%d1%85%d0%b0-%d0%bf%d1%80%d0%be%d1%81%d0%b5%d1%8f%d1%82%d1%8c\/\",\"name\":\"\u0421\u0435\u043c\u0435\u0447\u043a\u0438 \u043f\u043e\u0434\u0441\u043e\u043b\u043d\u0443\u0445\u0430 \u043f\u0440\u043e\u0441\u0435\u044f\u0442\u044c - Baycelik\",\"isPartOf\":{\"@id\":\"https:\/\/baycelik.com.tr\/#website\"},\"datePublished\":\"2022-10-14T17:40:01+00:00\",\"dateModified\":\"2023-05-30T14:17:16+00:00\",\"breadcrumb\":{\"@id\":\"https:\/\/baycelik.com.tr\/ru\/%d1%81%d0%b5%d0%bc%d0%b5%d1%87%d0%ba%d0%b8-%d0%bf%d0%be%d0%b4%d1%81%d0%be%d0%bb%d0%bd%d1%83%d1%85%d0%b0-%d0%bf%d1%80%d0%be%d1%81%d0%b5%d1%8f%d1%82%d1%8c\/#breadcrumb\"},\"inLanguage\":\"ru-RU\",\"potentialAction\":[{\"@type\":\"ReadAction\",\"target\":[\"https:\/\/baycelik.com.tr\/ru\/%d1%81%d0%b5%d0%bc%d0%b5%d1%87%d0%ba%d0%b8-%d0%bf%d0%be%d0%b4%d1%81%d0%be%d0%bb%d0%bd%d1%83%d1%85%d0%b0-%d0%bf%d1%80%d0%be%d1%81%d0%b5%d1%8f%d1%82%d1%8c\/\"]}]},{\"@type\":\"BreadcrumbList\",\"@id\":\"https:\/\/baycelik.com.tr\/ru\/%d1%81%d0%b5%d0%bc%d0%b5%d1%87%d0%ba%d0%b8-%d0%bf%d0%be%d0%b4%d1%81%d0%be%d0%bb%d0%bd%d1%83%d1%85%d0%b0-%d0%bf%d1%80%d0%be%d1%81%d0%b5%d1%8f%d1%82%d1%8c\/#breadcrumb\",\"itemListElement\":[{\"@type\":\"ListItem\",\"position\":1,\"name\":\"Anasayfa\",\"item\":\"https:\/\/baycelik.com.tr\/ru\/\"},{\"@type\":\"ListItem\",\"position\":2,\"name\":\"\u0421\u0435\u043c\u0435\u0447\u043a\u0438 \u043f\u043e\u0434\u0441\u043e\u043b\u043d\u0443\u0445\u0430 \u043f\u0440\u043e\u0441\u0435\u044f\u0442\u044c\"}]},{\"@type\":\"WebSite\",\"@id\":\"https:\/\/baycelik.com.tr\/#website\",\"url\":\"https:\/\/baycelik.com.tr\/\",\"name\":\"Baycelik\",\"description\":\"Ay\u00e7ekirde\u011fi ve Tar\u0131m \u00dcr\u00fcnleri\",\"publisher\":{\"@id\":\"https:\/\/baycelik.com.tr\/#organization\"},\"potentialAction\":[{\"@type\":\"SearchAction\",\"target\":{\"@type\":\"EntryPoint\",\"urlTemplate\":\"https:\/\/baycelik.com.tr\/?s={search_term_string}\"},\"query-input\":{\"@type\":\"PropertyValueSpecification\",\"valueRequired\":true,\"valueName\":\"search_term_string\"}}],\"inLanguage\":\"ru-RU\"},{\"@type\":\"Organization\",\"@id\":\"https:\/\/baycelik.com.tr\/#organization\",\"name\":\"Baycelik\",\"url\":\"https:\/\/baycelik.com.tr\/\",\"logo\":{\"@type\":\"ImageObject\",\"inLanguage\":\"ru-RU\",\"@id\":\"https:\/\/baycelik.com.tr\/#\/schema\/logo\/image\/\",\"url\":\"\",\"contentUrl\":\"\",\"caption\":\"Baycelik\"},\"image\":{\"@id\":\"https:\/\/baycelik.com.tr\/#\/schema\/logo\/image\/\"}}]}<\/script>\n<!-- \/ Yoast SEO plugin. -->","yoast_head_json":{"title":"\u0421\u0435\u043c\u0435\u0447\u043a\u0438 \u043f\u043e\u0434\u0441\u043e\u043b\u043d\u0443\u0445\u0430 \u043f\u0440\u043e\u0441\u0435\u044f\u0442\u044c - Baycelik","robots":{"index":"index","follow":"follow","max-snippet":"max-snippet:-1","max-image-preview":"max-image-preview:large","max-video-preview":"max-video-preview:-1"},"canonical":"https:\/\/baycelik.com.tr\/ru\/\u0441\u0435\u043c\u0435\u0447\u043a\u0438-\u043f\u043e\u0434\u0441\u043e\u043b\u043d\u0443\u0445\u0430-\u043f\u0440\u043e\u0441\u0435\u044f\u0442\u044c\/","og_locale":"ru_RU","og_type":"article","og_title":"\u0421\u0435\u043c\u0435\u0447\u043a\u0438 \u043f\u043e\u0434\u0441\u043e\u043b\u043d\u0443\u0445\u0430 \u043f\u0440\u043e\u0441\u0435\u044f\u0442\u044c - Baycelik","og_description":"[vc_row full_width=&#187;stretch_row&#187; css=&#187;.vc_custom_1582081388323{background-color: #f5f0e9 !important;}&#187;][vc_column][vc_row_inner][vc_column_inner width=&#187;1\/2&#8243;][\/vc_column_inner][vc_column_inner width=&#187;1\/2&#8243;][\/vc_column_inner][\/vc_row_inner][\/vc_column][\/vc_row][vc_row][vc_column][vc_row_inner][vc_column_inner width=&#187;1\/2&#8243;][\/vc_column_inner][\/vc_row_inner][\/vc_column][\/vc_row]","og_url":"https:\/\/baycelik.com.tr\/ru\/\u0441\u0435\u043c\u0435\u0447\u043a\u0438-\u043f\u043e\u0434\u0441\u043e\u043b\u043d\u0443\u0445\u0430-\u043f\u0440\u043e\u0441\u0435\u044f\u0442\u044c\/","og_site_name":"Baycelik","article_modified_time":"2023-05-30T14:17:16+00:00","twitter_card":"summary_large_image","twitter_misc":{"\u041f\u0440\u0438\u043c\u0435\u0440\u043d\u043e\u0435 \u0432\u0440\u0435\u043c\u044f \u0434\u043b\u044f \u0447\u0442\u0435\u043d\u0438\u044f":"1 \u043c\u0438\u043d\u0443\u0442\u0430"},"schema":{"@context":"https:\/\/schema.org","@graph":[{"@type":"WebPage","@id":"https:\/\/baycelik.com.tr\/ru\/%d1%81%d0%b5%d0%bc%d0%b5%d1%87%d0%ba%d0%b8-%d0%bf%d0%be%d0%b4%d1%81%d0%be%d0%bb%d0%bd%d1%83%d1%85%d0%b0-%d0%bf%d1%80%d0%be%d1%81%d0%b5%d1%8f%d1%82%d1%8c\/","url":"https:\/\/baycelik.com.tr\/ru\/%d1%81%d0%b5%d0%bc%d0%b5%d1%87%d0%ba%d0%b8-%d0%bf%d0%be%d0%b4%d1%81%d0%be%d0%bb%d0%bd%d1%83%d1%85%d0%b0-%d0%bf%d1%80%d0%be%d1%81%d0%b5%d1%8f%d1%82%d1%8c\/","name":"\u0421\u0435\u043c\u0435\u0447\u043a\u0438 \u043f\u043e\u0434\u0441\u043e\u043b\u043d\u0443\u0445\u0430 \u043f\u0440\u043e\u0441\u0435\u044f\u0442\u044c - Baycelik","isPartOf":{"@id":"https:\/\/baycelik.com.tr\/#website"},"datePublished":"2022-10-14T17:40:01+00:00","dateModified":"2023-05-30T14:17:16+00:00","breadcrumb":{"@id":"https:\/\/baycelik.com.tr\/ru\/%d1%81%d0%b5%d0%bc%d0%b5%d1%87%d0%ba%d0%b8-%d0%bf%d0%be%d0%b4%d1%81%d0%be%d0%bb%d0%bd%d1%83%d1%85%d0%b0-%d0%bf%d1%80%d0%be%d1%81%d0%b5%d1%8f%d1%82%d1%8c\/#breadcrumb"},"inLanguage":"ru-RU","potentialAction":[{"@type":"ReadAction","target":["https:\/\/baycelik.com.tr\/ru\/%d1%81%d0%b5%d0%bc%d0%b5%d1%87%d0%ba%d0%b8-%d0%bf%d0%be%d0%b4%d1%81%d0%be%d0%bb%d0%bd%d1%83%d1%85%d0%b0-%d0%bf%d1%80%d0%be%d1%81%d0%b5%d1%8f%d1%82%d1%8c\/"]}]},{"@type":"BreadcrumbList","@id":"https:\/\/baycelik.com.tr\/ru\/%d1%81%d0%b5%d0%bc%d0%b5%d1%87%d0%ba%d0%b8-%d0%bf%d0%be%d0%b4%d1%81%d0%be%d0%bb%d0%bd%d1%83%d1%85%d0%b0-%d0%bf%d1%80%d0%be%d1%81%d0%b5%d1%8f%d1%82%d1%8c\/#breadcrumb","itemListElement":[{"@type":"ListItem","position":1,"name":"Anasayfa","item":"https:\/\/baycelik.com.tr\/ru\/"},{"@type":"ListItem","position":2,"name":"\u0421\u0435\u043c\u0435\u0447\u043a\u0438 \u043f\u043e\u0434\u0441\u043e\u043b\u043d\u0443\u0445\u0430 \u043f\u0440\u043e\u0441\u0435\u044f\u0442\u044c"}]},{"@type":"WebSite","@id":"https:\/\/baycelik.com.tr\/#website","url":"https:\/\/baycelik.com.tr\/","name":"Baycelik","description":"Ay\u00e7ekirde\u011fi ve Tar\u0131m \u00dcr\u00fcnleri","publisher":{"@id":"https:\/\/baycelik.com.tr\/#organization"},"potentialAction":[{"@type":"SearchAction","target":{"@type":"EntryPoint","urlTemplate":"https:\/\/baycelik.com.tr\/?s={search_term_string}"},"query-input":{"@type":"PropertyValueSpecification","valueRequired":true,"valueName":"search_term_string"}}],"inLanguage":"ru-RU"},{"@type":"Organization","@id":"https:\/\/baycelik.com.tr\/#organization","name":"Baycelik","url":"https:\/\/baycelik.com.tr\/","logo":{"@type":"ImageObject","inLanguage":"ru-RU","@id":"https:\/\/baycelik.com.tr\/#\/schema\/logo\/image\/","url":"","contentUrl":"","caption":"Baycelik"},"image":{"@id":"https:\/\/baycelik.com.tr\/#\/schema\/logo\/image\/"}}]}},"_links":{"self":[{"href":"https:\/\/baycelik.com.tr\/ru\/wp-json\/wp\/v2\/pages\/15758","targetHints":{"allow":["GET"]}}],"collection":[{"href":"https:\/\/baycelik.com.tr\/ru\/wp-json\/wp\/v2\/pages"}],"about":[{"href":"https:\/\/baycelik.com.tr\/ru\/wp-json\/wp\/v2\/types\/page"}],"author":[{"embeddable":true,"href":"https:\/\/baycelik.com.tr\/ru\/wp-json\/wp\/v2\/users\/1"}],"replies":[{"embeddable":true,"href":"https:\/\/baycelik.com.tr\/ru\/wp-json\/wp\/v2\/comments?post=15758"}],"version-history":[{"count":2,"href":"https:\/\/baycelik.com.tr\/ru\/wp-json\/wp\/v2\/pages\/15758\/revisions"}],"predecessor-version":[{"id":15760,"href":"https:\/\/baycelik.com.tr\/ru\/wp-json\/wp\/v2\/pages\/15758\/revisions\/15760"}],"wp:attachment":[{"href":"https:\/\/baycelik.com.tr\/ru\/wp-json\/wp\/v2\/media?parent=15758"}],"curies":[{"name":"wp","href":"https:\/\/api.w.org\/{rel}","templated":true}]}}